{"id":34757,"date":"2023-05-03T16:28:27","date_gmt":"2023-05-03T20:28:27","guid":{"rendered":"https:\/\/decepenlinea.uprm.edu\/?post_type=product&#038;p=34757"},"modified":"2023-09-01T10:16:43","modified_gmt":"2023-09-01T14:16:43","slug":"certificacion-profesional-de-especializacion-en-liderazgo-de-la-innovacion-y-creatividad-plan-de-pago-diego-zaragoza-padilla","status":"publish","type":"product","link":"https:\/\/decepenlinea.uprm.edu\/index.php\/product\/certificacion-profesional-de-especializacion-en-liderazgo-de-la-innovacion-y-creatividad-plan-de-pago-diego-zaragoza-padilla\/","title":{"rendered":"Certificaci\u00f3n Profesional de Especializaci\u00f3n en Liderazgo de la Innovaci\u00f3n y Creatividad (Plan de pago Diego Zaragoza Padilla)"},"content":{"rendered":"<p><span class=\"mark4feroayhb\" data-markjs=\"true\" data-ogac=\"\" data-ogab=\"\" data-ogsc=\"\" data-ogsb=\"\">La<\/span>\u00a0concepci\u00f3n,\u00a0<span class=\"markayv7votg3\" data-markjs=\"true\" data-ogac=\"\" data-ogab=\"\" data-ogsc=\"\" data-ogsb=\"\">de<\/span>sarrollo\u00a0<span class=\"markzsfkkexp0\" data-markjs=\"true\" data-ogac=\"\" data-ogab=\"\" data-ogsc=\"\" data-ogsb=\"\">y<\/span>\u00a0creaci\u00f3n\u00a0<span class=\"markayv7votg3\" data-markjs=\"true\" data-ogac=\"\" data-ogab=\"\" data-ogsc=\"\" data-ogsb=\"\">de<\/span>\u00a0nuevos productos, servicios\u00a0<span class=\"markzsfkkexp0\" data-markjs=\"true\" data-ogac=\"\" data-ogab=\"\" data-ogsc=\"\" data-ogsb=\"\">y<\/span>\u00a0procesos requiere\u00a0<span class=\"markayv7votg3\" data-markjs=\"true\" data-ogac=\"\" data-ogab=\"\" data-ogsc=\"\" data-ogsb=\"\">de<\/span>\u00a0l\u00ed<span class=\"markayv7votg3\" data-markjs=\"true\" data-ogac=\"\" data-ogab=\"\" data-ogsc=\"\" data-ogsb=\"\">de<\/span>res con conocimientos, competencias\u00a0<span class=\"markzsfkkexp0\" data-markjs=\"true\" data-ogac=\"\" data-ogab=\"\" data-ogsc=\"\" data-ogsb=\"\">y<\/span>\u00a0<span class=\"markayv7votg3\" data-markjs=\"true\" data-ogac=\"\" data-ogab=\"\" data-ogsc=\"\" data-ogsb=\"\">de<\/span>strezas particulares. As\u00ed mismo, liderar cambios <span class=\"markzdwoeci0m\" data-markjs=\"true\" data-ogac=\"\" data-ogab=\"\" data-ogsc=\"\" data-ogsb=\"\">en<\/span>\u00a0los negocios, empresas, compa\u00f1\u00edas, industrias, agencias\u00a0<span class=\"markzsfkkexp0\" data-markjs=\"true\" data-ogac=\"\" data-ogab=\"\" data-ogsc=\"\" data-ogsb=\"\">y<\/span>\u00a0hasta\u00a0<span class=\"markzdwoeci0m\" data-markjs=\"true\" data-ogac=\"\" data-ogab=\"\" data-ogsc=\"\" data-ogsb=\"\">en<\/span>\u00a0los procesos educativos, a\u00fan m\u00e1s cuando estos son profundos, radicales e innovadores.\u00a0<span class=\"mark4feroayhb\" data-markjs=\"true\" data-ogac=\"\" data-ogab=\"\" data-ogsc=\"\" data-ogsb=\"\">La<\/span>s personas que poseen o alcanzan a tener\u00a0<span class=\"mark4feroayhb\" data-markjs=\"true\" data-ogac=\"\" data-ogab=\"\" data-ogsc=\"\" data-ogsb=\"\">la<\/span>s caracter\u00edsticas\u00a0<span class=\"markzsfkkexp0\" data-markjs=\"true\" data-ogac=\"\" data-ogab=\"\" data-ogsc=\"\" data-ogsb=\"\">y<\/span>\u00a0comportamientos necesarios para liderar\u00a0<span class=\"mark4feroayhb\" data-markjs=\"true\" data-ogac=\"\" data-ogab=\"\" data-ogsc=\"\" data-ogsb=\"\">la<\/span>\u00a0innovaci\u00f3n\u00a0<span class=\"markzsfkkexp0\" data-markjs=\"true\" data-ogac=\"\" data-ogab=\"\" data-ogsc=\"\" data-ogsb=\"\">y<\/span>\u00a0los procesos creativos son altamente escasos\u00a0<span class=\"markzsfkkexp0\" data-markjs=\"true\" data-ogac=\"\" data-ogab=\"\" data-ogsc=\"\" data-ogsb=\"\">y<\/span>\u00a0a\u00a0<span class=\"mark4feroayhb\" data-markjs=\"true\" data-ogac=\"\" data-ogab=\"\" data-ogsc=\"\" data-ogsb=\"\">la<\/span>\u00a0vez valorados por los empleadores, principalmente por que\u00a0<span class=\"mark4feroayhb\" data-markjs=\"true\" data-ogac=\"\" data-ogab=\"\" data-ogsc=\"\" data-ogsb=\"\">la<\/span>s personas con estas caracter\u00edsticas\u00a0<span class=\"markzsfkkexp0\" data-markjs=\"true\" data-ogac=\"\" data-ogab=\"\" data-ogsc=\"\" data-ogsb=\"\">y<\/span>\u00a0habilidades crean sus propias fuentes\u00a0<span class=\"markayv7votg3\" data-markjs=\"true\" data-ogac=\"\" data-ogab=\"\" data-ogsc=\"\" data-ogsb=\"\">de<\/span>\u00a0ingresos.<\/p>\n<p>Estos conocimientos, competencias\u00a0<span class=\"markzsfkkexp0\" data-markjs=\"true\" data-ogac=\"\" data-ogab=\"\" data-ogsc=\"\" data-ogsb=\"\">y<\/span>\u00a0<span class=\"markayv7votg3\" data-markjs=\"true\" data-ogac=\"\" data-ogab=\"\" data-ogsc=\"\" data-ogsb=\"\">de<\/span>strezas pueden ser aprendidos. Luego\u00a0<span class=\"markayv7votg3\" data-markjs=\"true\" data-ogac=\"\" data-ogab=\"\" data-ogsc=\"\" data-ogsb=\"\">de<\/span>\u00a0a\u00f1os\u00a0<span class=\"markayv7votg3\" data-markjs=\"true\" data-ogac=\"\" data-ogab=\"\" data-ogsc=\"\" data-ogsb=\"\">de<\/span>\u00a0estudio\u00a0<span class=\"markzsfkkexp0\" data-markjs=\"true\" data-ogac=\"\" data-ogab=\"\" data-ogsc=\"\" data-ogsb=\"\">y<\/span>\u00a0<span class=\"markayv7votg3\" data-markjs=\"true\" data-ogac=\"\" data-ogab=\"\" data-ogsc=\"\" data-ogsb=\"\">de<\/span>sarrollo hemos dise\u00f1ado esta Certificaci\u00f3n\u00a0<span class=\"markwzxavr4d7\" data-markjs=\"true\" data-ogac=\"\" data-ogab=\"\" data-ogsc=\"\" data-ogsb=\"\">Profesional<\/span>\u00a0<span class=\"markayv7votg3\" data-markjs=\"true\" data-ogac=\"\" data-ogab=\"\" data-ogsc=\"\" data-ogsb=\"\">de<\/span>\u00a0educaci\u00f3n continuada par\u00a0<span class=\"markayv7votg3\" data-markjs=\"true\" data-ogac=\"\" data-ogab=\"\" data-ogsc=\"\" data-ogsb=\"\">de<\/span>sarrollar\u00a0<span class=\"markzdwoeci0m\" data-markjs=\"true\" data-ogac=\"\" data-ogab=\"\" data-ogsc=\"\" data-ogsb=\"\">en<\/span>\u00a0ti lo que necesita un l\u00ed<span class=\"markayv7votg3\" data-markjs=\"true\" data-ogac=\"\" data-ogab=\"\" data-ogsc=\"\" data-ogsb=\"\">de<\/span>r para guiar procesos\u00a0<span class=\"markayv7votg3\" data-markjs=\"true\" data-ogac=\"\" data-ogab=\"\" data-ogsc=\"\" data-ogsb=\"\">de<\/span>\u00a0innovaci\u00f3n\u00a0<span class=\"markzsfkkexp0\" data-markjs=\"true\" data-ogac=\"\" data-ogab=\"\" data-ogsc=\"\" data-ogsb=\"\">y<\/span>\u00a0crear un ambiente\u00a0<span class=\"markayv7votg3\" data-markjs=\"true\" data-ogac=\"\" data-ogab=\"\" data-ogsc=\"\" data-ogsb=\"\">de<\/span>\u00a0trabajo colaborativo que permita\u00a0<span class=\"mark4feroayhb\" data-markjs=\"true\" data-ogac=\"\" data-ogab=\"\" data-ogsc=\"\" data-ogsb=\"\">la<\/span>\u00a0<span class=\"markck9p66y21\" data-markjs=\"true\" data-ogac=\"\" data-ogab=\"\" data-ogsc=\"\" data-ogsb=\"\">creatividad<\/span>.<\/p>\n<p><span class=\"markayv7votg3\" data-markjs=\"true\" data-ogac=\"\" data-ogab=\"\" data-ogsc=\"\" data-ogsb=\"\">De<\/span>sde\u00a0<span class=\"markayv7votg3\" data-markjs=\"true\" data-ogac=\"\" data-ogab=\"\" data-ogsc=\"\" data-ogsb=\"\">de<\/span>strezas\u00a0<span class=\"markayv7votg3\" data-markjs=\"true\" data-ogac=\"\" data-ogab=\"\" data-ogsc=\"\" data-ogsb=\"\">de<\/span>\u00a0comunicaci\u00f3n efectiva, motivaci\u00f3n, soluci\u00f3n\u00a0<span class=\"markayv7votg3\" data-markjs=\"true\" data-ogac=\"\" data-ogab=\"\" data-ogsc=\"\" data-ogsb=\"\">de<\/span>\u00a0problemas\u00a0<span class=\"markayv7votg3\" data-markjs=\"true\" data-ogac=\"\" data-ogab=\"\" data-ogsc=\"\" data-ogsb=\"\">de<\/span>\u00a0forma creativa, mentalidad\u00a0<span class=\"markayv7votg3\" data-markjs=\"true\" data-ogac=\"\" data-ogab=\"\" data-ogsc=\"\" data-ogsb=\"\">de<\/span>\u00a0crecimiento, manejo\u00a0<span class=\"markayv7votg3\" data-markjs=\"true\" data-ogac=\"\" data-ogab=\"\" data-ogsc=\"\" data-ogsb=\"\">de<\/span>\u00a0conflictos, procesos\u00a0<span class=\"markayv7votg3\" data-markjs=\"true\" data-ogac=\"\" data-ogab=\"\" data-ogsc=\"\" data-ogsb=\"\">de<\/span>\u00a0mentor\u00eda,\u00a0<span class=\"markayv7votg3\" data-markjs=\"true\" data-ogac=\"\" data-ogab=\"\" data-ogsc=\"\" data-ogsb=\"\">de<\/span>sarrollo\u00a0<span class=\"markayv7votg3\" data-markjs=\"true\" data-ogac=\"\" data-ogab=\"\" data-ogsc=\"\" data-ogsb=\"\">de<\/span>\u00a0objetivos alcanzables\u00a0<span class=\"markzsfkkexp0\" data-markjs=\"true\" data-ogac=\"\" data-ogab=\"\" data-ogsc=\"\" data-ogsb=\"\">y<\/span>\u00a0medibles,\u00a0<span class=\"markayv7votg3\" data-markjs=\"true\" data-ogac=\"\" data-ogab=\"\" data-ogsc=\"\" data-ogsb=\"\">de<\/span>strezas\u00a0<span class=\"markzdwoeci0m\" data-markjs=\"true\" data-ogac=\"\" data-ogab=\"\" data-ogsc=\"\" data-ogsb=\"\">en<\/span>\u00a0manejo\u00a0<span class=\"markayv7votg3\" data-markjs=\"true\" data-ogac=\"\" data-ogab=\"\" data-ogsc=\"\" data-ogsb=\"\">de<\/span>\u00a0proyectos, estrategias para motivar\u00a0<span class=\"mark4feroayhb\" data-markjs=\"true\" data-ogac=\"\" data-ogab=\"\" data-ogsc=\"\" data-ogsb=\"\">la<\/span>\u00a0<span class=\"markck9p66y21\" data-markjs=\"true\" data-ogac=\"\" data-ogab=\"\" data-ogsc=\"\" data-ogsb=\"\">creatividad<\/span>\u00a0<span class=\"markzsfkkexp0\" data-markjs=\"true\" data-ogac=\"\" data-ogab=\"\" data-ogsc=\"\" data-ogsb=\"\">y<\/span>\u00a0para mantenerse\u00a0<span class=\"markzdwoeci0m\" data-markjs=\"true\" data-ogac=\"\" data-ogab=\"\" data-ogsc=\"\" data-ogsb=\"\">en<\/span>focados, son algunos\u00a0<span class=\"markayv7votg3\" data-markjs=\"true\" data-ogac=\"\" data-ogab=\"\" data-ogsc=\"\" data-ogsb=\"\">de<\/span>\u00a0los temas que te ofrece esta certificaci\u00f3n con un\u00a0<span class=\"markzdwoeci0m\" data-markjs=\"true\" data-ogac=\"\" data-ogab=\"\" data-ogsc=\"\" data-ogsb=\"\">en<\/span>foque que te permitir\u00e1 poner\u00a0<span class=\"markzdwoeci0m\" data-markjs=\"true\" data-ogac=\"\" data-ogab=\"\" data-ogsc=\"\" data-ogsb=\"\">en<\/span>\u00a0pr\u00e1ctica lo aprendido\u00a0<span class=\"markayv7votg3\" data-markjs=\"true\" data-ogac=\"\" data-ogab=\"\" data-ogsc=\"\" data-ogsb=\"\">de<\/span>\u00a0manera inmediata.<\/p>\n<p>Estas certificaci\u00f3n fue dise\u00f1ada con\u00a0<span class=\"mark4feroayhb\" data-markjs=\"true\" data-ogac=\"\" data-ogab=\"\" data-ogsc=\"\" data-ogsb=\"\">la<\/span>s estructura m\u00e1s flexible posible manteniendo su efectividad.<\/p>\n<p>Esta certificaci\u00f3n requiere que el participante pase por el proceso riguroso de certificarse en los siguientes cursos:\u00a0 *cursos no tienen pre requisito uno del otro y pueden tomarse en cualquier orden*<\/p>\n<ol>\n<li><a href=\"https:\/\/decepenlinea.uprm.edu\/index.php\/product\/redaccion-de-objetivos-inteligentes-smart-4\/\">Redacci\u00f3n\u00a0<span class=\"mark4mktfr2fn\" data-markjs=\"true\" data-ogac=\"\" data-ogab=\"\" data-ogsc=\"\" data-ogsb=\"\">de<\/span> Objetivos Inteligentes (SMART)<\/a>&#8211; Instructor: CREAD\/ Acceso al curso de forma inmediata luego de realizar su reservaci\u00f3n y hasta el 20 de julio de 2023 \/ curso autodirigido de 5 horas contacto.<\/li>\n<li><a href=\"https:\/\/decepenlinea.uprm.edu\/index.php\/product\/transformando-el-coaching-con-el-modelo-grow-4\/\">Transformando el coaching con el modelo Grow<\/a>&#8211; Instructor: CREAD\/ Acceso al curso de forma inmediata luego de realizar su reservaci\u00f3n y hasta el 20 de julio de 2023 \/ curso autodirigido de 7 horas contacto.<\/li>\n<li><a href=\"https:\/\/decepenlinea.uprm.edu\/index.php\/product\/planeacion-estrategica-analisis-foda-5\/\">Planeaci\u00f3n estrat\u00e9gica: An\u00e1lisis FODA<\/a>&#8211; Instructor: CREAD\/ Acceso al curso de forma inmediata luego de realizar su reservaci\u00f3n y hasta el 220 de julio de 2023\/ curso autodirigido de 5 horas contacto.<\/li>\n<li><a href=\"https:\/\/decepenlinea.uprm.edu\/index.php\/product\/ser-mas-creativo-8\/\">Ser m\u00e1s creativo-<\/a> Instructor: CREAD\/ Acceso al curso de forma inmediata luego de realizar su reservaci\u00f3n y hasta el 20 de julio de 2023 \/ curso autodirigido de 8 horas contacto.<\/li>\n<li><a href=\"https:\/\/decepenlinea.uprm.edu\/index.php\/product\/programado-para-el-manejo-de-proyectos-8\/\">Programado para Manejo\u00a0<span class=\"mark4mktfr2fn\" data-markjs=\"true\" data-ogac=\"\" data-ogab=\"\" data-ogsc=\"\" data-ogsb=\"\">de<\/span> Proyectos<\/a>&#8211; Instructor: CREAD\/ Acceso al curso de forma inmediata luego de realizar su reservaci\u00f3n y hasta el 20 de julio de 2023 \/ curso autodirigido de 4 horas contacto.<\/li>\n<li><a href=\"https:\/\/decepenlinea.uprm.edu\/index.php\/product\/pensamiento-de-diseno-design-thinking-8\/\">Pensamiento\u00a0<span class=\"mark4mktfr2fn\" data-markjs=\"true\" data-ogac=\"\" data-ogab=\"\" data-ogsc=\"\" data-ogsb=\"\">de<\/span>\u00a0Dise\u00f1o (<span class=\"mark4mktfr2fn\" data-markjs=\"true\" data-ogac=\"\" data-ogab=\"\" data-ogsc=\"\" data-ogsb=\"\">De<\/span>sing Thinking)<\/a>&#8211; Instructor: CREAD\/ Acceso al curso de forma inmediata luego de realizar su reservaci\u00f3n y hasta el 20 de julio de 2023 \/ curso autodirigido de 8 horas contacto.<\/li>\n<li><a href=\"https:\/\/decepenlinea.uprm.edu\/index.php\/product\/el-arte-de-hablar-en-publico-8\/\">El Arte\u00a0<span class=\"mark4mktfr2fn\" data-markjs=\"true\" data-ogac=\"\" data-ogab=\"\" data-ogsc=\"\" data-ogsb=\"\">de<\/span>\u00a0Hablar\u00a0<span class=\"marktc8xczb5d\" data-markjs=\"true\" data-ogac=\"\" data-ogab=\"\" data-ogsc=\"\" data-ogsb=\"\">en<\/span> P\u00fablico<\/a>&#8211; Instructor: CREAD\/ Acceso al curso de forma inmediata luego de realizar su reservaci\u00f3n y hasta el 20 de julio de 2023 \/ curso autodirigido de 20 horas contacto.<\/li>\n<li><a href=\"https:\/\/decepenlinea.uprm.edu\/index.php\/product\/certificacion-en-supervision-efectiva-5\/\">Supervisi\u00f3n Efectiva<\/a>&#8211; Instructor: Dr. Jos\u00e9 R. Ferrer \/ Curso comienza en el segundo semestre 2023-2024 \/ curso moderado de 30 horas contacto.<\/li>\n<\/ol>\n<p>La certificaci\u00f3n tiene un curso moderado, en modalidad asincr\u00f3nica y 7 cursos autodirigidos, en modalidad asincr\u00f3nica. Se utiliza una estructura que facilita la participaci\u00f3n del estudiante. Las t\u00e9cnicas incluyen video aprendizaje, micro aprendizaje, aprendizaje social y aprendizaje m\u00f3vil. Las estrategias para facilitar todos los cursos son los 7 principios de la ense\u00f1anza efectiva, la ense\u00f1anza constructivista, la ense\u00f1anza basada en problemas y la ense\u00f1anza diferenciada.<\/p>\n<p>En conjunto, el participante culmina el proceso con 8 cursos certificados y una certificaci\u00f3n de especialidad (9 certificados en total) con la equivalencia de 87 horas de capacitaci\u00f3n en el tema.<\/p>\n<p>Se ofrece un certificado por cada curso completado con la puntuaci\u00f3n m\u00ednima de ejecuci\u00f3n.<\/p>\n<p>En esta \u00e1rea estar\u00eda pagando por los 8 cursos en bloque. Para una descripci\u00f3n m\u00e1s detallada de cada curso puede visitar cada producto de manera individual.<\/p>\n<p>Una vez pases por el proceso de pago tendr\u00e1s acceso de inmediato al Sistema de Gerencia de Aprendizaje de la clase, pero no tendr\u00e1s acceso al contenido hasta la fecha de comienzo de cada curso.<\/p>\n<p><strong>*El certificado del curso se enviar\u00e1 digital por correo electr\u00f3nico.<\/strong><\/p>\n","protected":false},"excerpt":{"rendered":"<p><b>Horas Contacto:<\/b> 87<\/p>\n<p>Primer plazo de pago- $250.00 -3.mayo.2023-#recibo: 34758<\/p>\n<p>Segundo plazo de pago- $250.00-24.mayo.2023 (19.julio.2023)-#recibo: 37396<\/p>\n<p>Tercer plazo de pago- $250.00-18.agosto.2023-#recibo: 38891<\/p>\n","protected":false},"featured_media":0,"comment_status":"closed","ping_status":"closed","template":"","meta":{"_links_to":"","_links_to_target":""},"product_brand":[],"product_cat":[17],"product_tag":[],"class_list":{"0":"post-34757","1":"product","2":"type-product","3":"status-publish","5":"product_cat-uncategorized","7":"first","8":"outofstock","9":"sold-individually","10":"shipping-taxable","11":"purchasable","12":"product-type-simple"},"_links":{"self":[{"href":"https:\/\/decepenlinea.uprm.edu\/index.php\/wp-json\/wp\/v2\/product\/34757","targetHints":{"allow":["GET"]}}],"collection":[{"href":"https:\/\/decepenlinea.uprm.edu\/index.php\/wp-json\/wp\/v2\/product"}],"about":[{"href":"https:\/\/decepenlinea.uprm.edu\/index.php\/wp-json\/wp\/v2\/types\/product"}],"replies":[{"embeddable":true,"href":"https:\/\/decepenlinea.uprm.edu\/index.php\/wp-json\/wp\/v2\/comments?post=34757"}],"wp:attachment":[{"href":"https:\/\/decepenlinea.uprm.edu\/index.php\/wp-json\/wp\/v2\/media?parent=34757"}],"wp:term":[{"taxonomy":"product_brand","embeddable":true,"href":"https:\/\/decepenlinea.uprm.edu\/index.php\/wp-json\/wp\/v2\/product_brand?post=34757"},{"taxonomy":"product_cat","embeddable":true,"href":"https:\/\/decepenlinea.uprm.edu\/index.php\/wp-json\/wp\/v2\/product_cat?post=34757"},{"taxonomy":"product_tag","embeddable":true,"href":"https:\/\/decepenlinea.uprm.edu\/index.php\/wp-json\/wp\/v2\/product_tag?post=34757"}],"curies":[{"name":"wp","href":"https:\/\/api.w.org\/{rel}","templated":true}]}}