{"id":33132,"date":"2023-01-31T16:42:05","date_gmt":"2023-01-31T20:42:05","guid":{"rendered":"https:\/\/decepenlinea.uprm.edu\/?post_type=product&#038;p=33132"},"modified":"2023-02-02T13:43:34","modified_gmt":"2023-02-02T17:43:34","slug":"comision-de-matriculados-repaso-para-la-matematica-em-2-mayo-2022-al-19-enero-2023","status":"publish","type":"product","link":"https:\/\/decepenlinea.uprm.edu\/index.php\/product\/comision-de-matriculados-repaso-para-la-matematica-em-2-mayo-2022-al-19-enero-2023\/","title":{"rendered":"Comisi\u00f3n de matriculados Repaso para la Matem\u00e1tica (EM) (2.mayo.2022 al 19.enero.2023)"},"content":{"rendered":"<p>Enlace generado para el pago de la comisi\u00f3n establecida (25%) por participante matriculado en los Repasos de Matem\u00e1tica tomados a trav\u00e9s de Enriched Minds.<\/p>\n<p>Participantes matriculados desde el 2 de mayo de 2022 al 19 de enero de 2023. Total de<br \/>\n10 matriculados.<\/p>\n<p>$65.00 X 10 = $650.00 X 25% = $162.50<\/p>\n","protected":false},"excerpt":{"rendered":"<p>Cantidad de participantes- 10<br \/>\n25% = $162.50<\/p>\n","protected":false},"featured_media":3745,"comment_status":"closed","ping_status":"closed","template":"","meta":{"_links_to":"","_links_to_target":""},"product_brand":[],"product_cat":[254],"product_tag":[],"class_list":{"0":"post-33132","1":"product","2":"type-product","3":"status-publish","4":"has-post-thumbnail","6":"product_cat-upr-mayaguez","8":"first","9":"outofstock","10":"shipping-taxable","11":"purchasable","12":"product-type-simple"},"_links":{"self":[{"href":"https:\/\/decepenlinea.uprm.edu\/index.php\/wp-json\/wp\/v2\/product\/33132","targetHints":{"allow":["GET"]}}],"collection":[{"href":"https:\/\/decepenlinea.uprm.edu\/index.php\/wp-json\/wp\/v2\/product"}],"about":[{"href":"https:\/\/decepenlinea.uprm.edu\/index.php\/wp-json\/wp\/v2\/types\/product"}],"replies":[{"embeddable":true,"href":"https:\/\/decepenlinea.uprm.edu\/index.php\/wp-json\/wp\/v2\/comments?post=33132"}],"wp:featuredmedia":[{"embeddable":true,"href":"https:\/\/decepenlinea.uprm.edu\/index.php\/wp-json\/wp\/v2\/media\/3745"}],"wp:attachment":[{"href":"https:\/\/decepenlinea.uprm.edu\/index.php\/wp-json\/wp\/v2\/media?parent=33132"}],"wp:term":[{"taxonomy":"product_brand","embeddable":true,"href":"https:\/\/decepenlinea.uprm.edu\/index.php\/wp-json\/wp\/v2\/product_brand?post=33132"},{"taxonomy":"product_cat","embeddable":true,"href":"https:\/\/decepenlinea.uprm.edu\/index.php\/wp-json\/wp\/v2\/product_cat?post=33132"},{"taxonomy":"product_tag","embeddable":true,"href":"https:\/\/decepenlinea.uprm.edu\/index.php\/wp-json\/wp\/v2\/product_tag?post=33132"}],"curies":[{"name":"wp","href":"https:\/\/api.w.org\/{rel}","templated":true}]}}