{"id":32008,"date":"2022-10-31T09:13:49","date_gmt":"2022-10-31T13:13:49","guid":{"rendered":"https:\/\/decepenlinea.uprm.edu\/?post_type=product&#038;p=32008"},"modified":"2022-11-22T13:13:48","modified_gmt":"2022-11-22T17:13:48","slug":"creacion-de-cursos-en-linea-con-un-modelo-orientado-al-cerebro-plan-de-pago-adriana-aquino-santiago","status":"publish","type":"product","link":"https:\/\/decepenlinea.uprm.edu\/index.php\/product\/creacion-de-cursos-en-linea-con-un-modelo-orientado-al-cerebro-plan-de-pago-adriana-aquino-santiago\/","title":{"rendered":"Creaci\u00f3n de Cursos en L\u00ednea con un Modelo Orientado al Cerebro (Plan de Pago Adriana Aquino Santiago)"},"content":{"rendered":"<p dir=\"ltr\" style=\"text-align: left;\">Creaci\u00f3n, desarrollo y administraci\u00f3n de un curso en l\u00ednea tomando en consideraci\u00f3n los m\u00e1s recientes hallazgos en neurociencias de c\u00f3mo aprende el cerebro. Se discute el efecto de las emociones, el dise\u00f1o del curso, la organizaci\u00f3n, la est\u00e9tica, la comunicaci\u00f3n y la evaluaci\u00f3n, entre otros en el aprendizaje. Se espera que los participantes planifiquen y defiendan varios elementos de un curso en l\u00ednea, haciendo uso de lo aprendido en la clase, incluyendo el contenido de las lecciones, actividades de aprendizaje, interacci\u00f3n social y pruebas.<\/p>\n<p>El curso de Creaci\u00f3n de Cursos en L\u00ednea con un Modelo Orientado al Cerebro es parte de la <a href=\"https:\/\/decepenlinea.uprm.edu\/index.php\/product\/certificacion-de-educador-virtual-4\/\">certificaci\u00f3n de Educador Virtual<\/a>.<\/p>\n<p>Puedes matricular el curso individual o como parte de la certificaci\u00f3n de Educador Virtual. Al pagarlo como parte de la certificaci\u00f3n, obtienes un descuento.<\/p>\n<p>Se ofrece un certificado de aprobaci\u00f3n al haber completado el curso con la puntuaci\u00f3n m\u00ednima de ejecuci\u00f3n.<\/p>\n<p>Este es un curso moderado con estrategia asincr\u00f3nica donde el participante adquiere la informaci\u00f3n con video aprendizaje. Es un curso flexible ya que se puede participar en cualquier momento y desde cualquier lugar que te encuentres mientras dure el curso. Abre una lecci\u00f3n por semana y el estudiante puede realizarla dentro de las fechas de apertura y cierre.<\/p>\n<p>Una vez pases por el proceso de pago tendr\u00e1s acceso de inmediato al Sistema de Gerencia de Aprendizaje de la clase, pero no tendr\u00e1s acceso al contenido hasta la fecha de comienzo del curso.<\/p>\n<p><strong>*El certificado del curso se enviar\u00e1 digital por correo electr\u00f3nico.<\/strong><\/p>\n","protected":false},"excerpt":{"rendered":"<p>Plan de pago:<\/p>\n<p>primer plazo-31.oct.2022-$70.00-#recibo 32021<\/p>\n<p>segundo plazo-15.nov.2022-$62.50-#recibo 32144<\/p>\n<p>tercer plazo-30.nov.2022-$62.50<\/p>\n<p><strong>Profesor:<\/strong> Dr. Jos\u00e9 R. Ferrer L\u00f3pez<\/p>\n<p><strong>Horario:<\/strong> Curso en l\u00ednea &#8211; MODERADO<\/p>\n<p><b>Fecha del curso:<\/b>\u00a0 26 de octubre al 13 de diciembre de 2022<\/p>\n<p><b>Matricula:<\/b> Puede reservar su espacio desde el 6 de mayo de 2022. (mientras duren los espacios)<\/p>\n<p><strong>Equivalencia de horas contacto:<\/strong> 22.5<\/p>\n<p><strong>Espacios:<\/strong> 15<\/p>\n<p>&nbsp;<\/p>\n","protected":false},"featured_media":0,"comment_status":"closed","ping_status":"closed","template":"","meta":{"_links_to":"","_links_to_target":""},"product_brand":[],"product_cat":[17],"product_tag":[],"class_list":{"0":"post-32008","1":"product","2":"type-product","3":"status-publish","5":"product_cat-uncategorized","7":"first","8":"instock","9":"shipping-taxable","10":"purchasable","11":"product-type-simple"},"_links":{"self":[{"href":"https:\/\/decepenlinea.uprm.edu\/index.php\/wp-json\/wp\/v2\/product\/32008","targetHints":{"allow":["GET"]}}],"collection":[{"href":"https:\/\/decepenlinea.uprm.edu\/index.php\/wp-json\/wp\/v2\/product"}],"about":[{"href":"https:\/\/decepenlinea.uprm.edu\/index.php\/wp-json\/wp\/v2\/types\/product"}],"replies":[{"embeddable":true,"href":"https:\/\/decepenlinea.uprm.edu\/index.php\/wp-json\/wp\/v2\/comments?post=32008"}],"wp:attachment":[{"href":"https:\/\/decepenlinea.uprm.edu\/index.php\/wp-json\/wp\/v2\/media?parent=32008"}],"wp:term":[{"taxonomy":"product_brand","embeddable":true,"href":"https:\/\/decepenlinea.uprm.edu\/index.php\/wp-json\/wp\/v2\/product_brand?post=32008"},{"taxonomy":"product_cat","embeddable":true,"href":"https:\/\/decepenlinea.uprm.edu\/index.php\/wp-json\/wp\/v2\/product_cat?post=32008"},{"taxonomy":"product_tag","embeddable":true,"href":"https:\/\/decepenlinea.uprm.edu\/index.php\/wp-json\/wp\/v2\/product_tag?post=32008"}],"curies":[{"name":"wp","href":"https:\/\/api.w.org\/{rel}","templated":true}]}}