{"id":31979,"date":"2022-10-26T14:34:08","date_gmt":"2022-10-26T18:34:08","guid":{"rendered":"https:\/\/decepenlinea.uprm.edu\/?post_type=product&#038;p=31979"},"modified":"2022-10-26T14:39:15","modified_gmt":"2022-10-26T18:39:15","slug":"factura-131-albizu-creacion-de-cursos-en-linea-diseno-de-materiales-educativos-copy","status":"publish","type":"product","link":"https:\/\/decepenlinea.uprm.edu\/index.php\/product\/factura-131-albizu-creacion-de-cursos-en-linea-diseno-de-materiales-educativos-copy\/","title":{"rendered":"Factura #131-Albizu (Creaci\u00f3n de Cursos en L\u00ednea\/ Dise\u00f1o de Materiales Educativos) (Copy)"},"content":{"rendered":"<p dir=\"ltr\"><b>Creaci\u00f3n de Cursos en L\u00ednea con un Modelo Orientado al Cerebro<\/b><\/p>\n<p dir=\"ltr\" style=\"text-align: left;\">Creaci\u00f3n, desarrollo y administraci\u00f3n de un curso en l\u00ednea tomando en consideraci\u00f3n los m\u00e1s recientes hallazgos en neurociencias de c\u00f3mo aprende el cerebro. Se discute el efecto de las emociones, el dise\u00f1o del curso, la organizaci\u00f3n, la est\u00e9tica, la comunicaci\u00f3n y la evaluaci\u00f3n, entre otros en el aprendizaje. Se espera que los participantes planifiquen y defiendan varios elementos de un curso en l\u00ednea, haciendo uso de lo aprendido en la clase, incluyendo el contenido de las lecciones, actividades de aprendizaje, interacci\u00f3n social y pruebas.<\/p>\n<p>El curso de Creaci\u00f3n de Cursos en L\u00ednea con un Modelo Orientado al Cerebro es parte de la <a href=\"https:\/\/decepenlinea.uprm.edu\/index.php\/product\/certificacion-de-educador-virtual-4\/\">certificaci\u00f3n de Educador Virtual<\/a>.<\/p>\n<p>Puedes matricular el curso individual o como parte de la certificaci\u00f3n de Educador Virtual. Al pagarlo como parte de la certificaci\u00f3n, obtienes un descuento.<\/p>\n<p>Se ofrece un certificado de aprobaci\u00f3n al haber completado el curso con la puntuaci\u00f3n m\u00ednima de ejecuci\u00f3n.<\/p>\n<p>Este es un curso moderado con estrategia asincr\u00f3nica donde el participante adquiere la informaci\u00f3n con video aprendizaje. Es un curso flexible ya que se puede participar en cualquier momento y desde cualquier lugar que te encuentres mientras dure el curso. Abre una lecci\u00f3n por semana y el estudiante puede realizarla dentro de las fechas de apertura y cierre.<\/p>\n<p>Una vez pases por el proceso de pago tendr\u00e1s acceso de inmediato al Sistema de Gerencia de Aprendizaje de la clase, pero no tendr\u00e1s acceso al contenido hasta la fecha de comienzo del curso.<\/p>\n<p><strong>*El certificado del curso se enviar\u00e1 digital por correo electr\u00f3nico.<\/strong><\/p>\n<p>&nbsp;<\/p>\n<p><b>Dise\u00f1o y Creaci\u00f3n de Materiales Educativos para Cursos en L\u00ednea<\/b><\/p>\n<p>Se explica y describe los pasos en el dise\u00f1o y creaci\u00f3n de materiales educativos para cursos en l\u00ednea. Se describen las caracter\u00edsticas ideales desde el punto de vista pedag\u00f3gico para cada uno de estos materiales y su efecto en el aprendizaje efectivo, seg\u00fan la evidencia emp\u00edrica. Se presentan y discuten herramientas y programados disponibles para facilitar la creaci\u00f3n de estos materiales digitales. Se planifican y crean, a manera de pr\u00e1ctica, algunos de estos materiales digitales tales como audio, infogramas, voice-overs, videos, y screencasts, entre otros.<\/p>\n<p>El curso de Dise\u00f1o y Creaci\u00f3n de Materiales Educativos para Cursos en L\u00ednea es parte de la <a href=\"https:\/\/decepenlinea.uprm.edu\/index.php\/product\/certificacion-de-educador-virtual-4\/\">certificaci\u00f3n de Educador Virtual<\/a>.<\/p>\n<p>Puedes matricular el curso individual o como parte de la certificaci\u00f3n de Educador Virtual. Al pagarlo como parte de la certificaci\u00f3n, obtienes un descuento.<\/p>\n<p>Se ofrece un certificado de aprobaci\u00f3n al haber completado el curso con la puntuaci\u00f3n m\u00ednima de ejecuci\u00f3n.<\/p>\n<p>Este es un curso moderado con estrategia asincr\u00f3nica donde el participante adquiere la informaci\u00f3n con video aprendizaje. Es un curso flexible ya que se puede participar en cualquier momento y desde cualquier lugar que te encuentres mientras dure el curso. Abre una lecci\u00f3n por semana y el estudiante puede realizarla dentro de las fechas de apertura y cierre.<\/p>\n<p>Una vez pases por el proceso de pago tendr\u00e1s acceso de inmediato al Sistema de Gerencia de Aprendizaje de la clase, pero no tendr\u00e1s acceso al contenido hasta la fecha de comienzo del curso.<\/p>\n<p><strong>*El certificado del curso se enviar\u00e1 digital por correo electr\u00f3nico.<\/strong><\/p>\n","protected":false},"excerpt":{"rendered":"<p><b>Factura<\/b> #131: Universidad Albizu<\/p>\n<p><strong>Profesor:<\/strong> Dr. Jos\u00e9 R. Ferrer L\u00f3pez<\/p>\n<p><strong>Horario:<\/strong> Curso en l\u00ednea &#8211; MODERADO<\/p>\n<p><b>Fecha del curso:<\/b><\/p>\n<p>Creaci\u00f3n de Cursos en L\u00ednea con un Modelo Orientado al Cerebro-26 de octubre al 13 de diciembre de 2022<\/p>\n<p>Dise\u00f1o y Creaci\u00f3n de Materiales Educativos para Cursos en L\u00ednea- segundo semestre 2022-2023<\/p>\n<p>&nbsp;<\/p>\n<p>&nbsp;<\/p>\n","protected":false},"featured_media":0,"comment_status":"closed","ping_status":"closed","template":"","meta":{"_links_to":"","_links_to_target":""},"product_brand":[],"product_cat":[17],"product_tag":[],"class_list":{"0":"post-31979","1":"product","2":"type-product","3":"status-publish","5":"product_cat-uncategorized","7":"first","8":"instock","9":"shipping-taxable","10":"purchasable","11":"product-type-simple"},"_links":{"self":[{"href":"https:\/\/decepenlinea.uprm.edu\/index.php\/wp-json\/wp\/v2\/product\/31979","targetHints":{"allow":["GET"]}}],"collection":[{"href":"https:\/\/decepenlinea.uprm.edu\/index.php\/wp-json\/wp\/v2\/product"}],"about":[{"href":"https:\/\/decepenlinea.uprm.edu\/index.php\/wp-json\/wp\/v2\/types\/product"}],"replies":[{"embeddable":true,"href":"https:\/\/decepenlinea.uprm.edu\/index.php\/wp-json\/wp\/v2\/comments?post=31979"}],"wp:attachment":[{"href":"https:\/\/decepenlinea.uprm.edu\/index.php\/wp-json\/wp\/v2\/media?parent=31979"}],"wp:term":[{"taxonomy":"product_brand","embeddable":true,"href":"https:\/\/decepenlinea.uprm.edu\/index.php\/wp-json\/wp\/v2\/product_brand?post=31979"},{"taxonomy":"product_cat","embeddable":true,"href":"https:\/\/decepenlinea.uprm.edu\/index.php\/wp-json\/wp\/v2\/product_cat?post=31979"},{"taxonomy":"product_tag","embeddable":true,"href":"https:\/\/decepenlinea.uprm.edu\/index.php\/wp-json\/wp\/v2\/product_tag?post=31979"}],"curies":[{"name":"wp","href":"https:\/\/api.w.org\/{rel}","templated":true}]}}