{"id":30644,"date":"2022-08-09T16:32:50","date_gmt":"2022-08-09T20:32:50","guid":{"rendered":"https:\/\/decepenlinea.uprm.edu\/?post_type=product&#038;p=30644"},"modified":"2022-08-09T18:32:33","modified_gmt":"2022-08-09T22:32:33","slug":"factura-128-proyecto-technojovenes","status":"publish","type":"product","link":"https:\/\/decepenlinea.uprm.edu\/index.php\/product\/factura-128-proyecto-technojovenes\/","title":{"rendered":"Factura #128-Proyecto Technoj\u00f3venes"},"content":{"rendered":"<p>Pago por Factura #128: Segundo semestre 2021-2022. Factura con fecha 9 de agosto de 2022:<\/p>\n<p><b>Servicios de CREAD a Proyecto Techno j\u00f3venes: <\/b><\/p>\n<p>Uso del Sistema de Gesti\u00f3n de Aprendizaje de la UPRM administrado por el Centro de Recursos para la Educaci\u00f3n a Distancia (CREAD), en el cual el Centro realiz\u00f3 el montaje de los cuatro cursos ofrecidos para el proyecto de Techno J\u00f3venes.<\/p>\n<p>Entre los servicios se encuentran:<\/p>\n<ul>\n<li>Creaci\u00f3n de espacio para cada curso en el Sistema de Gesti\u00f3n de Aprendizaje<\/li>\n<li>Ayuda t\u00e9cnica a los participantes y profesores de cada curso<\/li>\n<li>Creaci\u00f3n de certificados de aprobaci\u00f3n.<\/li>\n<li>Matr\u00edcula de 32 estudiantes en el Sistema de Gesti\u00f3n de Aprendizaje en los 4 cursos ofrecidos por el proyecto:<\/li>\n<\/ul>\n<p><strong>\u00a0\u00a0\u00a0\u00a0\u00a0\u00a0\u00a0\u00a0\u00a0\u00a0\u00a0 <\/strong><\/p>\n<p>Emprende con el Modelo de Negocio Canvas- $500. 00<\/p>\n<p>Int. al Manejo de Proyectos de Tecnolog\u00eda y Programado de Manejo de Proyectos- $500. 00<\/p>\n<p>Ingenier\u00eda 101: Una Introducci\u00f3n al Fascinante Mundo de la Ingenier\u00eda- $500. 00<\/p>\n<p>Programaci\u00f3n y Creaci\u00f3n de Aplicaciones para Dispositivos M\u00f3viles &#8211; $500. 00<\/p>\n<p><b>TOTAL: $2,000.00<\/b><\/p>\n<p>&nbsp;<\/p>\n<p>&nbsp;<\/p>\n<p>&nbsp;<\/p>\n","protected":false},"excerpt":{"rendered":"<p>Pago por Factura #128: Segundo semestre 2021-2022. Factura con fecha 9 de agosto de 2022:<\/p>\n<p><b>Servicios de CREAD a Proyecto Techno j\u00f3venes: <\/b><\/p>\n<p>Uso del Sistema de Gesti\u00f3n de Aprendizaje de la UPRM administrado por el Centro de Recursos para la Educaci\u00f3n a Distancia (CREAD), en el cual el Centro realiz\u00f3 el montaje de los cuatro cursos ofrecidos para el proyecto de Techno J\u00f3venes.<\/p>\n<p>Entre los servicios se encuentran:<\/p>\n<ul>\n<li>Creaci\u00f3n de espacio para cada curso en el Sistema de Gesti\u00f3n de Aprendizaje<\/li>\n<li>Ayuda t\u00e9cnica a los participantes y profesores de cada curso<\/li>\n<li>Matr\u00edcula de 32 estudiantes en el Sistema de Gesti\u00f3n de Aprendizaje en los 4 cursos ofrecidos por el proyecto:<\/li>\n<\/ul>\n<p><strong>\u00a0\u00a0\u00a0\u00a0\u00a0\u00a0\u00a0\u00a0\u00a0\u00a0\u00a0 <\/strong><\/p>\n<p>Emprende con el Modelo de Negocio Canvas- $500. 00<\/p>\n<p>Int. al Manejo de Proyectos de Tecnolog\u00eda y Programado de Manejo de Proyectos- $500. 00<\/p>\n<p>Ingenier\u00eda 101: Una Introducci\u00f3n al Fascinante Mundo de la Ingenier\u00eda- $500. 00<\/p>\n<p>Programaci\u00f3n y Creaci\u00f3n de Aplicaciones para Dispositivos M\u00f3viles &#8211; $500. 00<\/p>\n<p><b>TOTAL: $2,000.00<\/b><\/p>\n<p>&nbsp;<\/p>\n<p>&nbsp;<\/p>\n","protected":false},"featured_media":0,"comment_status":"closed","ping_status":"closed","template":"","meta":{"_links_to":"","_links_to_target":""},"product_brand":[],"product_cat":[17],"product_tag":[],"class_list":{"0":"post-30644","1":"product","2":"type-product","3":"status-publish","5":"product_cat-uncategorized","7":"first","8":"instock","9":"shipping-taxable","10":"purchasable","11":"product-type-simple"},"_links":{"self":[{"href":"https:\/\/decepenlinea.uprm.edu\/index.php\/wp-json\/wp\/v2\/product\/30644","targetHints":{"allow":["GET"]}}],"collection":[{"href":"https:\/\/decepenlinea.uprm.edu\/index.php\/wp-json\/wp\/v2\/product"}],"about":[{"href":"https:\/\/decepenlinea.uprm.edu\/index.php\/wp-json\/wp\/v2\/types\/product"}],"replies":[{"embeddable":true,"href":"https:\/\/decepenlinea.uprm.edu\/index.php\/wp-json\/wp\/v2\/comments?post=30644"}],"wp:attachment":[{"href":"https:\/\/decepenlinea.uprm.edu\/index.php\/wp-json\/wp\/v2\/media?parent=30644"}],"wp:term":[{"taxonomy":"product_brand","embeddable":true,"href":"https:\/\/decepenlinea.uprm.edu\/index.php\/wp-json\/wp\/v2\/product_brand?post=30644"},{"taxonomy":"product_cat","embeddable":true,"href":"https:\/\/decepenlinea.uprm.edu\/index.php\/wp-json\/wp\/v2\/product_cat?post=30644"},{"taxonomy":"product_tag","embeddable":true,"href":"https:\/\/decepenlinea.uprm.edu\/index.php\/wp-json\/wp\/v2\/product_tag?post=30644"}],"curies":[{"name":"wp","href":"https:\/\/api.w.org\/{rel}","templated":true}]}}