{"id":29970,"date":"2022-06-23T10:32:23","date_gmt":"2022-06-23T14:32:23","guid":{"rendered":"https:\/\/decepenlinea.uprm.edu\/?post_type=product&#038;p=29970"},"modified":"2022-07-05T09:24:33","modified_gmt":"2022-07-05T13:24:33","slug":"examen-avanzado-de-ingles-upr-mayaguez-verano-2022","status":"publish","type":"product","link":"https:\/\/decepenlinea.uprm.edu\/index.php\/product\/examen-avanzado-de-ingles-upr-mayaguez-verano-2022\/","title":{"rendered":"Examen Avanzado de Ingl\u00e9s-UPR Mayag\u00fcez (Verano 2022)"},"content":{"rendered":"<p>El Departamento de\u00a0Ingl\u00e9s\u00a0del Recinto Universitario de Mayag\u00fcez, de la Universidad de Puerto Rico, con el apoyo del Centro de Recursos para la Educaci\u00f3n a Distancia (CREAD), estar\u00e1 ofreciendo el Examen de Ubicaci\u00f3n Avanzada en\u00a0Ingl\u00e9s.<\/p>\n<p>Este examen es a distancia, con una duraci\u00f3n de administraci\u00f3n de aproximadamente 2 horas de acuerdo con su acomodo y consta de tres partes: identificar errores, mejorar p\u00e1rrafos y redactar un ensayo. Se ofrecer\u00e1 con supervisi\u00f3n remota (<em>proctors<\/em>) en el sistema de gesti\u00f3n de aprendizaje de la DECEP en l\u00ednea (<a href=\"https:\/\/nam02.safelinks.protection.outlook.com\/?url=http%3A%2F%2Fdecep.upr.edu%2F&amp;data=04%7C01%7Cyaritza.gonzalez%40upr.edu%7C5e7779f897de410e5fb008d92c38f814%7C0dfa5dc0036f461599e494af822f2b84%7C0%7C0%7C637589445448730062%7CUnknown%7CTWFpbGZsb3d8eyJWIjoiMC4wLjAwMDAiLCJQIjoiV2luMzIiLCJBTiI6Ik1haWwiLCJXVCI6Mn0%3D%7C1000&amp;sdata=CP1i26pcEk3uV59QE4vmP5DYB6B2Q6K3OeXPRFHIg0w%3D&amp;reserved=0\">decep.upr.edu<\/a>).<\/p>\n<div>\n<p>Solo los estudiantes que hayan obtenido 700 o m\u00e1s en la parte de ingl\u00e9s del PAA del College Board podr\u00e1n tomar el examen de ingl\u00e9s avanzado.<\/p>\n<p><strong>IMPORTANTE<\/strong>: <b><font color=\"#FF0000\">\u00bfTomaste la prueba de ubicaci\u00f3n avanzada?<\/font><\/b><\/p>\n<p>Si su respuesta es NO- Usted puede tomar este examen de ubicaci\u00f3n avanzada.<\/p>\n<p>Si su respuesta es SI: \u00bfobtuviste una puntuaci\u00f3n de 4 o 5? \u2013 Su ubicaci\u00f3n ser\u00e1 ajustada autom\u00e1ticamente para la matr\u00edcula de agosto. Por lo que NO tiene que tomar este examen.<\/p>\n<p>Basado en las puntuaciones que obtenga en este examen, se determinar\u00e1 la ubicaci\u00f3n del estudiante en\u00a0Ingl\u00e9s\u00a0en el RUM. Si obtiene una puntuaci\u00f3n de\u00a0<strong>3<\/strong>, se le ubicar\u00e1, de ser necesario, en INGL 3103. Si obtiene una puntuaci\u00f3n de <strong>4 \u00f3 5<\/strong>, se le acreditar\u00e1 INGL 3101 e INGL 3102 y se le ubicar\u00e1, de ser necesario, en INGL 3211.<\/p>\n<p>Luego de realizar su pago, tendr\u00e1 reservado su espacio. El sistema le enviar\u00e1 un recibo de pago (estos podr\u00edan irse a su correo al \u201cspam\u201d). <b>Recibir\u00e1 las instrucciones de acceso a la plataforma un d\u00eda antes del examen.<\/b><\/p>\n<\/div>\n<p><strong>Importante<\/strong>: Este enlace se env\u00eda solo a los candidatos que cumplen con todos los requisitos para tomar este examen. Si el estudiante se matricula y paga para tomar el examen sin haber recibido la comunicaci\u00f3n oficial directa, y sin cumplir con los requisitos establecidos, no se har\u00e1 reembolso del dinero y los resultados el examen NO le contar\u00e1n. Para los estudiante que lo paguen cumpliendo con lo establecido, tampoco se tramitar\u00e1 reembolso, una vez lo pague debe tomarlo. Para tomar este examen deben tener una computadora de escritorio o port\u00e1til con acceso a energ\u00eda el\u00e9ctrica e Internet estable. Tambi\u00e9n es requisito tener una c\u00e1mara de Internet funcional y debe estar dispuesto a encenderla durante todo el examen. La interacci\u00f3n no ser\u00e1 grabada.<\/p>\n<p>Si confronta problemas para realizar su pago o ayuda t\u00e9cnica en el Sistema de Gesti\u00f3n de Aprendizaje donde tomar\u00e1 su examen, debe escribir a <a href=\"mailto:cread@uprm.edu\">cread@uprm.edu<\/a>. Este ser\u00e1 el email oficial para cualquier ayuda t\u00e9cnica (<a href=\"mailto:cread@uprm.edu\">cread@uprm.edu<\/a>). No se estar\u00e1n atendiendo ninguna comunicaci\u00f3n que sea emitida fuera del correo electr\u00f3nico mencionado.<\/p>\n<p>El siguiente tutorial le explicar\u00e1 paso a paso como realizar su matr\u00edcula: <a href=\"https:\/\/youtu.be\/U_HDK7mLuGA\">https:\/\/youtu.be\/U_HDK7mLuGA<\/a><\/p>\n","protected":false},"excerpt":{"rendered":"<p><strong><u>El examen ser\u00e1 el martes, 5 de julio de 2022.\u00a0<\/u><\/strong><\/p>\n<p><strong>Horario<\/strong><\/p>\n<p><strong><u>Estudiante regular<\/u><\/strong><\/p>\n<p>10:00 am- Conectarse al sistema a las 10:00 am<\/p>\n<p>10:30 am- Comienza administraci\u00f3n del examen.<\/p>\n<ul>\n<li>Parte I: 10:30 \u2013 11:00 am (30 minutos)<\/li>\n<li>Parte 2: 11:05 \u2013 11:35 am (30 minutos)<\/li>\n<li>Parte 3: 11:40 \u2013 12:20 pm (40 minutos)<\/li>\n<\/ul>\n<p>12:30 pm- Culmina administraci\u00f3n del examen.<\/p>\n<p>&nbsp;<\/p>\n<p><strong><u>Acomodo razonable con tiempo y medio<\/u><\/strong><\/p>\n<p>10:00 am- Conectarse al sistema a las 10:00 am<\/p>\n<p>10:30 am- Comienza administraci\u00f3n del examen.<\/p>\n<ul>\n<li>Parte I: 10:30 \u2013 11:15 am (45 minutos)<\/li>\n<li>Parte 2: 11:20 \u2013 12:05 pm (45 minutos)<\/li>\n<li>Parte 3: 12:10 \u2013 1:10 pm (60 minutos)<\/li>\n<\/ul>\n<p>1:20 pm- Culmina administraci\u00f3n del examen.<\/p>\n<p>&nbsp;<\/p>\n<p><strong><u>Acomodo razonable con tiempo doble<\/u><\/strong><\/p>\n<p>10:00 am- Conectarse al sistema a las 10:00 am<\/p>\n<p>10:30 am- Comienza administraci\u00f3n del examen.<\/p>\n<ul>\n<li>Parte I: 10:30 \u2013 11:30 am (60 minutos)<\/li>\n<li>Parte 2: 11:35 \u2013 12:35 pm (60 minutos)<\/li>\n<li>Parte 3: 12:40 \u2013 2:00 pm (80 minutos)<\/li>\n<\/ul>\n<p>2:10 pm- Culmina administraci\u00f3n del examen.<\/p>\n<p>&nbsp;<\/p>\n<p><b>Fecha del examen: <\/b>viernes, 5 de julio de 2022<\/p>\n<p><strong>Matr\u00edcula hasta el: <\/strong>\u00a0domingo, 3 de julio de 2022<\/p>\n","protected":false},"featured_media":11064,"comment_status":"closed","ping_status":"closed","template":"","meta":{"_links_to":"","_links_to_target":""},"product_brand":[],"product_cat":[254],"product_tag":[],"class_list":{"0":"post-29970","1":"product","2":"type-product","3":"status-publish","4":"has-post-thumbnail","6":"product_cat-upr-mayaguez","8":"first","9":"outofstock","10":"shipping-taxable","11":"purchasable","12":"product-type-simple"},"_links":{"self":[{"href":"https:\/\/decepenlinea.uprm.edu\/index.php\/wp-json\/wp\/v2\/product\/29970","targetHints":{"allow":["GET"]}}],"collection":[{"href":"https:\/\/decepenlinea.uprm.edu\/index.php\/wp-json\/wp\/v2\/product"}],"about":[{"href":"https:\/\/decepenlinea.uprm.edu\/index.php\/wp-json\/wp\/v2\/types\/product"}],"replies":[{"embeddable":true,"href":"https:\/\/decepenlinea.uprm.edu\/index.php\/wp-json\/wp\/v2\/comments?post=29970"}],"wp:featuredmedia":[{"embeddable":true,"href":"https:\/\/decepenlinea.uprm.edu\/index.php\/wp-json\/wp\/v2\/media\/11064"}],"wp:attachment":[{"href":"https:\/\/decepenlinea.uprm.edu\/index.php\/wp-json\/wp\/v2\/media?parent=29970"}],"wp:term":[{"taxonomy":"product_brand","embeddable":true,"href":"https:\/\/decepenlinea.uprm.edu\/index.php\/wp-json\/wp\/v2\/product_brand?post=29970"},{"taxonomy":"product_cat","embeddable":true,"href":"https:\/\/decepenlinea.uprm.edu\/index.php\/wp-json\/wp\/v2\/product_cat?post=29970"},{"taxonomy":"product_tag","embeddable":true,"href":"https:\/\/decepenlinea.uprm.edu\/index.php\/wp-json\/wp\/v2\/product_tag?post=29970"}],"curies":[{"name":"wp","href":"https:\/\/api.w.org\/{rel}","templated":true}]}}