{"id":29488,"date":"2022-05-20T11:26:04","date_gmt":"2022-05-20T15:26:04","guid":{"rendered":"https:\/\/decepenlinea.uprm.edu\/?post_type=product&#038;p=29488"},"modified":"2022-05-20T11:32:09","modified_gmt":"2022-05-20T15:32:09","slug":"introduccion-al-desarrollo-de-software-con-python-descuento-de-estudiante","status":"publish","type":"product","link":"https:\/\/decepenlinea.uprm.edu\/index.php\/product\/introduccion-al-desarrollo-de-software-con-python-descuento-de-estudiante\/","title":{"rendered":"Introducci\u00f3n al Desarrollo de Software con Python (Descuento de estudiante)"},"content":{"rendered":"<p dir=\"ltr\" style=\"text-align: left;\">Python es un lenguaje de programaci\u00f3n poderoso y f\u00e1cil de aprender. Cuenta con estructuras de datos eficientes y de alto nivel y un enfoque simple pero efectivo a la programaci\u00f3n orientada a objetos. La elegante sintaxis de Python y su tipado din\u00e1mico, junto con su naturaleza interpretada, hacen de \u00e9ste un lenguaje ideal para scripting y desarrollo r\u00e1pido de aplicaciones en diversas \u00e1reas y sobre la mayor\u00eda de las plataformas. El int\u00e9rprete de Python y la extensa biblioteca est\u00e1ndar est\u00e1n a libre disposici\u00f3n en forma binaria y de c\u00f3digo fuente para las principales plataformas desde el sitio web de Python, https:\/\/www.python.org\/, y puede distribuirse libremente. El mismo sitio contiene tambi\u00e9n distribuciones y enlaces de muchos m\u00f3dulos libres de Python de terceros, programas y herramientas, y documentaci\u00f3n adicional. El int\u00e9rprete de Python puede extenderse f\u00e1cilmente con nuevas funcionalidades y tipos de datos implementados en C o C++ (u otros lenguajes accesibles desde C). Python tambi\u00e9n puede usarse como un lenguaje de extensiones para aplicaciones personalizables.<\/p>\n<p>El curso de Introducci\u00f3n al Desarrollo de Software con Python es parte de la <a href=\"https:\/\/decepenlinea.uprm.edu\/index.php\/product\/academia-de-programacion-decep-coding-school-3\/\">Academia de Programaci\u00f3n Decep Coding School<\/a>.<\/p>\n<p>Puedes matricular el curso individual o como parte de la certificaci\u00f3n. Al pagarlo como parte de la certificaci\u00f3n, obtienes un descuento.<\/p>\n<p>Se ofrece un certificado de aprobaci\u00f3n al haber completado el curso con la puntuaci\u00f3n m\u00ednima de ejecuci\u00f3n.<\/p>\n<p>Este es un curso moderado con estrategia asincr\u00f3nica donde el participante adquiere la informaci\u00f3n con video aprendizaje. Es un curso flexible ya que se puede participar en cualquier momento y desde cualquier lugar que te encuentres mientras dure el curso. Abre una lecci\u00f3n por semana y el estudiante puede realizarla dentro de las fechas de apertura y cierre.<\/p>\n<p>Una vez pases por el proceso de pago tendr\u00e1s acceso de inmediato al Sistema de Gerencia de Aprendizaje de la clase, pero no tendr\u00e1s acceso al contenido hasta la fecha de comienzo del curso.<\/p>\n<p><strong>*El certificado del curso se enviar\u00e1 digital por correo electr\u00f3nico.<\/strong><\/p>\n","protected":false},"excerpt":{"rendered":"<p><strong>Instructor:<\/strong> Prof. Jos\u00e9 Navarro<\/p>\n<p><strong>Horario:<\/strong> Curso en l\u00ednea &#8211; MODERADO\/ASINCR\u00d3NICO<\/p>\n<p><b>Fecha del curso:<\/b>\u00a0 26 de octubre al 13 de diciembre de 2022<\/p>\n<p><b>Matricula:<\/b> Puede reservar su espacio desde el 6 de mayo de 2022 (mientras duren los espacios).<\/p>\n<p><strong>Equivalencia de horas contacto:<\/strong> 22.5<\/p>\n<p><strong>Espacios:<\/strong>\u00a015<\/p>\n","protected":false},"featured_media":3742,"comment_status":"closed","ping_status":"closed","template":"","meta":{"_links_to":"","_links_to_target":""},"product_brand":[],"product_cat":[17],"product_tag":[],"class_list":{"0":"post-29488","1":"product","2":"type-product","3":"status-publish","4":"has-post-thumbnail","6":"product_cat-uncategorized","8":"first","9":"outofstock","10":"sold-individually","11":"shipping-taxable","12":"purchasable","13":"product-type-simple"},"_links":{"self":[{"href":"https:\/\/decepenlinea.uprm.edu\/index.php\/wp-json\/wp\/v2\/product\/29488","targetHints":{"allow":["GET"]}}],"collection":[{"href":"https:\/\/decepenlinea.uprm.edu\/index.php\/wp-json\/wp\/v2\/product"}],"about":[{"href":"https:\/\/decepenlinea.uprm.edu\/index.php\/wp-json\/wp\/v2\/types\/product"}],"replies":[{"embeddable":true,"href":"https:\/\/decepenlinea.uprm.edu\/index.php\/wp-json\/wp\/v2\/comments?post=29488"}],"wp:featuredmedia":[{"embeddable":true,"href":"https:\/\/decepenlinea.uprm.edu\/index.php\/wp-json\/wp\/v2\/media\/3742"}],"wp:attachment":[{"href":"https:\/\/decepenlinea.uprm.edu\/index.php\/wp-json\/wp\/v2\/media?parent=29488"}],"wp:term":[{"taxonomy":"product_brand","embeddable":true,"href":"https:\/\/decepenlinea.uprm.edu\/index.php\/wp-json\/wp\/v2\/product_brand?post=29488"},{"taxonomy":"product_cat","embeddable":true,"href":"https:\/\/decepenlinea.uprm.edu\/index.php\/wp-json\/wp\/v2\/product_cat?post=29488"},{"taxonomy":"product_tag","embeddable":true,"href":"https:\/\/decepenlinea.uprm.edu\/index.php\/wp-json\/wp\/v2\/product_tag?post=29488"}],"curies":[{"name":"wp","href":"https:\/\/api.w.org\/{rel}","templated":true}]}}