{"id":29472,"date":"2022-05-18T14:36:20","date_gmt":"2022-05-18T18:36:20","guid":{"rendered":"https:\/\/decepenlinea.uprm.edu\/?post_type=product&#038;p=29472"},"modified":"2022-08-17T15:08:02","modified_gmt":"2022-08-17T19:08:02","slug":"certificacion-de-educador-virtual-plan-de-pago-candie-m-laracuente-negron","status":"publish","type":"product","link":"https:\/\/decepenlinea.uprm.edu\/index.php\/product\/certificacion-de-educador-virtual-plan-de-pago-candie-m-laracuente-negron\/","title":{"rendered":"Certificaci\u00f3n de Educador Virtual (Plan de pago Candie M. Laracuente Negr\u00f3n)"},"content":{"rendered":"<p>La Certificaci\u00f3n de Educador Virtual se ha convertido en la credencial m\u00e1s reconocida en el campo de la educaci\u00f3n a distancia en Puerto Rico. Tanto recintos de la Universidad de Puerto Rico como universidades privadas, exigen a sus docentes esta certificaci\u00f3n por ser la m\u00e1s completa y por motivar un cambio real y efectivo en las pr\u00e1cticas educativas en esta modalidad y en la presencial. Esta certificaci\u00f3n profesional capacita a los docentes con los conocimientos y destrezas para establecer una metodolog\u00eda de la ense\u00f1anza a distancia que resulte efectiva para los estudiantes. Tambi\u00e9n desarrolla las destrezas para la creaci\u00f3n de materiales educativos digitales y en el uso del sistema de gerencia de aprendizaje.<\/p>\n<p>Los participantes\u00a0 tomar\u00e1n los siguientes cursos los cuales son parte de la certificaci\u00f3n de Educador Virtual:<\/p>\n<ol>\n<li><a href=\"https:\/\/decepenlinea.uprm.edu\/index.php\/product\/creacion-de-cursos-en-linea-con-un-modelo-orientado-al-cerebro-2\/\">Creaci\u00f3n de Cursos en L\u00ednea con un Modelo Orientado al Cerebro<\/a> &#8211; Instructor: Dr. Jos\u00e9 R. Ferrer\/ Curso comienza el 26 de octubre y culmina el 13 de diciembre de 2022\/ curso moderado de 22.5 horas contacto.<\/li>\n<li><a href=\"https:\/\/decepenlinea.uprm.edu\/index.php\/product\/diseno-y-creacion-de-materiales-educativos-para-cursos-en-linea-5\/\">Dise\u00f1o y Creaci\u00f3n de Materiales Educativos para Cursos en L\u00ednea<\/a> &#8211; Instructor: Dr. Jos\u00e9 R. Ferrer\/ Curso comienza en el segundo semestre 2022-2023\/ curso moderado de 22.5 horas contacto.<\/li>\n<li><a href=\"https:\/\/decepenlinea.uprm.edu\/index.php\/product\/practica-en-el-funcionamiento-de-moodle-3-x-4\/\">Pr\u00e1ctica en el Funcionamiento de Moodle<\/a> &#8211; Instructor: Dr. Jos\u00e9 R. Ferrer\/ Curso comienza en el segundo semestre 2022-2023\/ curso moderado de 15 horas contacto.<\/li>\n<\/ol>\n<p>&nbsp;<\/p>\n<p>Todos los cursos son moderados, en modalidad asincr\u00f3nica y est\u00e1n dise\u00f1ados con el Modelo Multi Estrat\u00e9gico para la Ense\u00f1anza Efectiva en L\u00ednea. Se utiliza una estructura que facilita la participaci\u00f3n del estudiante. Las t\u00e9cnicas incluyen video aprendizaje, micro aprendizaje, aprendizaje social y aprendizaje m\u00f3vil. Las estrategias para facilitar todos los cursos son los 7 principios de la ense\u00f1anza efectiva, la ense\u00f1anza constructivista, la ense\u00f1anza basada en problemas y la ense\u00f1anza diferenciada.<\/p>\n<p>En conjunto, el participante culmina el proceso con 3 cursos certificados y una certificaci\u00f3n de especialidad (4 certificados en total) con la equivalencia de 60 horas de capacitaci\u00f3n en el tema de educaci\u00f3n a distancia.<\/p>\n<p>Esta certificaci\u00f3n es la credencial m\u00e1s reconocidas en Puerto Rico en estos momentos sobre estos temas, a lo que se a\u00f1ade que el Centro de Recursos para la Educaci\u00f3n a Distancia (CREAD), qui\u00e9n las desarroll\u00f3 y administra, llev\u00f3 al Recinto Universitario de Mayag\u00fcez de la Universidad de Puerto Rico a ser la \u00fanica instituci\u00f3n educativa con un curso aprobado en calidad por Quality Matters. El dise\u00f1o de estos 5 cursos, sus pr\u00e1cticas para facilitarlos y el contenido compartido es reflejo de esta distinci\u00f3n.<\/p>\n<p>Se ofrece un certificado por cada curso completado con la puntuaci\u00f3n m\u00ednima de ejecuci\u00f3n. Ofrecemos equivalencia para el curso del Sistema de Gesti\u00f3n de Aprendizaje que utilice su instituci\u00f3n.<\/p>\n<p>En esta \u00e1rea estar\u00eda pagando por los 3 cursos en bloque. Para una descripci\u00f3n m\u00e1s detallada de cada curso puede visitar cada producto de manera individual.<\/p>\n<p>Una vez pases por el proceso de pago tendr\u00e1s acceso de inmediato al Sistema de Gerencia de Aprendizaje de la clase, pero no tendr\u00e1s acceso al contenido hasta la fecha de comienzo del curso.<\/p>\n<p><strong>*El certificado del curso se enviar\u00e1 digital por correo electr\u00f3nico.<\/strong><\/p>\n","protected":false},"excerpt":{"rendered":"<p><strong>Horas Contacto: <\/strong>60<\/p>\n<p>Plazos de plan de pago<\/p>\n<p>Primer plazo- 18 de mayo de 2022- $181.00- #recibo 29475<\/p>\n<p>Segundo plazo- 18 de junio de 2022- $182.00-#recibo 30495<\/p>\n<p>Tercer plazo- 18 de julio de 2022- $182.00-#recibo 30847<\/p>\n","protected":false},"featured_media":0,"comment_status":"closed","ping_status":"closed","template":"","meta":{"_links_to":"","_links_to_target":""},"product_brand":[],"product_cat":[254],"product_tag":[],"class_list":{"0":"post-29472","1":"product","2":"type-product","3":"status-publish","5":"product_cat-upr-mayaguez","7":"first","8":"outofstock","9":"sold-individually","10":"shipping-taxable","11":"purchasable","12":"product-type-simple"},"_links":{"self":[{"href":"https:\/\/decepenlinea.uprm.edu\/index.php\/wp-json\/wp\/v2\/product\/29472","targetHints":{"allow":["GET"]}}],"collection":[{"href":"https:\/\/decepenlinea.uprm.edu\/index.php\/wp-json\/wp\/v2\/product"}],"about":[{"href":"https:\/\/decepenlinea.uprm.edu\/index.php\/wp-json\/wp\/v2\/types\/product"}],"replies":[{"embeddable":true,"href":"https:\/\/decepenlinea.uprm.edu\/index.php\/wp-json\/wp\/v2\/comments?post=29472"}],"wp:attachment":[{"href":"https:\/\/decepenlinea.uprm.edu\/index.php\/wp-json\/wp\/v2\/media?parent=29472"}],"wp:term":[{"taxonomy":"product_brand","embeddable":true,"href":"https:\/\/decepenlinea.uprm.edu\/index.php\/wp-json\/wp\/v2\/product_brand?post=29472"},{"taxonomy":"product_cat","embeddable":true,"href":"https:\/\/decepenlinea.uprm.edu\/index.php\/wp-json\/wp\/v2\/product_cat?post=29472"},{"taxonomy":"product_tag","embeddable":true,"href":"https:\/\/decepenlinea.uprm.edu\/index.php\/wp-json\/wp\/v2\/product_tag?post=29472"}],"curies":[{"name":"wp","href":"https:\/\/api.w.org\/{rel}","templated":true}]}}