{"id":29355,"date":"2022-05-06T19:18:41","date_gmt":"2022-05-06T23:18:41","guid":{"rendered":"https:\/\/decepenlinea.uprm.edu\/?post_type=product&#038;p=29355"},"modified":"2022-06-09T19:47:03","modified_gmt":"2022-06-09T23:47:03","slug":"seminario-en-linea-de-camino-al-metaverso-una-nueva-realidad-educativa","status":"publish","type":"product","link":"https:\/\/decepenlinea.uprm.edu\/index.php\/product\/seminario-en-linea-de-camino-al-metaverso-una-nueva-realidad-educativa\/","title":{"rendered":"Seminario en l\u00ednea: De camino al Metaverso, una nueva realidad educativa"},"content":{"rendered":"<p>El uso de realidad aumentada y realidad virtual es una posibilidad hace alg\u00fan tiempo. El nuevo concepto que trae consigo un cambio de paradigma es el Metaverso. Una realidad virtual, en m\u00faltiples dimensiones y con m\u00faltiples mundos paralelos interconectados disponibles 24 horas del d\u00eda, los 7 d\u00edas de la semana y los 365 d\u00edas del a\u00f1o trae consigo infinitas posibilidades. Esto tambi\u00e9n es una realidad en los procesos de aprendizaje.<\/p>\n<p>Ya los estudios demuestran que el uso de realidad virtual puede aumentar entre un 30% a un 80% el aprovechamiento de los estudiantes. Experiencias como visitar la Estaci\u00f3n Espacial Internacional mediante realidad virtual es imposible de replicar en la educaci\u00f3n tradicional. As\u00ed mismo, y m\u00e1s simple, solo dibujar un cubo en 3 dimensiones ya nunca ser\u00e1 igual con la llegada de la realidad virtual en un ambiente inmersivo, ya que en un ambiente educativo tradicional eso es imposible, lo que se dibuja es la perspectiva de un cubo.<\/p>\n<p>En esta conferencia participativa discutiremos lo que hemos aprendido en nuestras investigaciones sobre la realidad virtual y su inminente impacto en los procesos educativos.<\/p>\n<p><b>Se proveer\u00e1 un certificado de participaci\u00f3n en formato digital.<\/b><\/p>\n","protected":false},"excerpt":{"rendered":"<p><strong>Recurso:<\/strong> Dr. Jos\u00e9 R. Ferrer<\/p>\n<p><strong>Horario:<\/strong> Live &#8211; 6:30 &#8211; 8:00 pm<\/p>\n<p><b>Fecha del seminario:<\/b>\u00a0 jueves, 9 de junio de 2022<\/p>\n<p><b>Matricula:<\/b> Hasta el 8 de junio de 2022<\/p>\n<p><strong>Equivalencia de horas contacto:<\/strong> 1.5<\/p>\n<p><strong>Espacios:<\/strong> 20<\/p>\n","protected":false},"featured_media":3947,"comment_status":"closed","ping_status":"closed","template":"","meta":{"_links_to":"","_links_to_target":""},"product_brand":[],"product_cat":[254],"product_tag":[],"class_list":{"0":"post-29355","1":"product","2":"type-product","3":"status-publish","4":"has-post-thumbnail","6":"product_cat-upr-mayaguez","8":"first","9":"outofstock","10":"shipping-taxable","11":"purchasable","12":"product-type-simple"},"_links":{"self":[{"href":"https:\/\/decepenlinea.uprm.edu\/index.php\/wp-json\/wp\/v2\/product\/29355","targetHints":{"allow":["GET"]}}],"collection":[{"href":"https:\/\/decepenlinea.uprm.edu\/index.php\/wp-json\/wp\/v2\/product"}],"about":[{"href":"https:\/\/decepenlinea.uprm.edu\/index.php\/wp-json\/wp\/v2\/types\/product"}],"replies":[{"embeddable":true,"href":"https:\/\/decepenlinea.uprm.edu\/index.php\/wp-json\/wp\/v2\/comments?post=29355"}],"wp:featuredmedia":[{"embeddable":true,"href":"https:\/\/decepenlinea.uprm.edu\/index.php\/wp-json\/wp\/v2\/media\/3947"}],"wp:attachment":[{"href":"https:\/\/decepenlinea.uprm.edu\/index.php\/wp-json\/wp\/v2\/media?parent=29355"}],"wp:term":[{"taxonomy":"product_brand","embeddable":true,"href":"https:\/\/decepenlinea.uprm.edu\/index.php\/wp-json\/wp\/v2\/product_brand?post=29355"},{"taxonomy":"product_cat","embeddable":true,"href":"https:\/\/decepenlinea.uprm.edu\/index.php\/wp-json\/wp\/v2\/product_cat?post=29355"},{"taxonomy":"product_tag","embeddable":true,"href":"https:\/\/decepenlinea.uprm.edu\/index.php\/wp-json\/wp\/v2\/product_tag?post=29355"}],"curies":[{"name":"wp","href":"https:\/\/api.w.org\/{rel}","templated":true}]}}