{"id":29160,"date":"2022-04-22T17:27:44","date_gmt":"2022-04-22T21:27:44","guid":{"rendered":"https:\/\/decepenlinea.uprm.edu\/?post_type=product&#038;p=29160"},"modified":"2022-04-22T17:28:37","modified_gmt":"2022-04-22T21:28:37","slug":"maestros-cooperadores-primera-vez-matricula-para-8-maestros-2s-2021-2022","status":"publish","type":"product","link":"https:\/\/decepenlinea.uprm.edu\/index.php\/product\/maestros-cooperadores-primera-vez-matricula-para-8-maestros-2s-2021-2022\/","title":{"rendered":"Maestros Cooperadores &#8211; PRIMERA VEZ (Matr\u00edcula para 8 maestros-2S 2021-2022)"},"content":{"rendered":"<p dir=\"ltr\" style=\"text-align: left;\">Mediante este curso, se preparar\u00e1n educadores de excelencia en la sala de clases para supervisar a los candidatos a maestro de las distintas instituciones universitarias. El mismo abarca desde el nivel preescolar hasta el secundario. En el contenido del curso se fomenta el desarrollo de las competencias necesarias para realizar una labor de excelencia en la supervisi\u00f3n de los candidatos a maestro. Como parte de la experiencia educativa, se har\u00e1 \u00e9nfasis en el desarrollo de competencias relativas a las tareas de supervisi\u00f3n como lo son planificaci\u00f3n, orientaci\u00f3n, comunicaci\u00f3n, retroalimentaci\u00f3n y evaluaci\u00f3n. Uno de los componentes esenciales del curso, es el an\u00e1lisis de las pol\u00edticas y los procedimientos normativos que rigen el Programa de Pr\u00e1ctica Docente del Departamento de Educaci\u00f3n de Puerto Rico y de las instituciones universitarias con Programas de Preparaci\u00f3n de Maestros. Adem\u00e1s, se discute el modelo andrag\u00f3gico y los procesos de una pr\u00e1ctica docente facilitadora y pertinente para el desarrollo profesional del futuro maestro.<\/p>\n<p dir=\"ltr\" style=\"text-align: left;\">Este es un curso autodirigido por m\u00f3dulos que te ofrece una credencial con certificado de equivalencia de 45 horas contacto donde se demuestra el aprendizaje mediante pruebas objetivas y la tarea de aplicaci\u00f3n final. Podr\u00e1s estudiar a tu propio paso y una vez tengas acceso no hay fechas con las cuales cumplir para las tareas. Solo debes completar el curso antes de concluir el semestre.<\/p>\n<p>Se ofrece un certificado de aprobaci\u00f3n al haber completado el curso con la puntuaci\u00f3n m\u00ednima de ejecuci\u00f3n.<\/p>\n<p>Este es un curso autodirigido, en modalidad asincr\u00f3nica. Se utiliza una estructura que facilita la participaci\u00f3n del estudiante. Las t\u00e9cnicas incluyen video aprendizaje, micro aprendizaje, aprendizaje social y aprendizaje m\u00f3vil.\u00a0 Es un curso flexible ya que se puede participar en cualquier momento y desde cualquier lugar que te encuentres mientras dure el curso.<\/p>\n<p>Una vez pases por el proceso de pago tendr\u00e1s acceso de inmediato al Sistema de Gerencia de Aprendizaje de la clase, todas las lecciones se encontrar\u00e1n abiertas y podr\u00e1s realizar el curso a tu propio paso hasta la fecha de cierre establecida.<\/p>\n<p><strong>*El certificado del curso se enviar\u00e1 digital por correo electr\u00f3nico.<\/strong><\/p>\n","protected":false},"excerpt":{"rendered":"<p><strong>Instructor:<\/strong> CREAD<\/p>\n<p><strong>Horario:<\/strong> Curso en l\u00ednea &#8211; AUTODIRIGIDO<\/p>\n<p><b>Acceso al curso:<\/b> Hasta el 24 de mayo de 2022<\/p>\n<p><b>Matricula:<\/b> Hasta el 28 de abril de 2022<\/p>\n<p><strong>Equivalencia de horas contacto:<\/strong> 45<\/p>\n<p><strong>Espacios:<\/strong> 25<\/p>\n","protected":false},"featured_media":0,"comment_status":"closed","ping_status":"closed","template":"","meta":{"_links_to":"","_links_to_target":""},"product_brand":[],"product_cat":[17],"product_tag":[],"class_list":{"0":"post-29160","1":"product","2":"type-product","3":"status-publish","5":"product_cat-uncategorized","7":"first","8":"instock","9":"downloadable","10":"virtual","11":"sold-individually","12":"purchasable","13":"product-type-simple"},"_links":{"self":[{"href":"https:\/\/decepenlinea.uprm.edu\/index.php\/wp-json\/wp\/v2\/product\/29160","targetHints":{"allow":["GET"]}}],"collection":[{"href":"https:\/\/decepenlinea.uprm.edu\/index.php\/wp-json\/wp\/v2\/product"}],"about":[{"href":"https:\/\/decepenlinea.uprm.edu\/index.php\/wp-json\/wp\/v2\/types\/product"}],"replies":[{"embeddable":true,"href":"https:\/\/decepenlinea.uprm.edu\/index.php\/wp-json\/wp\/v2\/comments?post=29160"}],"wp:attachment":[{"href":"https:\/\/decepenlinea.uprm.edu\/index.php\/wp-json\/wp\/v2\/media?parent=29160"}],"wp:term":[{"taxonomy":"product_brand","embeddable":true,"href":"https:\/\/decepenlinea.uprm.edu\/index.php\/wp-json\/wp\/v2\/product_brand?post=29160"},{"taxonomy":"product_cat","embeddable":true,"href":"https:\/\/decepenlinea.uprm.edu\/index.php\/wp-json\/wp\/v2\/product_cat?post=29160"},{"taxonomy":"product_tag","embeddable":true,"href":"https:\/\/decepenlinea.uprm.edu\/index.php\/wp-json\/wp\/v2\/product_tag?post=29160"}],"curies":[{"name":"wp","href":"https:\/\/api.w.org\/{rel}","templated":true}]}}