{"id":29063,"date":"2022-04-19T14:19:59","date_gmt":"2022-04-19T18:19:59","guid":{"rendered":"https:\/\/decepenlinea.uprm.edu\/?post_type=product&#038;p=29063"},"modified":"2025-08-26T11:29:21","modified_gmt":"2025-08-26T15:29:21","slug":"certificacion-profesional-digital-media-specialist-dms","status":"publish","type":"product","link":"https:\/\/decepenlinea.uprm.edu\/index.php\/product\/certificacion-profesional-digital-media-specialist-dms\/","title":{"rendered":"Certificaci\u00f3n Profesional Digital Media Specialist (DMS)"},"content":{"rendered":"<p>El Internet revolucion\u00f3 la manera de hacer negocios. Actualmente tener presencia en la web es una necesidad para todo tipo de empresas, organizaciones y proyectos. La <strong>Certificaci\u00f3n Profesional Digital Media Specialist (DMS)<\/strong> brinda a los participantes la capacitaci\u00f3n y las herramientas necesarias para lograr desarrollar proyectos integrales en la red. Ya sea actuando como Consultor, Gerente de Proyectos o Emprendedor independiente contar\u00e1 con las bases necesarias para planificar, desarrollar y montar un negocio con presencia efectiva en Internet.<\/p>\n<p>Conocer\u00e1 c\u00f3mo utilizar las \u00faltimas t\u00e9cnicas del Mercadeo y Publicidad Digital en dise\u00f1o, implementaci\u00f3n, ejecuci\u00f3n y desarrollo de campa\u00f1as promocionales, c\u00f3mo generar tr\u00e1fico y c\u00f3mo evaluar la eficacia de sus acciones y resultados concretos a trav\u00e9s de herramientas de an\u00e1lisis y medici\u00f3n commerce.<\/p>\n<p><strong>La Certificaci\u00f3n Incluye:<\/strong><\/p>\n<ul>\n<li><strong>(14) clases virtuales de (3) horas cada uno, para un total de (42) horas contacto.<\/strong><\/li>\n<li>Manual Electr\u00f3nico del Curso<\/li>\n<li>Certificado Profesional de Aprobaci\u00f3n<\/li>\n<li>Con un formato pr\u00e1ctico, se buscar\u00e1 mantener una din\u00e1mica participativa donde el trabajo en equipo sea uno de los factores determinantes del \u00e9xito.<\/li>\n<\/ul>\n<p>&nbsp;<\/p>\n<h3><strong>OBJETIVOS DE LA CERTIFICACI\u00d3N:<\/strong><\/h3>\n<p>El objetivo principal de la<strong> Certificaci\u00f3n Digital Media Specialist (DMS)<\/strong> es que usted se convierta en un Consultor especializado de medios digitales certificado y pueda ofrecer los siguientes servicios en su organizaci\u00f3n o como profesional independiente:<\/p>\n<ul>\n<li><strong>Plan de Mercadeo Digital: <\/strong>Objetivos, Contenido, Presencia, Acci\u00f3n y Control.<\/li>\n<li>Estrategias Profesionales para Adquirir y Retener Clientes<\/li>\n<li>Estudios de Mercado<\/li>\n<li>Desarrollo de Contenido Multimedios y Presencia Web<\/li>\n<li>Programas de Publicidad Digital:<\/li>\n<li>Facebook, Instagram, Google Ads, YouTube, Facebook, LinkedIn, Waze y Spotify.<\/li>\n<li>Desarrollo de P\u00e1ginas de Internet y Landing Pages<\/li>\n<li>Administraci\u00f3n de Redes Sociales para Empresas<\/li>\n<li>Desarrollar su propia pr\u00e1ctica profesional como Digital Media Specialist (DMS)<\/li>\n<\/ul>\n<p>&nbsp;<\/p>\n<p>Una vez pases por el proceso de pago tendr\u00e1s acceso de inmediato al Sistema de Gerencia de Aprendizaje de la clase, pero no tendr\u00e1s acceso al contenido hasta la fecha de comienzo del curso.<\/p>\n<p><b>*Pregunte por los descuentos para estudiantes y empleados.<\/b><\/p>\n<p><strong>*El certificado del curso se enviar\u00e1 digital por correo electr\u00f3nico.<\/strong><\/p>\n","protected":false},"excerpt":{"rendered":"<p><strong>Profesor:<\/strong> Luis Fernando Rivera<\/p>\n<p><strong>Horario:<\/strong> Curso en l\u00ednea &#8211; MODERADO<\/p>\n<p><b>Fecha de curso:<\/b> Comienza el 25 de mayo y culmina el 24 de agosto de 2022. \/\u00a0 Mi\u00e9rcoles 6:00-9:00 pm<\/p>\n<p><b>Matricula:<\/b> Hasta el 23 de mayo de 2022 (mientras duren los espacios)<\/p>\n<p><strong>Equivalencia de horas contacto:<\/strong> 42<\/p>\n<p><strong>Espacios:<\/strong> 10<\/p>\n","protected":false},"featured_media":17871,"comment_status":"closed","ping_status":"closed","template":"","meta":{"_links_to":"","_links_to_target":""},"product_brand":[],"product_cat":[11147,254],"product_tag":[],"class_list":{"0":"post-29063","1":"product","2":"type-product","3":"status-publish","4":"has-post-thumbnail","6":"product_cat-cursos2025","7":"product_cat-upr-mayaguez","9":"first","10":"outofstock","11":"shipping-taxable","12":"purchasable","13":"product-type-simple"},"_links":{"self":[{"href":"https:\/\/decepenlinea.uprm.edu\/index.php\/wp-json\/wp\/v2\/product\/29063","targetHints":{"allow":["GET"]}}],"collection":[{"href":"https:\/\/decepenlinea.uprm.edu\/index.php\/wp-json\/wp\/v2\/product"}],"about":[{"href":"https:\/\/decepenlinea.uprm.edu\/index.php\/wp-json\/wp\/v2\/types\/product"}],"replies":[{"embeddable":true,"href":"https:\/\/decepenlinea.uprm.edu\/index.php\/wp-json\/wp\/v2\/comments?post=29063"}],"wp:featuredmedia":[{"embeddable":true,"href":"https:\/\/decepenlinea.uprm.edu\/index.php\/wp-json\/wp\/v2\/media\/17871"}],"wp:attachment":[{"href":"https:\/\/decepenlinea.uprm.edu\/index.php\/wp-json\/wp\/v2\/media?parent=29063"}],"wp:term":[{"taxonomy":"product_brand","embeddable":true,"href":"https:\/\/decepenlinea.uprm.edu\/index.php\/wp-json\/wp\/v2\/product_brand?post=29063"},{"taxonomy":"product_cat","embeddable":true,"href":"https:\/\/decepenlinea.uprm.edu\/index.php\/wp-json\/wp\/v2\/product_cat?post=29063"},{"taxonomy":"product_tag","embeddable":true,"href":"https:\/\/decepenlinea.uprm.edu\/index.php\/wp-json\/wp\/v2\/product_tag?post=29063"}],"curies":[{"name":"wp","href":"https:\/\/api.w.org\/{rel}","templated":true}]}}