{"id":28829,"date":"2022-03-25T09:57:22","date_gmt":"2022-03-25T13:57:22","guid":{"rendered":"https:\/\/decepenlinea.uprm.edu\/?post_type=product&#038;p=28829"},"modified":"2022-03-25T11:02:49","modified_gmt":"2022-03-25T15:02:49","slug":"programacion-y-creacion-de-aplicaciones-para-dispositivos-moviles-descuento-de-empleados","status":"publish","type":"product","link":"https:\/\/decepenlinea.uprm.edu\/index.php\/product\/programacion-y-creacion-de-aplicaciones-para-dispositivos-moviles-descuento-de-empleados\/","title":{"rendered":"Programaci\u00f3n y Creaci\u00f3n de Aplicaciones para Dispositivos M\u00f3viles (Descuento de empleados y estudiantes)"},"content":{"rendered":"<p>En este curso el estudiantes adquiere los conceptos b\u00e1sicos de programaci\u00f3n de dispositivos m\u00f3viles como tel\u00e9fonos inteligentes y tabletas con el sistema operativo Android. No es necesario tener ninguna base en programaci\u00f3n. Se comienza desde cero. El estudiante identifica programados de c\u00f3digo abierto completamente gratuitos que le permitir\u00e1n crear aplicaciones. Luego de crear su aplicaci\u00f3n el estudiantes aprender\u00e1 a instalarla en su dispositivo m\u00f3vil.<\/p>\n<p>El curso de Programaci\u00f3n y Creaci\u00f3n de Aplicaciones para Dispositivos M\u00f3viles es parte de la <a href=\"https:\/\/decepenlinea.uprm.edu\/index.php\/product\/academia-de-programacion-decep-coding-school-3\/\">Academia de Programaci\u00f3n Decep Coding School<\/a>.<\/p>\n<p>Puedes matricular el curso individual o como parte de la certificaci\u00f3n. Al pagarlo como parte de la certificaci\u00f3n, obtienes un descuento.<\/p>\n<p>Se ofrece un certificado de aprobaci\u00f3n al haber completado el curso con la puntuaci\u00f3n m\u00ednima de ejecuci\u00f3n.<\/p>\n<p>Este es un curso moderado con estrategia asincr\u00f3nica donde el participante adquiere la informaci\u00f3n con video aprendizaje. Es un curso flexible ya que se puede participar en cualquier momento y desde cualquier lugar que te encuentres mientras dure el curso. Abre una lecci\u00f3n por semana y el estudiante puede realizarla dentro de las fechas de apertura y cierre.<\/p>\n<p>Una vez pases por el proceso de pago tendr\u00e1s acceso de inmediato al Sistema de Gerencia de Aprendizaje de la clase, pero no tendr\u00e1s acceso al contenido hasta la fecha de comienzo del curso.<\/p>\n<p><strong>*El certificado del curso se enviar\u00e1 digital por correo electr\u00f3nico.<\/strong><\/p>\n","protected":false},"excerpt":{"rendered":"<p><strong>Instructor:<\/strong> Rafael Su\u00e1rez<\/p>\n<p><strong>Horario:<\/strong> Curso en l\u00ednea &#8211; MODERADO<\/p>\n<p><b>Fecha del curso:<\/b> 7 de abril al 18 de mayo de 2022<\/p>\n<p><b>Matricula:<\/b> Hasta el 6 de abril de 2022 (mientras duren los espacios)<\/p>\n<p><strong>Equivalencia de horas contacto:<\/strong> 15<\/p>\n<p><strong>Espacios:<\/strong> 15<\/p>\n","protected":false},"featured_media":3742,"comment_status":"closed","ping_status":"closed","template":"","meta":{"_links_to":"","_links_to_target":""},"product_brand":[],"product_cat":[17],"product_tag":[],"class_list":{"0":"post-28829","1":"product","2":"type-product","3":"status-publish","4":"has-post-thumbnail","6":"product_cat-uncategorized","8":"first","9":"outofstock","10":"sold-individually","11":"shipping-taxable","12":"purchasable","13":"product-type-simple"},"_links":{"self":[{"href":"https:\/\/decepenlinea.uprm.edu\/index.php\/wp-json\/wp\/v2\/product\/28829","targetHints":{"allow":["GET"]}}],"collection":[{"href":"https:\/\/decepenlinea.uprm.edu\/index.php\/wp-json\/wp\/v2\/product"}],"about":[{"href":"https:\/\/decepenlinea.uprm.edu\/index.php\/wp-json\/wp\/v2\/types\/product"}],"replies":[{"embeddable":true,"href":"https:\/\/decepenlinea.uprm.edu\/index.php\/wp-json\/wp\/v2\/comments?post=28829"}],"wp:featuredmedia":[{"embeddable":true,"href":"https:\/\/decepenlinea.uprm.edu\/index.php\/wp-json\/wp\/v2\/media\/3742"}],"wp:attachment":[{"href":"https:\/\/decepenlinea.uprm.edu\/index.php\/wp-json\/wp\/v2\/media?parent=28829"}],"wp:term":[{"taxonomy":"product_brand","embeddable":true,"href":"https:\/\/decepenlinea.uprm.edu\/index.php\/wp-json\/wp\/v2\/product_brand?post=28829"},{"taxonomy":"product_cat","embeddable":true,"href":"https:\/\/decepenlinea.uprm.edu\/index.php\/wp-json\/wp\/v2\/product_cat?post=28829"},{"taxonomy":"product_tag","embeddable":true,"href":"https:\/\/decepenlinea.uprm.edu\/index.php\/wp-json\/wp\/v2\/product_tag?post=28829"}],"curies":[{"name":"wp","href":"https:\/\/api.w.org\/{rel}","templated":true}]}}