{"id":28144,"date":"2022-02-11T14:22:55","date_gmt":"2022-02-11T18:22:55","guid":{"rendered":"https:\/\/decepenlinea.uprm.edu\/?post_type=product&#038;p=28144"},"modified":"2022-06-02T16:31:04","modified_gmt":"2022-06-02T20:31:04","slug":"certificacion-de-aptitud-fisica-entrenador-personal-plan-de-pago-itsabella-emanuelli-collazo-aptitud-fisica-187-50","status":"publish","type":"product","link":"https:\/\/decepenlinea.uprm.edu\/index.php\/product\/certificacion-de-aptitud-fisica-entrenador-personal-plan-de-pago-itsabella-emanuelli-collazo-aptitud-fisica-187-50\/","title":{"rendered":"Certificaci\u00f3n de Aptitud F\u00edsica (Entrenador Personal) (Plan de pago Itsabella Emanuelli Collazo (aptitud f\u00edsica $187.50)"},"content":{"rendered":"<div>La Academia de\u00a0<span class=\"mark3wqixtcdb\" data-markjs=\"true\" data-ogac=\"\" data-ogab=\"\" data-ogsc=\"\" data-ogsb=\"\">Aptitud<\/span>\u00a0F\u00edsica del RUM llega a ustedes gracias la colaboraci\u00f3n de la Divisi\u00f3n de Educaci\u00f3n Continua y Estudios Profesionales (DECEP) y el Centro de Recursos para la Educaci\u00f3n a Distancia (CREAD). Estos cursos preparan a los participantes para obtener la licencia del Departamento de Recreaci\u00f3n y Deportes de Puerto Rico. Cada uno de estos cursos son facilitados por profesionales capacitados y certificados para as\u00ed hacerlo. Adem\u00e1s, los cursos cuentan con el proceso de dise\u00f1o instruccional de alta calidad que rige la educaci\u00f3n a distancia de nuestro recinto.<\/div>\n<div><\/div>\n<div>Los cursos se ofrecen con una metodolog\u00eda de aprendizaje activo y social por video conferencia a trav\u00e9s de la internet. Estos cursos son moderados por un instructor especialista en el tema. Cada uno de los cursos estar\u00e1 disponible para el participante en el Sistema de Gesti\u00f3n de Aprendizaje Institucional de las DECEP de la UPR en http:\/\/decep.upr.edu. Este sistema integra no solo la video conferencia a celebrarse en los d\u00edas en horas estipulados con el instructor, tambi\u00e9n se comparte otro contenido mediante videos, textos, enlaces y documentos, actividades de colaboraci\u00f3n como foros y chat, adem\u00e1s de las actividades de evaluaci\u00f3n como tareas con sus r\u00fabricas y pruebas. Estas \u00faltimas van preparado al participantes para el examen, para obtener la licencia de Instructor de <span class=\"mark3wqixtcdb\" data-markjs=\"true\" data-ogac=\"\" data-ogab=\"\" data-ogsc=\"\" data-ogsb=\"\">Aptitud<\/span>\u00a0F\u00edsica de Puerto Rico, que es administrado por el Departamento de Recreaci\u00f3n y Deportes de Puerto Rico. Cada uno de estos cursos se aprueba con 70% o m\u00e1s de ejecuci\u00f3n y el participante recibe un certificado de aprobaci\u00f3n con la cantidad de horas contacto para cada uno.<\/div>\n<div aria-hidden=\"true\"><\/div>\n<div>Cursos que forman parte de la certificaci\u00f3n:<\/div>\n<div><\/div>\n<ol>\n<li><a href=\"https:\/\/decepenlinea.uprm.edu\/index.php\/product\/fisiologia-del-ejercicio-s2-2021-2022\/\">Fisiolog\u00eda del Ejercicio<\/a>&#8211; Instructor: Omar Aguilar\/ Curso comienza el 15 de febrero al 1 de marzo de 2022\/Martes y Jueves\/ 6:00 &#8211; 8:30 pm\/ curso moderado de 15 horas contacto.<\/li>\n<li><a href=\"https:\/\/decepenlinea.uprm.edu\/index.php\/product\/biometrica-s2-2021-2022\/\">Biom\u00e9canica del Ejercicio<\/a>&#8211; Instructor: Omar Aguilar\/ Curso comienza el 3 al 17 de marzo de 2022\/ Martes y Jueves\/ 6:00 &#8211; 8:30 pm\/curso moderado de 15 horas contacto.<\/li>\n<li><a href=\"https:\/\/decepenlinea.uprm.edu\/index.php\/product\/prescripcion-de-ejercicios-s2-2021-2022\/\">Prescripci\u00f3n de Ejercicios<\/a>&#8211; Instructor: Omar Aguilar\/ Curso comienza el 22 de marzo al 5 de abril de 2022\/ Martes y Jueves\/ 6:00 &#8211; 8:30 pm\/ curso moderado de 15 horas contacto.<\/li>\n<li><a href=\"https:\/\/decepenlinea.uprm.edu\/index.php\/product\/nutricion-s2-2021-2022\/\">Nutrici\u00f3n<\/a>&#8211; Instructor: Omar Aguilar\/ Curso comienza el 7 al 21 de abril de 2022\/ Martes y Jueves\/ 6:00 &#8211; 8:30 pm\/ curso moderado de 15 horas contacto.<\/li>\n<li><a href=\"https:\/\/decepenlinea.uprm.edu\/index.php\/product\/anatomia-s2-2021-2022\/\">Anatom\u00eda<\/a>&#8211; Instructor: Omar Aguilar\/ Curso comienza el 28 de abril al 12 de mayo de 2022\/ Martes y Jueves\/ 6:00 &#8211; 8:30 pm\/ curso moderado de 15 horas contacto.<\/li>\n<li><a href=\"https:\/\/decepenlinea.uprm.edu\/index.php\/product\/evaluacion-y-medicion-s2-2021-2022\/\">Evaluaci\u00f3n y Medici\u00f3n<\/a>&#8211; Instructor: Omar Aguilar\/ Curso comienza el 17 al 31 de mayo de 2022\/ Martes y Jueves\/ 6:00 &#8211; 8:30 pm\/ curso moderado de 15 horas contacto.<\/li>\n<li><a href=\"https:\/\/decepenlinea.uprm.edu\/index.php\/product\/aspectos-administrativos-s2-2021-2022\/\">Aspectos Administrativos<\/a> &#8211; Instructor: Omar Aguilar\/ Curso comienza el 7 al 21 de junio de 2022\/ Martes y Jueves\/ 6:00 &#8211; 8:30 pm\/ curso moderado de 15 horas contacto.<\/li>\n<li><a href=\"https:\/\/decepenlinea.uprm.edu\/index.php\/product\/laboratorio-practico-s2-2021-2022\/\">Laboratorio Pr\u00e1ctico<\/a>: (100 horas) de pr\u00e1ctica en un centro reconocido por el Departamento de Recreaci\u00f3n y Deportes con un instructor de\u00a0<span class=\"mark3wqixtcdb\" data-markjs=\"true\" data-ogac=\"\" data-ogab=\"\" data-ogsc=\"\" data-ogsb=\"\">aptitud<\/span>\u00a0F\u00edsica licenciado.<\/li>\n<\/ol>\n<p>Los cursos se ofrecen con una metodolog\u00eda de aprendizaje activo y social por video conferencia a trav\u00e9s de la internet. Estos cursos son moderados por un instructor especialista en el tema. Cada uno de los cursos estar\u00e1 disponible para el participante en el Sistema de Gesti\u00f3n de Aprendizaje Institucional de las DECEP de la UPR en http:\/\/decep.upr.edu. Este sistema basado en Moodle integra no solo la video conferencia a celebrarse en los d\u00edas en horas estipulados con el instructor, tambi\u00e9n se comparte otro contenido mediante videos, textos, enlaces y documentos, actividades de colaboraci\u00f3n como foros y chat, adem\u00e1s de las actividades de evaluaci\u00f3n como tareas con sus r\u00fabricas y pruebas. Estas \u00faltimas van preparado al participantes para el examen, para obtener la licencia de Instructor de Aptitud F\u00edsica de Puerto Rico, que es administrado por el Departamento de Recreaci\u00f3n y Deportes de Puerto Rico. Cada uno de estos cursos se aprueba con 70% o m\u00e1s de ejecuci\u00f3n y el participante recibe un certificado de aprobaci\u00f3n con la cantidad de horas contacto para cada uno.<\/p>\n<p>En conjunto, el participante culmina el proceso con 8 cursos certificados y una certificaci\u00f3n de especialidad (9 certificados en total) con la equivalencia de 205 horas de capacitaci\u00f3n en el tema.<\/p>\n<p>Se ofrece un certificado por cada curso completado con la puntuaci\u00f3n m\u00ednima de ejecuci\u00f3n.<\/p>\n<p>En esta \u00e1rea estar\u00eda pagando por los 8 cursos en bloque. Para una descripci\u00f3n m\u00e1s detallada de cada curso puede visitar cada producto de manera individual.<\/p>\n<p>Una vez pases por el proceso de pago tendr\u00e1s acceso de inmediato al Sistema de Gerencia de Aprendizaje de la clase, pero no tendr\u00e1s acceso al contenido hasta la fecha de comienzo de cada curso.<\/p>\n<p><strong>*El certificado del curso se enviar\u00e1 digital por correo electr\u00f3nico.<\/strong><\/p>\n","protected":false},"excerpt":{"rendered":"<p><b>Horas Contacto: <\/b>205<\/p>\n<p>Plazos plan de pago<\/p>\n<p>primer plazo-2.marzo.2022\/ $187.50\/ # recibo 28611<\/p>\n<p>segundo plazo-2.abril.2022\/ $187.50\/ # recibo 28943<\/p>\n<p>tercer plazo-2.mayo.2022\/$187.50\/ # recibo 29217<\/p>\n<p>cuarto plazo-2.junio.2022\/$187.50\/ # recibo 29672<\/p>\n<p>&nbsp;<\/p>\n","protected":false},"featured_media":26555,"comment_status":"closed","ping_status":"closed","template":"","meta":{"_links_to":"","_links_to_target":""},"product_brand":[],"product_cat":[17],"product_tag":[],"class_list":{"0":"post-28144","1":"product","2":"type-product","3":"status-publish","4":"has-post-thumbnail","6":"product_cat-uncategorized","8":"first","9":"outofstock","10":"downloadable","11":"virtual","12":"sold-individually","13":"purchasable","14":"product-type-simple"},"_links":{"self":[{"href":"https:\/\/decepenlinea.uprm.edu\/index.php\/wp-json\/wp\/v2\/product\/28144","targetHints":{"allow":["GET"]}}],"collection":[{"href":"https:\/\/decepenlinea.uprm.edu\/index.php\/wp-json\/wp\/v2\/product"}],"about":[{"href":"https:\/\/decepenlinea.uprm.edu\/index.php\/wp-json\/wp\/v2\/types\/product"}],"replies":[{"embeddable":true,"href":"https:\/\/decepenlinea.uprm.edu\/index.php\/wp-json\/wp\/v2\/comments?post=28144"}],"wp:featuredmedia":[{"embeddable":true,"href":"https:\/\/decepenlinea.uprm.edu\/index.php\/wp-json\/wp\/v2\/media\/26555"}],"wp:attachment":[{"href":"https:\/\/decepenlinea.uprm.edu\/index.php\/wp-json\/wp\/v2\/media?parent=28144"}],"wp:term":[{"taxonomy":"product_brand","embeddable":true,"href":"https:\/\/decepenlinea.uprm.edu\/index.php\/wp-json\/wp\/v2\/product_brand?post=28144"},{"taxonomy":"product_cat","embeddable":true,"href":"https:\/\/decepenlinea.uprm.edu\/index.php\/wp-json\/wp\/v2\/product_cat?post=28144"},{"taxonomy":"product_tag","embeddable":true,"href":"https:\/\/decepenlinea.uprm.edu\/index.php\/wp-json\/wp\/v2\/product_tag?post=28144"}],"curies":[{"name":"wp","href":"https:\/\/api.w.org\/{rel}","templated":true}]}}