{"id":27031,"date":"2021-11-03T15:53:33","date_gmt":"2021-11-03T19:53:33","guid":{"rendered":"https:\/\/decepenlinea.uprm.edu\/?post_type=product&#038;p=27031"},"modified":"2022-04-18T08:06:13","modified_gmt":"2022-04-18T12:06:13","slug":"excel-completo-basico-intermedio-y-avanzado-para-empresas-plan-de-pago-sigrid-m-ramos-rivera","status":"publish","type":"product","link":"https:\/\/decepenlinea.uprm.edu\/index.php\/product\/excel-completo-basico-intermedio-y-avanzado-para-empresas-plan-de-pago-sigrid-m-ramos-rivera\/","title":{"rendered":"Excel Completo (B\u00e1sico, Intermedio y Avanzado para Empresas) (Plan de pago Sigrid M. Ramos Rivera)"},"content":{"rendered":"<p dir=\"ltr\" style=\"text-align: left;\">En este curso el estudiantes adquiere los conceptos avanzados del uso del programa Microsoft Excel con prop\u00f3sitos empresariales. Se incluyen temas desde la validaci\u00f3n de datos, formulas de b\u00fasqueda, s\u00faper formulas, funciones de decisi\u00f3n, tablas pivote hasta formato condicional.<\/p>\n","protected":false},"excerpt":{"rendered":"<p><b>Horas Contacto: 45<\/b><\/p>\n<p>Plan de pago:<\/p>\n<p>Primer plazo: 25.octubre.2021\/$82.00\/#recibo: 27034<\/p>\n<p>Segundo plazo: 15.febrero.2022\/ $82.00\/#recibo: 28225<\/p>\n<p>Tercer plazo: 15.abril.2022\/ $81.00\/#recibo: 29049<\/p>\n","protected":false},"featured_media":0,"comment_status":"closed","ping_status":"closed","template":"","meta":{"_links_to":"","_links_to_target":""},"product_brand":[],"product_cat":[17],"product_tag":[],"class_list":{"0":"post-27031","1":"product","2":"type-product","3":"status-publish","5":"product_cat-uncategorized","7":"first","8":"outofstock","9":"shipping-taxable","10":"purchasable","11":"product-type-simple"},"_links":{"self":[{"href":"https:\/\/decepenlinea.uprm.edu\/index.php\/wp-json\/wp\/v2\/product\/27031","targetHints":{"allow":["GET"]}}],"collection":[{"href":"https:\/\/decepenlinea.uprm.edu\/index.php\/wp-json\/wp\/v2\/product"}],"about":[{"href":"https:\/\/decepenlinea.uprm.edu\/index.php\/wp-json\/wp\/v2\/types\/product"}],"replies":[{"embeddable":true,"href":"https:\/\/decepenlinea.uprm.edu\/index.php\/wp-json\/wp\/v2\/comments?post=27031"}],"wp:attachment":[{"href":"https:\/\/decepenlinea.uprm.edu\/index.php\/wp-json\/wp\/v2\/media?parent=27031"}],"wp:term":[{"taxonomy":"product_brand","embeddable":true,"href":"https:\/\/decepenlinea.uprm.edu\/index.php\/wp-json\/wp\/v2\/product_brand?post=27031"},{"taxonomy":"product_cat","embeddable":true,"href":"https:\/\/decepenlinea.uprm.edu\/index.php\/wp-json\/wp\/v2\/product_cat?post=27031"},{"taxonomy":"product_tag","embeddable":true,"href":"https:\/\/decepenlinea.uprm.edu\/index.php\/wp-json\/wp\/v2\/product_tag?post=27031"}],"curies":[{"name":"wp","href":"https:\/\/api.w.org\/{rel}","templated":true}]}}