{"id":26303,"date":"2021-09-30T07:33:29","date_gmt":"2021-09-30T11:33:29","guid":{"rendered":"https:\/\/decepenlinea.uprm.edu\/?post_type=product&#038;p=26303"},"modified":"2021-09-30T12:34:17","modified_gmt":"2021-09-30T16:34:17","slug":"certificado-de-convalidacion-por-asistencia-a-seminario-en-linea-diversidad-funcional-accesibilidad-en-la-educacion-a-distancia","status":"publish","type":"product","link":"https:\/\/decepenlinea.uprm.edu\/index.php\/product\/certificado-de-convalidacion-por-asistencia-a-seminario-en-linea-diversidad-funcional-accesibilidad-en-la-educacion-a-distancia\/","title":{"rendered":"Certificado de convalidaci\u00f3n por asistencia a seminario en l\u00ednea (Diversidad funcional: Accesibilidad en la educaci\u00f3n a distancia)"},"content":{"rendered":"<p>Aqu\u00ed pagar\u00e1s el certificado de convalidaci\u00f3n por las 1.5 horas de asistencia al seminario en l\u00ednea:<\/p>\n<div><b>Diversidad funcional: Accesibilidad en la educaci\u00f3n a distancia<\/b><\/div>\n<div><\/div>\n<p>Recibir\u00e1s tu certificado al correo electr\u00f3nico con el cual te registres en o antes de las pr\u00f3ximas 48 horas luego de realizar tu pago. Su certificado saldr\u00e1 con el nombre con el cual se registr\u00f3 al momento de realizar su pago.<\/p>\n","protected":false},"excerpt":{"rendered":"<p>Aqu\u00ed pagar\u00e1s el certificado de convalidaci\u00f3n por las 1.5 horas de asistencia al seminario en l\u00ednea: <b>Diversidad funcional: Accesibilidad en la educaci\u00f3n a distancia<\/b><\/p>\n<p>Recibir\u00e1s tu certificado en o antes de las pr\u00f3ximas 48 horas luego de realizar tu pago.<\/p>\n","protected":false},"featured_media":3753,"comment_status":"closed","ping_status":"closed","template":"","meta":{"_links_to":"","_links_to_target":""},"product_brand":[],"product_cat":[17,254],"product_tag":[],"class_list":{"0":"post-26303","1":"product","2":"type-product","3":"status-publish","4":"has-post-thumbnail","6":"product_cat-uncategorized","7":"product_cat-upr-mayaguez","9":"first","10":"instock","11":"virtual","12":"purchasable","13":"product-type-simple"},"_links":{"self":[{"href":"https:\/\/decepenlinea.uprm.edu\/index.php\/wp-json\/wp\/v2\/product\/26303","targetHints":{"allow":["GET"]}}],"collection":[{"href":"https:\/\/decepenlinea.uprm.edu\/index.php\/wp-json\/wp\/v2\/product"}],"about":[{"href":"https:\/\/decepenlinea.uprm.edu\/index.php\/wp-json\/wp\/v2\/types\/product"}],"replies":[{"embeddable":true,"href":"https:\/\/decepenlinea.uprm.edu\/index.php\/wp-json\/wp\/v2\/comments?post=26303"}],"wp:featuredmedia":[{"embeddable":true,"href":"https:\/\/decepenlinea.uprm.edu\/index.php\/wp-json\/wp\/v2\/media\/3753"}],"wp:attachment":[{"href":"https:\/\/decepenlinea.uprm.edu\/index.php\/wp-json\/wp\/v2\/media?parent=26303"}],"wp:term":[{"taxonomy":"product_brand","embeddable":true,"href":"https:\/\/decepenlinea.uprm.edu\/index.php\/wp-json\/wp\/v2\/product_brand?post=26303"},{"taxonomy":"product_cat","embeddable":true,"href":"https:\/\/decepenlinea.uprm.edu\/index.php\/wp-json\/wp\/v2\/product_cat?post=26303"},{"taxonomy":"product_tag","embeddable":true,"href":"https:\/\/decepenlinea.uprm.edu\/index.php\/wp-json\/wp\/v2\/product_tag?post=26303"}],"curies":[{"name":"wp","href":"https:\/\/api.w.org\/{rel}","templated":true}]}}