{"id":25945,"date":"2021-09-13T16:12:40","date_gmt":"2021-09-13T20:12:40","guid":{"rendered":"https:\/\/decepenlinea.uprm.edu\/?post_type=product&#038;p=25945"},"modified":"2022-01-25T18:27:02","modified_gmt":"2022-01-25T22:27:02","slug":"maestros-cooperadores-primera-vez-pago-para-6-maestros-escuela-elemental-y-superior-antolina-velez-de-la-universidad-interamericana-recinto-de-aguadilla","status":"publish","type":"product","link":"https:\/\/decepenlinea.uprm.edu\/index.php\/product\/maestros-cooperadores-primera-vez-pago-para-6-maestros-escuela-elemental-y-superior-antolina-velez-de-la-universidad-interamericana-recinto-de-aguadilla\/","title":{"rendered":"Maestros Cooperadores &#8211; PRIMERA VEZ (Pago para 6 maestros) (Escuela Elemental y Superior Antolina V\u00e9lez de la Universidad Interamericana, Recinto de Aguadilla)"},"content":{"rendered":"<p dir=\"ltr\" style=\"text-align:left;\">Mediante este curso, se preparar\u00e1n educadores de excelencia en la sala de clases para supervisar a los candidatos a maestro de las distintas instituciones universitarias. El mismo abarca desde el nivel preescolar hasta el secundario. En el contenido del curso se fomenta el desarrollo de las competencias necesarias para realizar una labor de excelencia en la supervisi\u00f3n de los candidatos a maestro. Como parte de la experiencia educativa, se har\u00e1 \u00e9nfasis en el desarrollo de competencias relativas a las tareas de supervisi\u00f3n como lo son planificaci\u00f3n, orientaci\u00f3n, comunicaci\u00f3n, retroalimentaci\u00f3n y evaluaci\u00f3n. Uno de los componentes esenciales del curso, es el an\u00e1lisis de las pol\u00edticas y los procedimientos normativos que rigen el Programa de Pr\u00e1ctica Docente del Departamento de Educaci\u00f3n de Puerto Rico y de las instituciones universitarias con Programas de Preparaci\u00f3n de Maestros. Adem\u00e1s, se discute el modelo andrag\u00f3gico y los procesos de una pr\u00e1ctica docente facilitadora y pertinente para el desarrollo profesional del futuro maestro. La modalidad de impartir este curso puede ser presencial o una combinaci\u00f3n de presencial y en l\u00ednea. Este curso contar\u00e1 como horas contacto de desarrollo profesional.<\/p>\n","protected":false},"excerpt":{"rendered":"<p><strong>Instructor:<\/strong> CREAD<\/p>\n<p><strong>Horario:<\/strong> Curso en l\u00ednea &#8211; AUTODIRIGIDO<\/p>\n<p><b>Acceso al curso:<\/b> Curso abre el 1 de agosto y tendr\u00e1 acceso hasta el 10 de diciembre de 2021.<\/p>\n<p><b>Matricula:<\/b> Hasta el 1 de noviembre de 2021.<\/p>\n<p><strong>Equivalencia de horas contacto:<\/strong> 45<\/p>\n<p><strong>Espacios:<\/strong> 15<\/p>\n","protected":false},"featured_media":0,"comment_status":"closed","ping_status":"closed","template":"","meta":{"_links_to":"","_links_to_target":""},"product_brand":[],"product_cat":[17],"product_tag":[],"class_list":{"0":"post-25945","1":"product","2":"type-product","3":"status-publish","5":"product_cat-uncategorized","7":"first","8":"outofstock","9":"downloadable","10":"virtual","11":"sold-individually","12":"purchasable","13":"product-type-simple"},"_links":{"self":[{"href":"https:\/\/decepenlinea.uprm.edu\/index.php\/wp-json\/wp\/v2\/product\/25945","targetHints":{"allow":["GET"]}}],"collection":[{"href":"https:\/\/decepenlinea.uprm.edu\/index.php\/wp-json\/wp\/v2\/product"}],"about":[{"href":"https:\/\/decepenlinea.uprm.edu\/index.php\/wp-json\/wp\/v2\/types\/product"}],"replies":[{"embeddable":true,"href":"https:\/\/decepenlinea.uprm.edu\/index.php\/wp-json\/wp\/v2\/comments?post=25945"}],"wp:attachment":[{"href":"https:\/\/decepenlinea.uprm.edu\/index.php\/wp-json\/wp\/v2\/media?parent=25945"}],"wp:term":[{"taxonomy":"product_brand","embeddable":true,"href":"https:\/\/decepenlinea.uprm.edu\/index.php\/wp-json\/wp\/v2\/product_brand?post=25945"},{"taxonomy":"product_cat","embeddable":true,"href":"https:\/\/decepenlinea.uprm.edu\/index.php\/wp-json\/wp\/v2\/product_cat?post=25945"},{"taxonomy":"product_tag","embeddable":true,"href":"https:\/\/decepenlinea.uprm.edu\/index.php\/wp-json\/wp\/v2\/product_tag?post=25945"}],"curies":[{"name":"wp","href":"https:\/\/api.w.org\/{rel}","templated":true}]}}