{"id":25723,"date":"2021-09-09T11:01:49","date_gmt":"2021-09-09T15:01:49","guid":{"rendered":"https:\/\/decepenlinea.uprm.edu\/?post_type=product&#038;p=25723"},"modified":"2021-09-09T11:05:38","modified_gmt":"2021-09-09T15:05:38","slug":"certificado-de-convalidacion-por-asistencia-a-seminario-en-linea-la-calidad-importa-en-la-educacion-a-distanciaquality-matters-y-criterios-de-alta-calidad","status":"publish","type":"product","link":"https:\/\/decepenlinea.uprm.edu\/index.php\/product\/certificado-de-convalidacion-por-asistencia-a-seminario-en-linea-la-calidad-importa-en-la-educacion-a-distanciaquality-matters-y-criterios-de-alta-calidad\/","title":{"rendered":"Certificado de convalidaci\u00f3n por asistencia a seminario en l\u00ednea (La calidad importa en la educaci\u00f3n a distancia:Quality Matters y criterios de alta calidad)"},"content":{"rendered":"<p>Aqu\u00ed pagar\u00e1s el certificado de convalidaci\u00f3n por las 1.5 horas de asistencia al seminario en l\u00ednea: <b>La calidad importa en la educaci\u00f3n a distancia:Quality Matters y criterios de alta calidad<\/b><\/p>\n<p>Recibir\u00e1s tu certificado al correo electr\u00f3nico con el cual te registres en o antes de las pr\u00f3ximas 48 horas luego de realizar tu pago. Su certificado saldr\u00e1 con el nombre con el cual se registr\u00f3 al momento de realizar su pago.<\/p>\n","protected":false},"excerpt":{"rendered":"<p>Aqu\u00ed pagar\u00e1s el certificado de convalidaci\u00f3n por las 1.5 horas de asistencia al seminario en l\u00ednea: <b>La calidad importa en la educaci\u00f3n a distancia:Quality Matters y criterios de alta calidad<\/b><\/p>\n<p>Recibir\u00e1s tu certificado en o antes de las pr\u00f3ximas 48 horas luego de realizar tu pago.<\/p>\n","protected":false},"featured_media":3753,"comment_status":"closed","ping_status":"closed","template":"","meta":{"_links_to":"","_links_to_target":""},"product_brand":[],"product_cat":[17],"product_tag":[],"class_list":{"0":"post-25723","1":"product","2":"type-product","3":"status-publish","4":"has-post-thumbnail","6":"product_cat-uncategorized","8":"first","9":"instock","10":"virtual","11":"purchasable","12":"product-type-simple"},"_links":{"self":[{"href":"https:\/\/decepenlinea.uprm.edu\/index.php\/wp-json\/wp\/v2\/product\/25723","targetHints":{"allow":["GET"]}}],"collection":[{"href":"https:\/\/decepenlinea.uprm.edu\/index.php\/wp-json\/wp\/v2\/product"}],"about":[{"href":"https:\/\/decepenlinea.uprm.edu\/index.php\/wp-json\/wp\/v2\/types\/product"}],"replies":[{"embeddable":true,"href":"https:\/\/decepenlinea.uprm.edu\/index.php\/wp-json\/wp\/v2\/comments?post=25723"}],"wp:featuredmedia":[{"embeddable":true,"href":"https:\/\/decepenlinea.uprm.edu\/index.php\/wp-json\/wp\/v2\/media\/3753"}],"wp:attachment":[{"href":"https:\/\/decepenlinea.uprm.edu\/index.php\/wp-json\/wp\/v2\/media?parent=25723"}],"wp:term":[{"taxonomy":"product_brand","embeddable":true,"href":"https:\/\/decepenlinea.uprm.edu\/index.php\/wp-json\/wp\/v2\/product_brand?post=25723"},{"taxonomy":"product_cat","embeddable":true,"href":"https:\/\/decepenlinea.uprm.edu\/index.php\/wp-json\/wp\/v2\/product_cat?post=25723"},{"taxonomy":"product_tag","embeddable":true,"href":"https:\/\/decepenlinea.uprm.edu\/index.php\/wp-json\/wp\/v2\/product_tag?post=25723"}],"curies":[{"name":"wp","href":"https:\/\/api.w.org\/{rel}","templated":true}]}}