{"id":25035,"date":"2021-07-29T10:48:03","date_gmt":"2021-07-29T14:48:03","guid":{"rendered":"https:\/\/decepenlinea.uprm.edu\/?post_type=product&#038;p=25035"},"modified":"2022-06-15T07:39:30","modified_gmt":"2022-06-15T11:39:30","slug":"excel-intermedio-4","status":"publish","type":"product","link":"https:\/\/decepenlinea.uprm.edu\/index.php\/product\/excel-intermedio-4\/","title":{"rendered":"Excel Intermedio"},"content":{"rendered":"<p dir=\"ltr\" style=\"text-align: left;\">El curso de Excel Intermedio permite el conocimiento intermedio de la herramienta Excel, ense\u00f1ando las operaciones: f\u00f3rmulas, funciones y gr\u00e1ficos, en el manejo de informaci\u00f3n y las tareas del programa para su aplicaci\u00f3n en entornos laborales y acad\u00e9micos. En este curso cada estudiante conocer\u00e1 a fondo las instrucciones de Excel que trabajan con fechas, condiciones, nombres, textos, protecci\u00f3n de las hojas de c\u00e1lculos, filtros y creaci\u00f3n de tablas.<\/p>\n<p>El curso tiene una duraci\u00f3n de 6 semanas. Se espera que el estudiante dedique 2.5 horas por semana. El certificado que se le otorgar\u00e1 ser\u00e1 de acuerdo con su ejecuci\u00f3n en el curso.<\/p>\n<p>El curso de Microsoft Excel Intermedio es parte de la <a href=\"https:\/\/decepenlinea.uprm.edu\/index.php\/product\/excel-completo-basico-intermedio-y-avanzado-para-empresas-4\/\">Certificaci\u00f3n de Excel Completo<\/a>.<\/p>\n<p>Puedes matricular el curso individual o como parte de la certificaci\u00f3n. Al pagarlo como parte de la certificaci\u00f3n, obtienes un descuento.<\/p>\n<p>Se ofrece un certificado de aprobaci\u00f3n al haber completado el curso con la puntuaci\u00f3n m\u00ednima de ejecuci\u00f3n.<\/p>\n<p>Este es un curso moderado con estrategia asincr\u00f3nica donde el participante adquiere la informaci\u00f3n con video aprendizaje. Es un curso flexible ya que se puede participar en cualquier momento y desde cualquier lugar que te encuentres mientras dure el curso. Abre una lecci\u00f3n por semana y el estudiante puede realizarla dentro de las fechas de apertura y cierre.<\/p>\n<p>Una vez pases por el proceso de pago tendr\u00e1s acceso de inmediato al Sistema de Gerencia de Aprendizaje de la clase, pero no tendr\u00e1s acceso al contenido hasta la fecha de comienzo del curso.<\/p>\n<p><strong>*El certificado del curso se enviar\u00e1 digital por correo electr\u00f3nico.<\/strong><\/p>\n","protected":false},"excerpt":{"rendered":"<p><strong>Profesor:<\/strong> Prof. Rafael G. Su\u00e1rez<\/p>\n<p><strong>Horario:<\/strong> Curso en l\u00ednea &#8211; MODERADO<\/p>\n<p><b>Fecha del curso:<\/b> Comienza el 20 de abril y culmina el 31 de mayo de 2022.<\/p>\n<p><b>Matricula:<\/b> Hasta el 19 de abril de 2022 (mientras duren los espacios)<\/p>\n<p><strong>Equivalencia de horas contacto:<\/strong> 15<\/p>\n<p><strong>Espacios:<\/strong> 15<\/p>\n","protected":false},"featured_media":3750,"comment_status":"closed","ping_status":"closed","template":"","meta":{"_links_to":"","_links_to_target":""},"product_brand":[],"product_cat":[17],"product_tag":[],"class_list":{"0":"post-25035","1":"product","2":"type-product","3":"status-publish","4":"has-post-thumbnail","6":"product_cat-uncategorized","8":"first","9":"outofstock","10":"shipping-taxable","11":"purchasable","12":"product-type-simple"},"_links":{"self":[{"href":"https:\/\/decepenlinea.uprm.edu\/index.php\/wp-json\/wp\/v2\/product\/25035","targetHints":{"allow":["GET"]}}],"collection":[{"href":"https:\/\/decepenlinea.uprm.edu\/index.php\/wp-json\/wp\/v2\/product"}],"about":[{"href":"https:\/\/decepenlinea.uprm.edu\/index.php\/wp-json\/wp\/v2\/types\/product"}],"replies":[{"embeddable":true,"href":"https:\/\/decepenlinea.uprm.edu\/index.php\/wp-json\/wp\/v2\/comments?post=25035"}],"wp:featuredmedia":[{"embeddable":true,"href":"https:\/\/decepenlinea.uprm.edu\/index.php\/wp-json\/wp\/v2\/media\/3750"}],"wp:attachment":[{"href":"https:\/\/decepenlinea.uprm.edu\/index.php\/wp-json\/wp\/v2\/media?parent=25035"}],"wp:term":[{"taxonomy":"product_brand","embeddable":true,"href":"https:\/\/decepenlinea.uprm.edu\/index.php\/wp-json\/wp\/v2\/product_brand?post=25035"},{"taxonomy":"product_cat","embeddable":true,"href":"https:\/\/decepenlinea.uprm.edu\/index.php\/wp-json\/wp\/v2\/product_cat?post=25035"},{"taxonomy":"product_tag","embeddable":true,"href":"https:\/\/decepenlinea.uprm.edu\/index.php\/wp-json\/wp\/v2\/product_tag?post=25035"}],"curies":[{"name":"wp","href":"https:\/\/api.w.org\/{rel}","templated":true}]}}