{"id":23593,"date":"2021-06-11T14:13:18","date_gmt":"2021-06-11T18:13:18","guid":{"rendered":"https:\/\/decepenlinea.uprm.edu\/?post_type=product&#038;p=23593"},"modified":"2021-06-29T21:00:16","modified_gmt":"2021-06-30T01:00:16","slug":"examen-avanzado-de-ingles-upr-mayaguez","status":"publish","type":"product","link":"https:\/\/decepenlinea.uprm.edu\/index.php\/product\/examen-avanzado-de-ingles-upr-mayaguez\/","title":{"rendered":"Examen Avanzado de Ingl\u00e9s-UPR Mayag\u00fcez"},"content":{"rendered":"<p>Debido a que la instituci\u00f3n encargada de ofrecer los ex\u00e1menes avanzados de ubicaci\u00f3n no administrar\u00e1 los mismos, por la situaci\u00f3n del COVID-19, el Departamento de Ingl\u00e9s del Recinto Universitario de Mayag\u00fcez, de la Universidad de Puerto Rico, lo facilitar\u00e1 con el apoyo del Centro de Recursos para la Educaci\u00f3n a Distancia a trav\u00e9s de la Divisi\u00f3n de Educaci\u00f3n Continua y Estudios Profesionales del Recinto Universitario de Mayag\u00fcez.<\/p>\n<p>Este examen es a distancia, con una duraci\u00f3n de 2 horas y consta de tres partes:<br \/>\n1. Identificar errores<br \/>\n2. Mejorar p\u00e1rrafos<br \/>\n3. Redactar un ensayo<\/p>\n<p>Se ofrecer\u00e1 con supervisi\u00f3n remota (<em>proctors<\/em>) en el sistema de gesti\u00f3n de aprendizaje de la DECEP en l\u00ednea (<a href=\"http:\/\/decep.upr.edu\">decep.upr.edu<\/a>).<\/p>\n<div>\n<p>Solo los estudiantes que hayan obtenido 700 o m\u00e1s en la parte de ingl\u00e9s del PAA del College Board y\/o 750 en la parte de ingl\u00e9s del PEAU del College Board\u00a0podr\u00e1n tomar el examen de inlg\u00e9s avanzado.<\/p>\n<p>Basado en las puntuaciones que obtenga en este examen, se determinar\u00e1 la ubicaci\u00f3n del estudiante en\u00a0Ingl\u00e9s\u00a0en el RUM. Si obtiene una puntuaci\u00f3n de\u00a0<strong>3<\/strong>, se le ubicar\u00e1, de ser necesario, en INGL 3103. Si obtiene una puntuaci\u00f3n de <strong>4 \u00f3 5<\/strong>, se le acreditar\u00e1 INGL 3101 e INGL 3102 y se le ubicar\u00e1, de ser necesario, en INGL 3211.<\/p>\n<\/div>\n<p>Luego de realizar su pago, tendr\u00e1 reservado su espacio. El sistema le enviar\u00e1 un recibo de pago (estos podr\u00edan irse a su correo al \u201cspam\u201d). Recibir\u00e1 las instrucciones de acceso a la plataforma un d\u00eda antes del examen.<\/p>\n<p><strong>Importante<\/strong>: Este enlace se env\u00eda solo a los candidatos que cumplen con todos los requisitos para tomar este examen. Si el estudiante se matricula y paga para tomar el examen sin haber recibido la comunicaci\u00f3n oficial directa, y sin cumplir con los requisitos establecidos, no se har\u00e1 reembolso del dinero y los resultados el examen NO le contar\u00e1n. Para los estudiante que lo paguen cumpliendo con lo establecido, tampoco se tramitar\u00e1 reembolso, una vez lo pague debe tomarlo. Para tomar este examen deben tener una computadora de escritorio o port\u00e1til con acceso a energ\u00eda el\u00e9ctrica e Internet estable. Tambi\u00e9n es requisito tener una c\u00e1mara de Internet funcional y debe estar dispuesto a encenderla durante todo el examen. La interacci\u00f3n no ser\u00e1 grabada.<\/p>\n","protected":false},"excerpt":{"rendered":"<p><strong>Horario: <\/strong>10:30 am a 12:30 pm<\/p>\n<p><b>Fecha del examen: <\/b>viernes, 30 de junio de 2021<\/p>\n<p><strong>Matr\u00edcula hasta el: <\/strong>\u00a0domingo, 27 de junio de 2021<\/p>\n","protected":false},"featured_media":11064,"comment_status":"closed","ping_status":"closed","template":"","meta":{"_links_to":"","_links_to_target":""},"product_brand":[],"product_cat":[254],"product_tag":[],"class_list":{"0":"post-23593","1":"product","2":"type-product","3":"status-publish","4":"has-post-thumbnail","6":"product_cat-upr-mayaguez","8":"first","9":"outofstock","10":"shipping-taxable","11":"purchasable","12":"product-type-simple"},"_links":{"self":[{"href":"https:\/\/decepenlinea.uprm.edu\/index.php\/wp-json\/wp\/v2\/product\/23593","targetHints":{"allow":["GET"]}}],"collection":[{"href":"https:\/\/decepenlinea.uprm.edu\/index.php\/wp-json\/wp\/v2\/product"}],"about":[{"href":"https:\/\/decepenlinea.uprm.edu\/index.php\/wp-json\/wp\/v2\/types\/product"}],"replies":[{"embeddable":true,"href":"https:\/\/decepenlinea.uprm.edu\/index.php\/wp-json\/wp\/v2\/comments?post=23593"}],"wp:featuredmedia":[{"embeddable":true,"href":"https:\/\/decepenlinea.uprm.edu\/index.php\/wp-json\/wp\/v2\/media\/11064"}],"wp:attachment":[{"href":"https:\/\/decepenlinea.uprm.edu\/index.php\/wp-json\/wp\/v2\/media?parent=23593"}],"wp:term":[{"taxonomy":"product_brand","embeddable":true,"href":"https:\/\/decepenlinea.uprm.edu\/index.php\/wp-json\/wp\/v2\/product_brand?post=23593"},{"taxonomy":"product_cat","embeddable":true,"href":"https:\/\/decepenlinea.uprm.edu\/index.php\/wp-json\/wp\/v2\/product_cat?post=23593"},{"taxonomy":"product_tag","embeddable":true,"href":"https:\/\/decepenlinea.uprm.edu\/index.php\/wp-json\/wp\/v2\/product_tag?post=23593"}],"curies":[{"name":"wp","href":"https:\/\/api.w.org\/{rel}","templated":true}]}}