{"id":22423,"date":"2021-05-19T16:51:55","date_gmt":"2021-05-19T20:51:55","guid":{"rendered":"https:\/\/decepenlinea.uprm.edu\/?post_type=product&#038;p=22423"},"modified":"2022-01-25T18:27:01","modified_gmt":"2022-01-25T22:27:01","slug":"excel-intermedio-descuento-de-empleados-y-estudiantes","status":"publish","type":"product","link":"https:\/\/decepenlinea.uprm.edu\/index.php\/product\/excel-intermedio-descuento-de-empleados-y-estudiantes\/","title":{"rendered":"Excel Intermedio (Descuento de empleados y estudiantes)"},"content":{"rendered":"<p dir=\"ltr\" style=\"text-align:left;\">El curso de Excel Intermedio permite el conocimiento intermedio de la herramienta Excel, ense\u00f1ando las operaciones: f\u00f3rmulas, funciones y gr\u00e1ficos, en el manejo de informaci\u00f3n y las tareas del programa para su aplicaci\u00f3n en entornos laborales y acad\u00e9micos.<\/p>\n","protected":false},"excerpt":{"rendered":"<p><strong>Profesor:<\/strong> Prof. Rafael G. Su\u00e1rez<\/p>\n<p><strong>Horario:<\/strong> Curso en l\u00ednea &#8211; MODERADO<\/p>\n<p><b>Fecha del curso:<\/b> 9 de junio al 20 de julio de 2021<\/p>\n<p><b>Matricula:<\/b> Hasta el 7 de junio de 2021<\/p>\n<p><strong>Equivalencia de horas contacto:<\/strong> 15<\/p>\n<p><strong>Espacios:<\/strong> 15<\/p>\n","protected":false},"featured_media":3750,"comment_status":"closed","ping_status":"closed","template":"","meta":{"_links_to":"","_links_to_target":""},"product_brand":[],"product_cat":[17],"product_tag":[],"class_list":{"0":"post-22423","1":"product","2":"type-product","3":"status-publish","4":"has-post-thumbnail","6":"product_cat-uncategorized","8":"first","9":"instock","10":"shipping-taxable","11":"purchasable","12":"product-type-simple"},"_links":{"self":[{"href":"https:\/\/decepenlinea.uprm.edu\/index.php\/wp-json\/wp\/v2\/product\/22423","targetHints":{"allow":["GET"]}}],"collection":[{"href":"https:\/\/decepenlinea.uprm.edu\/index.php\/wp-json\/wp\/v2\/product"}],"about":[{"href":"https:\/\/decepenlinea.uprm.edu\/index.php\/wp-json\/wp\/v2\/types\/product"}],"replies":[{"embeddable":true,"href":"https:\/\/decepenlinea.uprm.edu\/index.php\/wp-json\/wp\/v2\/comments?post=22423"}],"wp:featuredmedia":[{"embeddable":true,"href":"https:\/\/decepenlinea.uprm.edu\/index.php\/wp-json\/wp\/v2\/media\/3750"}],"wp:attachment":[{"href":"https:\/\/decepenlinea.uprm.edu\/index.php\/wp-json\/wp\/v2\/media?parent=22423"}],"wp:term":[{"taxonomy":"product_brand","embeddable":true,"href":"https:\/\/decepenlinea.uprm.edu\/index.php\/wp-json\/wp\/v2\/product_brand?post=22423"},{"taxonomy":"product_cat","embeddable":true,"href":"https:\/\/decepenlinea.uprm.edu\/index.php\/wp-json\/wp\/v2\/product_cat?post=22423"},{"taxonomy":"product_tag","embeddable":true,"href":"https:\/\/decepenlinea.uprm.edu\/index.php\/wp-json\/wp\/v2\/product_tag?post=22423"}],"curies":[{"name":"wp","href":"https:\/\/api.w.org\/{rel}","templated":true}]}}