{"id":22422,"date":"2021-05-19T16:50:45","date_gmt":"2021-05-19T20:50:45","guid":{"rendered":"https:\/\/decepenlinea.uprm.edu\/?post_type=product&#038;p=22422"},"modified":"2022-01-25T18:27:01","modified_gmt":"2022-01-25T22:27:01","slug":"certificacion-en-supervision-efectiva-descuento-de-empleados","status":"publish","type":"product","link":"https:\/\/decepenlinea.uprm.edu\/index.php\/product\/certificacion-en-supervision-efectiva-descuento-de-empleados\/","title":{"rendered":"Certificaci\u00f3n en Supervisi\u00f3n Efectiva (Descuento de empleados)"},"content":{"rendered":"<p dir=\"ltr\" style=\"text-align:left;\">Secuencia de temas y actividades de aprendizaje con una equivalencia de 30 horas contacto, dirigido a supervisores o cualquier empleado con tareas de supervisi\u00f3n, administraci\u00f3n o gerencial, que tienen a su cargo empleados de menor rango. Durante las lecciones se comparten, describen y discuten con ejemplos reales, de manera activa y participativa, conceptos y destrezas que hacen a un supervisor efectivo en sus funciones. Los temas generales son: definiendo supervisi\u00f3n, supervisor y liderazgo, normas de colaboraci\u00f3n en grupo en la supervisi\u00f3n, Importancia de la comunicaci\u00f3n verbal y no verbal en la supervisi\u00f3n, Imagen personal para el trabajo, manejo del estr\u00e9s en el \u00e1rea de trabajo, motivaci\u00f3n y \u00e9xito en el \u00e1rea de trabajo, creatividad en la soluci\u00f3n de problemas, manejo de conflictos en el trabajo, reconocimiento y compromiso y disciplina aplicada de forma constructiva. Se incluyen todos los materiales de forma digital para acceso y uso de los estudiantes.<\/p>\n","protected":false},"excerpt":{"rendered":"<p><strong>Profesor:<\/strong> Dr. Jos\u00e9 R. Ferrer<\/p>\n<p><strong>Horario:<\/strong> Curso en l\u00ednea &#8211; MODERADO<\/p>\n<p><b>Fecha del curso:<\/b>\u00a0 9 de junio al 17 de agosto de 2021<\/p>\n<p><b>Matr\u00edcula:<\/b>\u00a0 Hasta el 7 de junio de 2021<\/p>\n<p><strong>Equivalencia de horas contacto:<\/strong> 30<\/p>\n<p><strong>Espacios:<\/strong>\u00a015<\/p>\n<p>&nbsp;<\/p>\n","protected":false},"featured_media":0,"comment_status":"closed","ping_status":"closed","template":"","meta":{"_links_to":"","_links_to_target":""},"product_brand":[],"product_cat":[17],"product_tag":[],"class_list":{"0":"post-22422","1":"product","2":"type-product","3":"status-publish","5":"product_cat-uncategorized","7":"first","8":"instock","9":"sale","10":"sold-individually","11":"shipping-taxable","12":"purchasable","13":"product-type-simple"},"_links":{"self":[{"href":"https:\/\/decepenlinea.uprm.edu\/index.php\/wp-json\/wp\/v2\/product\/22422","targetHints":{"allow":["GET"]}}],"collection":[{"href":"https:\/\/decepenlinea.uprm.edu\/index.php\/wp-json\/wp\/v2\/product"}],"about":[{"href":"https:\/\/decepenlinea.uprm.edu\/index.php\/wp-json\/wp\/v2\/types\/product"}],"replies":[{"embeddable":true,"href":"https:\/\/decepenlinea.uprm.edu\/index.php\/wp-json\/wp\/v2\/comments?post=22422"}],"wp:attachment":[{"href":"https:\/\/decepenlinea.uprm.edu\/index.php\/wp-json\/wp\/v2\/media?parent=22422"}],"wp:term":[{"taxonomy":"product_brand","embeddable":true,"href":"https:\/\/decepenlinea.uprm.edu\/index.php\/wp-json\/wp\/v2\/product_brand?post=22422"},{"taxonomy":"product_cat","embeddable":true,"href":"https:\/\/decepenlinea.uprm.edu\/index.php\/wp-json\/wp\/v2\/product_cat?post=22422"},{"taxonomy":"product_tag","embeddable":true,"href":"https:\/\/decepenlinea.uprm.edu\/index.php\/wp-json\/wp\/v2\/product_tag?post=22422"}],"curies":[{"name":"wp","href":"https:\/\/api.w.org\/{rel}","templated":true}]}}