{"id":22403,"date":"2021-05-19T08:45:49","date_gmt":"2021-05-19T12:45:49","guid":{"rendered":"https:\/\/decepenlinea.uprm.edu\/?post_type=product&#038;p=22403"},"modified":"2021-06-17T12:57:49","modified_gmt":"2021-06-17T16:57:49","slug":"examen-avanzado-de-ingles-upr-rio-piedras","status":"publish","type":"product","link":"https:\/\/decepenlinea.uprm.edu\/index.php\/product\/examen-avanzado-de-ingles-upr-rio-piedras\/","title":{"rendered":"Examen Avanzado de Ingl\u00e9s-UPR R\u00edo Piedras"},"content":{"rendered":"<p>Debido a que la instituci\u00f3n encargada de ofrecer los ex\u00e1menes avanzados de ubicaci\u00f3n no administrar\u00e1 los mismos, por la situaci\u00f3n del COVID-19, el Departamento de Ingl\u00e9s del Recinto Universitario de R\u00edo Piedras, de la Universidad de Puerto Rico, lo facilitar\u00e1 con el apoyo del Centro de Recursos para la Educaci\u00f3n a Distancia a trav\u00e9s de la Divisi\u00f3n de Educaci\u00f3n Continua y Estudios Profesionales del Recinto Universitario de Mayag\u00fcez.<\/p>\n<p>Este examen es a distancia, con una duraci\u00f3n de 2 horas y consta de tres partes:<br \/>\n1. Identificar errores<br \/>\n2. Mejorar p\u00e1rrafos<br \/>\n3. Redactar un ensayo<\/p>\n<p>Se ofrecer\u00e1 con supervisi\u00f3n remota (<em>proctors<\/em>) en el sistema de gesti\u00f3n de aprendizaje de la DECEP en l\u00ednea (<a href=\"http:\/\/decep.upr.edu\">decep.upr.edu<\/a>). Cada supervisor tendr\u00e1 asignado 20 estudiantes.<\/p>\n<div>Los estudiantes que aprueben el examen con 4 \u00f3 5, podr\u00e1n tomar cualquiera de los cursos de literatura, cursos de segundo a\u00f1o, en el Departamento de Ingl\u00e9s, Facultad de Estudios Generales de la Universidad de Puerto Rico, Recinto de R\u00edo Piedras. Los que obtengan 1, 2 \u00f3 3, deber\u00e1n tomar el curso de ingl\u00e9s de Honor 3011-3012, que corresponde al ingl\u00e9s de primer a\u00f1o, para luego continuar hacia los cursos de literatura.<\/div>\n<div><\/div>\n<div>Los estudiantes elegibles para el examen son aquellos con una puntuaci\u00f3n de 750 \u00f3 m\u00e1s en la parte de ingl\u00e9s del College Board y que no hayan tomado ning\u00fan curso de ingl\u00e9s en la universidad durante su primer a\u00f1o. Este requisito es mandatorio por las certificaciones que rigen los procesos en nuestro Recinto.<\/div>\n<div><\/div>\n<p>Luego de realizar su pago, tendr\u00e1 reservado su espacio. El sistema le enviar\u00e1 un recibo de pago (estos podr\u00edan irse a su correo al \u201cspam\u201d). Recibir\u00e1 las instrucciones de acceso a la plataforma un d\u00eda antes del examen.<\/p>\n<p><strong>Importante<\/strong>: Este enlace se env\u00eda solo a los candidatos que cumplen con todos los requisitos para tomar este examen. Si el estudiante se matricula y paga para tomar el examen sin haber recibido la comunicaci\u00f3n oficial directa, y sin cumplir con los requisitos establecidos, no se har\u00e1 reembolso del dinero y los resultados el examen NO le contar\u00e1n. Para los estudiante que lo paguen cumpliendo con lo establecido, tampoco se tramitar\u00e1 reembolso, una vez lo pague debe tomarlo. Para tomar este examen deben tener una computadora de escritorio o port\u00e1til con acceso a energ\u00eda el\u00e9ctrica e Internet estable. Tambi\u00e9n es requisito tener una c\u00e1mara de Internet funcional y debe estar dispuesto a encenderla durante todo el examen. La interacci\u00f3n no ser\u00e1 grabada.<\/p>\n","protected":false},"excerpt":{"rendered":"<p><strong>Horario: <\/strong>10:30 am a 12:30 pm<\/p>\n<p><b>Fecha del examen: <\/b>viernes, 4 de junio de 2021<\/p>\n<p><strong>Matr\u00edcula hasta el: <\/strong>viernes, 28 de mayo de 2021<\/p>\n","protected":false},"featured_media":11064,"comment_status":"closed","ping_status":"closed","template":"","meta":{"_links_to":"","_links_to_target":""},"product_brand":[],"product_cat":[254],"product_tag":[],"class_list":{"0":"post-22403","1":"product","2":"type-product","3":"status-publish","4":"has-post-thumbnail","6":"product_cat-upr-mayaguez","8":"first","9":"instock","10":"shipping-taxable","11":"purchasable","12":"product-type-simple"},"_links":{"self":[{"href":"https:\/\/decepenlinea.uprm.edu\/index.php\/wp-json\/wp\/v2\/product\/22403","targetHints":{"allow":["GET"]}}],"collection":[{"href":"https:\/\/decepenlinea.uprm.edu\/index.php\/wp-json\/wp\/v2\/product"}],"about":[{"href":"https:\/\/decepenlinea.uprm.edu\/index.php\/wp-json\/wp\/v2\/types\/product"}],"replies":[{"embeddable":true,"href":"https:\/\/decepenlinea.uprm.edu\/index.php\/wp-json\/wp\/v2\/comments?post=22403"}],"wp:featuredmedia":[{"embeddable":true,"href":"https:\/\/decepenlinea.uprm.edu\/index.php\/wp-json\/wp\/v2\/media\/11064"}],"wp:attachment":[{"href":"https:\/\/decepenlinea.uprm.edu\/index.php\/wp-json\/wp\/v2\/media?parent=22403"}],"wp:term":[{"taxonomy":"product_brand","embeddable":true,"href":"https:\/\/decepenlinea.uprm.edu\/index.php\/wp-json\/wp\/v2\/product_brand?post=22403"},{"taxonomy":"product_cat","embeddable":true,"href":"https:\/\/decepenlinea.uprm.edu\/index.php\/wp-json\/wp\/v2\/product_cat?post=22403"},{"taxonomy":"product_tag","embeddable":true,"href":"https:\/\/decepenlinea.uprm.edu\/index.php\/wp-json\/wp\/v2\/product_tag?post=22403"}],"curies":[{"name":"wp","href":"https:\/\/api.w.org\/{rel}","templated":true}]}}