{"id":22235,"date":"2021-05-10T22:07:03","date_gmt":"2021-05-11T02:07:03","guid":{"rendered":"https:\/\/decepenlinea.uprm.edu\/?post_type=product&#038;p=22235"},"modified":"2025-10-25T12:43:42","modified_gmt":"2025-10-25T16:43:42","slug":"y-tu-que-cuentas-introduccion-a-la-redaccion-creativa-2","status":"publish","type":"product","link":"https:\/\/decepenlinea.uprm.edu\/index.php\/product\/y-tu-que-cuentas-introduccion-a-la-redaccion-creativa-2\/","title":{"rendered":"Y t\u00fa, \u00bfqu\u00e9 cuentas?: Introducci\u00f3n a la redacci\u00f3n creativa"},"content":{"rendered":"<p><strong>DESCRIPCI\u00d3N DEL CURSO<\/strong>:<\/p>\n<p>Teor\u00eda y pr\u00e1ctica de los g\u00e9neros m\u00e1s comunes que componen la redacci\u00f3n creativa en prosa. Exposici\u00f3n te\u00f3rica m\u00ednima, discusi\u00f3n de ejercicios para el desarrollo de la creatividad y pr\u00e1ctica de redacci\u00f3n creativa en g\u00e9neros ficcionales y no ficcionales.<\/p>\n<p><strong>P\u00daBLICO AL QUE VA DIRIGIDO<\/strong>:<\/p>\n<p>Estudiantes de escuela superior en adelante. Personas interesadas en ir adquiriendo los conocimientos y <strong><em>destrezas b\u00e1sicas<\/em><\/strong> de la redacci\u00f3n creativa en prosa.<\/p>\n<p><strong>OBJETIVOS<\/strong>:<\/p>\n<p>Mediante los materiales educativos desarrollados y seleccionados para el curso, las actividades de aprendizaje y los aval\u00faos, los participantes:<\/p>\n<ol>\n<li>Desarrollar\u00e1n las destrezas b\u00e1sicas para la escritura creativa de relatos cortos ficcionales y no ficcionales.<\/li>\n<li>Analizar\u00e1n y aplicar\u00e1n los elementos b\u00e1sicos del dise\u00f1o para la creaci\u00f3n de relatos ficcionales y no ficcionales.<\/li>\n<li>Practicar\u00e1n diversos ejercicios para superar el bloqueo creativo.<\/li>\n<li>Practicar\u00e1n ejercicios que permitan ir desarrollando una voz propia.<\/li>\n<li>Identificar\u00e1n las \u00e1reas a mejorar y las virtudes de los textos.<\/li>\n<li>Adquirir\u00e1n conocimientos b\u00e1sicos para editar asuntos de orden mayor.<\/li>\n<li>Reconocer\u00e1n que la edici\u00f3n en pares es una fuente indispensable para el mejoramiento de la redacci\u00f3n.<\/li>\n<\/ol>\n<p>&nbsp;<\/p>\n<p>Se ofrece un certificado de aprobaci\u00f3n al haber completado el curso con la puntuaci\u00f3n m\u00ednima de ejecuci\u00f3n.<\/p>\n<p>Este es un curso moderado con estrategia asincr\u00f3nica donde el participante adquiere la informaci\u00f3n con video aprendizaje. Es un curso flexible ya que se puede participar en cualquier momento y desde cualquier lugar que te encuentres mientras dure el curso. Abre una lecci\u00f3n por semana y el estudiante puede realizarla dentro de las fechas de apertura y cierre.<\/p>\n<p>Una vez pases por el proceso de pago tendr\u00e1s acceso de inmediato al Sistema de Gerencia de Aprendizaje de la clase, pero no tendr\u00e1s acceso al contenido hasta la fecha de comienzo del curso.<\/p>\n<p><strong>*El certificado del curso se enviar\u00e1 digital por correo electr\u00f3nico.<\/strong><\/p>\n<p>&nbsp;<\/p>\n","protected":false},"excerpt":{"rendered":"<p><b>Instructor<\/b>: Vibeke Betances<\/p>\n<p><b>Horario<\/b>: Curso en l\u00ednea \u2013 MODERADO; Lunes y Mi\u00e9rcoles 6:00 &#8211; 8:30 pm<\/p>\n<p><b>Fecha del curso<\/b>: Primer semestre 2023-2024.<\/p>\n<p><b>Matr\u00edcula<\/b>: Puede reservar su espacio desde este momento (mientras duren los espacios).<\/p>\n<p><b>Equivalencia de horas contacto<\/b>: 30<\/p>\n<p><b>Espacios<\/b>: 15<\/p>\n","protected":false},"featured_media":17871,"comment_status":"closed","ping_status":"closed","template":"","meta":{"_links_to":"","_links_to_target":""},"product_brand":[],"product_cat":[17],"product_tag":[],"class_list":{"0":"post-22235","1":"product","2":"type-product","3":"status-publish","4":"has-post-thumbnail","6":"product_cat-uncategorized","8":"first","9":"instock","10":"shipping-taxable","11":"purchasable","12":"product-type-simple"},"_links":{"self":[{"href":"https:\/\/decepenlinea.uprm.edu\/index.php\/wp-json\/wp\/v2\/product\/22235","targetHints":{"allow":["GET"]}}],"collection":[{"href":"https:\/\/decepenlinea.uprm.edu\/index.php\/wp-json\/wp\/v2\/product"}],"about":[{"href":"https:\/\/decepenlinea.uprm.edu\/index.php\/wp-json\/wp\/v2\/types\/product"}],"replies":[{"embeddable":true,"href":"https:\/\/decepenlinea.uprm.edu\/index.php\/wp-json\/wp\/v2\/comments?post=22235"}],"wp:featuredmedia":[{"embeddable":true,"href":"https:\/\/decepenlinea.uprm.edu\/index.php\/wp-json\/wp\/v2\/media\/17871"}],"wp:attachment":[{"href":"https:\/\/decepenlinea.uprm.edu\/index.php\/wp-json\/wp\/v2\/media?parent=22235"}],"wp:term":[{"taxonomy":"product_brand","embeddable":true,"href":"https:\/\/decepenlinea.uprm.edu\/index.php\/wp-json\/wp\/v2\/product_brand?post=22235"},{"taxonomy":"product_cat","embeddable":true,"href":"https:\/\/decepenlinea.uprm.edu\/index.php\/wp-json\/wp\/v2\/product_cat?post=22235"},{"taxonomy":"product_tag","embeddable":true,"href":"https:\/\/decepenlinea.uprm.edu\/index.php\/wp-json\/wp\/v2\/product_tag?post=22235"}],"curies":[{"name":"wp","href":"https:\/\/api.w.org\/{rel}","templated":true}]}}