{"id":22213,"date":"2021-05-06T17:13:53","date_gmt":"2021-05-06T21:13:53","guid":{"rendered":"https:\/\/decepenlinea.uprm.edu\/?post_type=product&#038;p=22213"},"modified":"2022-01-25T18:27:00","modified_gmt":"2022-01-25T22:27:00","slug":"el-arte-de-hablar-en-publico-3","status":"publish","type":"product","link":"https:\/\/decepenlinea.uprm.edu\/index.php\/product\/el-arte-de-hablar-en-publico-3\/","title":{"rendered":"El Arte de Hablar en P\u00fablico"},"content":{"rendered":"<p dir=\"ltr\" style=\"text-align:left;\">\n<p><span lang=\"es\" xml:lang=\"es\">Hoy d\u00eda una de las destrezas m\u00e1s importantes en todas las profesiones es poder hablar de manera efectiva ante un p\u00fablico. Esta destreza hace que las personas consigan mejores trabajos y salarios, adem\u00e1s de mejorar sus interacciones sociales en su vida personal. El arte de hablar en p\u00fablico es un curso h\u00edbrido que incluye 4 talleres presenciales pr\u00e1cticas, combinado con 5 m\u00f3dulos en l\u00ednea. En este curso utilizar\u00e1s t\u00e9cnicas y estrategias para vencer el miedo a hablar en p\u00fablico, mostr\u00e1ndote confiado y convincente. Examinar\u00e1s fuentes del contenido de tu discurso, presentaci\u00f3n o ponencia, mientras tambi\u00e9n trabajar\u00e1s tu proyecci\u00f3n f\u00edsica y verbal. Pasar\u00e1s por la experiencia de prepararte para una presentaci\u00f3n en p\u00fablico, practicar\u00e1s tu presentaci\u00f3n, recibir\u00e1s cr\u00edtica constructiva para mejorar tu discurso y presentar\u00e1s frente al grupo de la clase.<\/span><\/p>\n<p><\/p>\n<p><\/p>\n","protected":false},"excerpt":{"rendered":"<p><strong>Instructor:<\/strong> CREAD<\/p>\n<p><strong>Horario:<\/strong> Curso en l\u00ednea, autodirigido<\/p>\n<p><b>Acceso al curso:<\/b> Hasta el 30 de julio de 2021<\/p>\n<p><b>Matricula:<\/b> hasta el 15 de julio de 2021<\/p>\n<p><strong>Equivalencia de horas contacto:<\/strong> 20 horas<\/p>\n<p><strong>Certificado:<\/strong> Puede ver y acceder a todos los materiales educativos y participar en todas las actividades de aprendizaje y evaluaci\u00f3n. El certificado no est\u00e1 incluido. Puede pagar por el certificado al completar el curso.<\/p>\n<p><strong>Espacios:<\/strong> 15<\/p>\n","protected":false},"featured_media":3721,"comment_status":"closed","ping_status":"closed","template":"","meta":{"_links_to":"","_links_to_target":""},"product_brand":[],"product_cat":[17],"product_tag":[],"class_list":{"0":"post-22213","1":"product","2":"type-product","3":"status-publish","4":"has-post-thumbnail","6":"product_cat-uncategorized","8":"first","9":"outofstock","10":"shipping-taxable","11":"purchasable","12":"product-type-simple"},"_links":{"self":[{"href":"https:\/\/decepenlinea.uprm.edu\/index.php\/wp-json\/wp\/v2\/product\/22213","targetHints":{"allow":["GET"]}}],"collection":[{"href":"https:\/\/decepenlinea.uprm.edu\/index.php\/wp-json\/wp\/v2\/product"}],"about":[{"href":"https:\/\/decepenlinea.uprm.edu\/index.php\/wp-json\/wp\/v2\/types\/product"}],"replies":[{"embeddable":true,"href":"https:\/\/decepenlinea.uprm.edu\/index.php\/wp-json\/wp\/v2\/comments?post=22213"}],"wp:featuredmedia":[{"embeddable":true,"href":"https:\/\/decepenlinea.uprm.edu\/index.php\/wp-json\/wp\/v2\/media\/3721"}],"wp:attachment":[{"href":"https:\/\/decepenlinea.uprm.edu\/index.php\/wp-json\/wp\/v2\/media?parent=22213"}],"wp:term":[{"taxonomy":"product_brand","embeddable":true,"href":"https:\/\/decepenlinea.uprm.edu\/index.php\/wp-json\/wp\/v2\/product_brand?post=22213"},{"taxonomy":"product_cat","embeddable":true,"href":"https:\/\/decepenlinea.uprm.edu\/index.php\/wp-json\/wp\/v2\/product_cat?post=22213"},{"taxonomy":"product_tag","embeddable":true,"href":"https:\/\/decepenlinea.uprm.edu\/index.php\/wp-json\/wp\/v2\/product_tag?post=22213"}],"curies":[{"name":"wp","href":"https:\/\/api.w.org\/{rel}","templated":true}]}}