{"id":22210,"date":"2021-05-06T17:07:20","date_gmt":"2021-05-06T21:07:20","guid":{"rendered":"https:\/\/decepenlinea.uprm.edu\/?post_type=product&#038;p=22210"},"modified":"2022-01-25T18:27:00","modified_gmt":"2022-01-25T22:27:00","slug":"microsoft-teams-2","status":"publish","type":"product","link":"https:\/\/decepenlinea.uprm.edu\/index.php\/product\/microsoft-teams-2\/","title":{"rendered":"Microsoft Teams"},"content":{"rendered":"<p dir=\"ltr\" style=\"text-align:left;\">Como parte de nuestra secuencia de capacitaciones de Teletrabajo, y a petici\u00f3n popular llega a ustedes el curso de Microsoft Teams. Este es un programado de trabajo colaborativo en l\u00ednea centrado en las comunicaciones con el elemento de video llamada o videoconferencia como el m\u00e1s importante. Pero es mucho m\u00e1s. Permite crear equipos de trabajo, canales dentro de los equipos, compartir documentos, im\u00e1genes, gr\u00e1ficos, enlaces y otros. Tambi\u00e9n permite tener chats privados y p\u00fablicos. Microsoft Teams cuenta tambi\u00e9n con herramientas b\u00e1sicas para los procesos educativos como los son las tareas con r\u00fabricas y pruebas, con una libreta de calificaciones. Microsoft Teams cuenta con un calendario interactivo que permitir\u00e1 coordinar todos tus eventos de trabajo a distancia, entre otras herramientas de colaboraci\u00f3n sincr\u00f3nica y asincr\u00f3nica. Como es de esperarse Microsoft Teams permite una integraci\u00f3n perfecta con todo el ambiente de productividad de Microsoft Office 365.\u00a0<\/p>\n","protected":false},"excerpt":{"rendered":"<p><strong>Instructor:<\/strong> Centro de Recursos para la Educaci\u00f3n a Distancia (CREAD)<\/p>\n<p><strong>Horario:<\/strong> Curso en l\u00ednea &#8211; AUTODIRIGIDO<\/p>\n<p><b>Matricula:<\/b> Hasta el 15 de julio de 2021<\/p>\n<p><b>Acceso al curso:<\/b> Hasta el 30 de julio de 2021<\/p>\n<p><strong>Equivalencia de horas contacto:<\/strong> 6<\/p>\n<p><strong>Espacios:<\/strong> 15<\/p>\n","protected":false},"featured_media":3745,"comment_status":"closed","ping_status":"closed","template":"","meta":{"_links_to":"","_links_to_target":""},"product_brand":[],"product_cat":[17],"product_tag":[],"class_list":{"0":"post-22210","1":"product","2":"type-product","3":"status-publish","4":"has-post-thumbnail","6":"product_cat-uncategorized","8":"first","9":"outofstock","10":"sale","11":"virtual","12":"purchasable","13":"product-type-simple"},"_links":{"self":[{"href":"https:\/\/decepenlinea.uprm.edu\/index.php\/wp-json\/wp\/v2\/product\/22210","targetHints":{"allow":["GET"]}}],"collection":[{"href":"https:\/\/decepenlinea.uprm.edu\/index.php\/wp-json\/wp\/v2\/product"}],"about":[{"href":"https:\/\/decepenlinea.uprm.edu\/index.php\/wp-json\/wp\/v2\/types\/product"}],"replies":[{"embeddable":true,"href":"https:\/\/decepenlinea.uprm.edu\/index.php\/wp-json\/wp\/v2\/comments?post=22210"}],"wp:featuredmedia":[{"embeddable":true,"href":"https:\/\/decepenlinea.uprm.edu\/index.php\/wp-json\/wp\/v2\/media\/3745"}],"wp:attachment":[{"href":"https:\/\/decepenlinea.uprm.edu\/index.php\/wp-json\/wp\/v2\/media?parent=22210"}],"wp:term":[{"taxonomy":"product_brand","embeddable":true,"href":"https:\/\/decepenlinea.uprm.edu\/index.php\/wp-json\/wp\/v2\/product_brand?post=22210"},{"taxonomy":"product_cat","embeddable":true,"href":"https:\/\/decepenlinea.uprm.edu\/index.php\/wp-json\/wp\/v2\/product_cat?post=22210"},{"taxonomy":"product_tag","embeddable":true,"href":"https:\/\/decepenlinea.uprm.edu\/index.php\/wp-json\/wp\/v2\/product_tag?post=22210"}],"curies":[{"name":"wp","href":"https:\/\/api.w.org\/{rel}","templated":true}]}}