{"id":22204,"date":"2021-05-06T16:47:46","date_gmt":"2021-05-06T20:47:46","guid":{"rendered":"https:\/\/decepenlinea.uprm.edu\/?post_type=product&#038;p=22204"},"modified":"2022-01-25T18:27:00","modified_gmt":"2022-01-25T22:27:00","slug":"introduccion-a-la-edicion-y-creacion-de-imagenes-con-gimp-3","status":"publish","type":"product","link":"https:\/\/decepenlinea.uprm.edu\/index.php\/product\/introduccion-a-la-edicion-y-creacion-de-imagenes-con-gimp-3\/","title":{"rendered":"Introducci\u00f3n a la edici\u00f3n y creaci\u00f3n de im\u00e1genes con GIMP"},"content":{"rendered":"<p dir=\"ltr\" style=\"text-align:left;\">\n<p>Este es un curso introductorio al dise\u00f1o gr\u00e1fico con el programa gratuito GIMP que es equivalente a Photoshop. En el mismo se discute c\u00f3mo adquirir e instalar el programado, c\u00f3mo abrir y eliminar im\u00e1genes en el \u00e1rea de trabajo, se editan im\u00e1genes haciendo cambios de color, iluminaci\u00f3n y a\u00f1adiendo filtros. Tambi\u00e9n se demuestra c\u00f3mo combinar im\u00e1genes eliminando el fondo y a\u00f1adiendo uno nuevo. Se demuestran t\u00e9cnicas para hacer la composici\u00f3n m\u00e1s real y est\u00e9tica. Finalmente se demuestra c\u00f3mo crear una imagen utilizando vectores y colores digitales.<\/p>\n<\/p>\n<p>El curso cuenta con m\u00e1s de 30 video tutoriales cortos y f\u00e1ciles de seguir.<\/p>\n<p><\/p>\n","protected":false},"excerpt":{"rendered":"<p><strong>Instructor:<\/strong> CREAD<\/p>\n<p><strong>Horario:<\/strong> Curso en l\u00ednea &#8211; AUTODIRIGIDO<\/p>\n<p><b>Matricula:<\/b> Hasta el 15 de julio de 2021<\/p>\n<p><b>Acceso al curso:<\/b> Hasta el 30 de julio de 2021<\/p>\n<p><strong>Equivalencia de horas contacto:<\/strong> 5<\/p>\n<p><strong>Espacios:<\/strong> 15<\/p>\n","protected":false},"featured_media":3745,"comment_status":"closed","ping_status":"closed","template":"","meta":{"_links_to":"","_links_to_target":""},"product_brand":[],"product_cat":[17],"product_tag":[],"class_list":{"0":"post-22204","1":"product","2":"type-product","3":"status-publish","4":"has-post-thumbnail","6":"product_cat-uncategorized","8":"first","9":"outofstock","10":"downloadable","11":"virtual","12":"purchasable","13":"product-type-simple"},"_links":{"self":[{"href":"https:\/\/decepenlinea.uprm.edu\/index.php\/wp-json\/wp\/v2\/product\/22204","targetHints":{"allow":["GET"]}}],"collection":[{"href":"https:\/\/decepenlinea.uprm.edu\/index.php\/wp-json\/wp\/v2\/product"}],"about":[{"href":"https:\/\/decepenlinea.uprm.edu\/index.php\/wp-json\/wp\/v2\/types\/product"}],"replies":[{"embeddable":true,"href":"https:\/\/decepenlinea.uprm.edu\/index.php\/wp-json\/wp\/v2\/comments?post=22204"}],"wp:featuredmedia":[{"embeddable":true,"href":"https:\/\/decepenlinea.uprm.edu\/index.php\/wp-json\/wp\/v2\/media\/3745"}],"wp:attachment":[{"href":"https:\/\/decepenlinea.uprm.edu\/index.php\/wp-json\/wp\/v2\/media?parent=22204"}],"wp:term":[{"taxonomy":"product_brand","embeddable":true,"href":"https:\/\/decepenlinea.uprm.edu\/index.php\/wp-json\/wp\/v2\/product_brand?post=22204"},{"taxonomy":"product_cat","embeddable":true,"href":"https:\/\/decepenlinea.uprm.edu\/index.php\/wp-json\/wp\/v2\/product_cat?post=22204"},{"taxonomy":"product_tag","embeddable":true,"href":"https:\/\/decepenlinea.uprm.edu\/index.php\/wp-json\/wp\/v2\/product_tag?post=22204"}],"curies":[{"name":"wp","href":"https:\/\/api.w.org\/{rel}","templated":true}]}}