{"id":21375,"date":"2021-03-16T12:25:49","date_gmt":"2021-03-16T16:25:49","guid":{"rendered":"https:\/\/decepenlinea.uprm.edu\/?post_type=product&#038;p=21375"},"modified":"2021-03-17T18:36:46","modified_gmt":"2021-03-17T22:36:46","slug":"comision-de-matriculados-repaso-para-la-matematica-em-20-enero-11-marzo-2021","status":"publish","type":"product","link":"https:\/\/decepenlinea.uprm.edu\/index.php\/product\/comision-de-matriculados-repaso-para-la-matematica-em-20-enero-11-marzo-2021\/","title":{"rendered":"Comisi\u00f3n de matriculados Repaso para la Matem\u00e1tica (EM) (20.enero-11.marzo.2021)"},"content":{"rendered":"<p>Enlace generado para el pago de la comisi\u00f3n establecida (25%) por participante matriculado en los Repasos de Matem\u00e1tica tomados a trav\u00e9s de Enriched Minds.<\/p>\n<p>Participantes matriculados desde el 20 de enero al 11 de marzo de 2021. Total de<br \/>\n37 matriculados. <\/p>\n<p>$65.00 X 37 = $2,405.00 X 25% = $601.25<\/p>\n","protected":false},"excerpt":{"rendered":"<p>Cantidad de participantes- 37<br \/>\n25% = $601.25<\/p>\n","protected":false},"featured_media":3745,"comment_status":"closed","ping_status":"closed","template":"","meta":{"_links_to":"","_links_to_target":""},"product_brand":[],"product_cat":[254],"product_tag":[],"class_list":{"0":"post-21375","1":"product","2":"type-product","3":"status-publish","4":"has-post-thumbnail","6":"product_cat-upr-mayaguez","8":"first","9":"outofstock","10":"shipping-taxable","11":"purchasable","12":"product-type-simple"},"_links":{"self":[{"href":"https:\/\/decepenlinea.uprm.edu\/index.php\/wp-json\/wp\/v2\/product\/21375","targetHints":{"allow":["GET"]}}],"collection":[{"href":"https:\/\/decepenlinea.uprm.edu\/index.php\/wp-json\/wp\/v2\/product"}],"about":[{"href":"https:\/\/decepenlinea.uprm.edu\/index.php\/wp-json\/wp\/v2\/types\/product"}],"replies":[{"embeddable":true,"href":"https:\/\/decepenlinea.uprm.edu\/index.php\/wp-json\/wp\/v2\/comments?post=21375"}],"wp:featuredmedia":[{"embeddable":true,"href":"https:\/\/decepenlinea.uprm.edu\/index.php\/wp-json\/wp\/v2\/media\/3745"}],"wp:attachment":[{"href":"https:\/\/decepenlinea.uprm.edu\/index.php\/wp-json\/wp\/v2\/media?parent=21375"}],"wp:term":[{"taxonomy":"product_brand","embeddable":true,"href":"https:\/\/decepenlinea.uprm.edu\/index.php\/wp-json\/wp\/v2\/product_brand?post=21375"},{"taxonomy":"product_cat","embeddable":true,"href":"https:\/\/decepenlinea.uprm.edu\/index.php\/wp-json\/wp\/v2\/product_cat?post=21375"},{"taxonomy":"product_tag","embeddable":true,"href":"https:\/\/decepenlinea.uprm.edu\/index.php\/wp-json\/wp\/v2\/product_tag?post=21375"}],"curies":[{"name":"wp","href":"https:\/\/api.w.org\/{rel}","templated":true}]}}