{"id":2109,"date":"2019-09-27T09:34:50","date_gmt":"2019-09-27T13:34:50","guid":{"rendered":"https:\/\/decepenlinea.uprm.edu\/index.php\/product\/introduccion-a-la-creacion-de-paginas-de-internet-con-html-s1-2019-2020\/"},"modified":"2022-01-25T18:26:51","modified_gmt":"2022-01-25T22:26:51","slug":"introduccion-a-la-creacion-de-paginas-de-internet-con-html-s2-2019-2020","status":"publish","type":"product","link":"https:\/\/decepenlinea.uprm.edu\/index.php\/product\/introduccion-a-la-creacion-de-paginas-de-internet-con-html-s2-2019-2020\/","title":{"rendered":"Aprendiendo HTML creando p\u00e1ginas de Internet"},"content":{"rendered":"<p>En la introducci\u00f3n a la creaci\u00f3n de p\u00e1ginas de Internet usted aprender\u00e1 c\u00f3mo dise\u00f1ar y construir hermosos sitios web mediante el aprendizaje de los principios b\u00e1sicos del dise\u00f1o como lo son los enlaces, las redirecciones y el montaje de plantillas b\u00e1sicas. Todas estas teor\u00edas marcan un papel decisivo en el proceso de dise\u00f1o de un sitio de internet. Aprender\u00e1 codificaci\u00f3n HTML, un lenguaje de c\u00f3digo com\u00fan que todos los sitios de internet utilizan. Este lenguaje sienta las bases y la transici\u00f3n a los lenguajes HTML5 y CSS. Es importante adquirir todas estas habilidades a medida que se avanza en el curso pues casi todos las grandes y peque\u00f1as empresas en el mundo las utilizan para comunicarse con sus clientes. Al final de este curso, usted tendr\u00e1 todos los conocimientos necesarios para dise\u00f1ar y construir su propia p\u00e1gina de internet utilizando el lenguaje b\u00e1sico de HTML. El curso tiene una duraci\u00f3n de 6 semanas. Se espera que el estudiante dedique 2.5 horas por semana. El certificado que se le otorgar\u00e1 ser\u00e1 de acuerdo a su ejecuci\u00f3n en el curso.<\/p>\n","protected":false},"excerpt":{"rendered":"<p><strong>Instructor:\u00a0<\/strong>Glen Johnston<\/p>\n<p><strong>Horario:<\/strong> Curso en l\u00ednea &#8211; MODERADO<\/p>\n<p><b>Matr\u00edcula:<\/b> Verano 2020<\/p>\n<p><strong>Equivalencia de horas contacto:<\/strong> 15<\/p>\n<p><strong>Espacios:<\/strong>\u00a015<\/p>\n","protected":false},"featured_media":3742,"comment_status":"closed","ping_status":"closed","template":"","meta":{"_links_to":"","_links_to_target":""},"product_brand":[],"product_cat":[17],"product_tag":[],"class_list":{"0":"post-2109","1":"product","2":"type-product","3":"status-publish","4":"has-post-thumbnail","6":"product_cat-uncategorized","8":"first","9":"instock","10":"sold-individually","11":"shipping-taxable","12":"product-type-external"},"_links":{"self":[{"href":"https:\/\/decepenlinea.uprm.edu\/index.php\/wp-json\/wp\/v2\/product\/2109","targetHints":{"allow":["GET"]}}],"collection":[{"href":"https:\/\/decepenlinea.uprm.edu\/index.php\/wp-json\/wp\/v2\/product"}],"about":[{"href":"https:\/\/decepenlinea.uprm.edu\/index.php\/wp-json\/wp\/v2\/types\/product"}],"replies":[{"embeddable":true,"href":"https:\/\/decepenlinea.uprm.edu\/index.php\/wp-json\/wp\/v2\/comments?post=2109"}],"wp:featuredmedia":[{"embeddable":true,"href":"https:\/\/decepenlinea.uprm.edu\/index.php\/wp-json\/wp\/v2\/media\/3742"}],"wp:attachment":[{"href":"https:\/\/decepenlinea.uprm.edu\/index.php\/wp-json\/wp\/v2\/media?parent=2109"}],"wp:term":[{"taxonomy":"product_brand","embeddable":true,"href":"https:\/\/decepenlinea.uprm.edu\/index.php\/wp-json\/wp\/v2\/product_brand?post=2109"},{"taxonomy":"product_cat","embeddable":true,"href":"https:\/\/decepenlinea.uprm.edu\/index.php\/wp-json\/wp\/v2\/product_cat?post=2109"},{"taxonomy":"product_tag","embeddable":true,"href":"https:\/\/decepenlinea.uprm.edu\/index.php\/wp-json\/wp\/v2\/product_tag?post=2109"}],"curies":[{"name":"wp","href":"https:\/\/api.w.org\/{rel}","templated":true}]}}