{"id":2106,"date":"2019-09-27T09:34:50","date_gmt":"2019-09-27T13:34:50","guid":{"rendered":"https:\/\/decepenlinea.uprm.edu\/index.php\/product\/estrategias-avanzadas-para-cursos-en-linea-s1-2019-2020\/"},"modified":"2022-01-25T18:26:51","modified_gmt":"2022-01-25T22:26:51","slug":"estrategias-avanzadas-para-cursos-en-linea-s2-2019-2020","status":"publish","type":"product","link":"https:\/\/decepenlinea.uprm.edu\/index.php\/product\/estrategias-avanzadas-para-cursos-en-linea-s2-2019-2020\/","title":{"rendered":"Estrategias avanzadas para cursos en l\u00ednea"},"content":{"rendered":"<p>Curso avanzado de educaci\u00f3n a cerca de la ense\u00f1anza y aprendizaje en l\u00ednea a trav\u00e9s de la Internet. Se introduce el tema con las modalidades de la ense\u00f1anza en l\u00ednea. Luego se espera que los estudiantes profundicen en estrategias avanzadas para facilitar la ense\u00f1anza y el aprendizaje como los trabajos en grupos, uso de estudiantes mentores, evaluaci\u00f3n entre pares, video respuestas de estudiantes, uso de contenido abierto, investigaci\u00f3n en l\u00ednea, video conferencia participativa, contenido generado por estudiantes, uso de estudios de caso y videos demostrativos y de expertos. Los estudiantes tendr\u00e1n la oportunidad de planificar y crear actividades de ense\u00f1anza y aprendizaje usando estas estrategias avanzadas para cursos en l\u00ednea de forma tal que tengan la experiencia para aplicarlas en sus futuros cursos como educadores.<\/p>\n","protected":false},"excerpt":{"rendered":"<p><strong>Profesor:<\/strong> Dr. Jos\u00e9 R. Ferrer L\u00f3pez<\/p>\n<p><strong>Horario:<\/strong> Curso en l\u00ednea &#8211; MODERADO<\/p>\n<p><b>Matricula:<\/b> Verano 2020<\/p>\n<p><strong>Equivalencia de horas contacto:<\/strong> 21<\/p>\n<p><strong>Espacios:<\/strong> 15<\/p>\n","protected":false},"featured_media":3734,"comment_status":"closed","ping_status":"closed","template":"","meta":{"_links_to":"","_links_to_target":""},"product_brand":[],"product_cat":[17],"product_tag":[],"class_list":{"0":"post-2106","1":"product","2":"type-product","3":"status-publish","4":"has-post-thumbnail","6":"product_cat-uncategorized","8":"first","9":"instock","10":"sold-individually","11":"shipping-taxable","12":"product-type-external"},"_links":{"self":[{"href":"https:\/\/decepenlinea.uprm.edu\/index.php\/wp-json\/wp\/v2\/product\/2106","targetHints":{"allow":["GET"]}}],"collection":[{"href":"https:\/\/decepenlinea.uprm.edu\/index.php\/wp-json\/wp\/v2\/product"}],"about":[{"href":"https:\/\/decepenlinea.uprm.edu\/index.php\/wp-json\/wp\/v2\/types\/product"}],"replies":[{"embeddable":true,"href":"https:\/\/decepenlinea.uprm.edu\/index.php\/wp-json\/wp\/v2\/comments?post=2106"}],"wp:featuredmedia":[{"embeddable":true,"href":"https:\/\/decepenlinea.uprm.edu\/index.php\/wp-json\/wp\/v2\/media\/3734"}],"wp:attachment":[{"href":"https:\/\/decepenlinea.uprm.edu\/index.php\/wp-json\/wp\/v2\/media?parent=2106"}],"wp:term":[{"taxonomy":"product_brand","embeddable":true,"href":"https:\/\/decepenlinea.uprm.edu\/index.php\/wp-json\/wp\/v2\/product_brand?post=2106"},{"taxonomy":"product_cat","embeddable":true,"href":"https:\/\/decepenlinea.uprm.edu\/index.php\/wp-json\/wp\/v2\/product_cat?post=2106"},{"taxonomy":"product_tag","embeddable":true,"href":"https:\/\/decepenlinea.uprm.edu\/index.php\/wp-json\/wp\/v2\/product_tag?post=2106"}],"curies":[{"name":"wp","href":"https:\/\/api.w.org\/{rel}","templated":true}]}}