{"id":2103,"date":"2019-09-27T09:34:50","date_gmt":"2019-09-27T13:34:50","guid":{"rendered":"https:\/\/decepenlinea.uprm.edu\/index.php\/product\/excel-basico-s1-2019-2020\/"},"modified":"2022-01-25T18:26:51","modified_gmt":"2022-01-25T22:26:51","slug":"excel-basico-s2-2019-2020","status":"publish","type":"product","link":"https:\/\/decepenlinea.uprm.edu\/index.php\/product\/excel-basico-s2-2019-2020\/","title":{"rendered":"Excel B\u00e1sico"},"content":{"rendered":"<p>En este curso cada estudiante adquiere los conceptos b\u00e1sicos para el uso y manejo de Microsoft Excel. \u00a0No es necesario tener experiencia en el uso de computadoras. Se comienza desde cero. El estudiante se familiarizar\u00e1 con las hojas de trabajo de excel, los comandos, funciones b\u00e1sicas y al final estar\u00e1 capacitado para preparar hojas de trabajo para aplicaciones sencillas e interactivas.\u00a0<\/p>\n","protected":false},"excerpt":{"rendered":"<p><b>Instructor: <\/b>Rafael Suarez<\/p>\n<p><strong>Horario:<\/strong> Curso en l\u00ednea &#8211; MODERADO<\/p>\n<p><b>Matricula:<\/b> Hasta el 26 de febrero de 2020<\/p>\n<p><b>Comienzo:<\/b>\u00a0 19 de febrero de 2020<\/p>\n<p><b>Culminaci\u00f3n:<\/b> 31 de marzo de 2020<\/p>\n<p><strong>Equivalencia de horas contacto:<\/strong> 15<\/p>\n<p><strong>Espacios:<\/strong> 15<\/p>\n","protected":false},"featured_media":3750,"comment_status":"closed","ping_status":"closed","template":"","meta":{"_links_to":"","_links_to_target":""},"product_brand":[],"product_cat":[17],"product_tag":[],"class_list":{"0":"post-2103","1":"product","2":"type-product","3":"status-publish","4":"has-post-thumbnail","6":"product_cat-uncategorized","8":"first","9":"outofstock","10":"downloadable","11":"virtual","12":"sold-individually","13":"purchasable","14":"product-type-simple"},"_links":{"self":[{"href":"https:\/\/decepenlinea.uprm.edu\/index.php\/wp-json\/wp\/v2\/product\/2103","targetHints":{"allow":["GET"]}}],"collection":[{"href":"https:\/\/decepenlinea.uprm.edu\/index.php\/wp-json\/wp\/v2\/product"}],"about":[{"href":"https:\/\/decepenlinea.uprm.edu\/index.php\/wp-json\/wp\/v2\/types\/product"}],"replies":[{"embeddable":true,"href":"https:\/\/decepenlinea.uprm.edu\/index.php\/wp-json\/wp\/v2\/comments?post=2103"}],"wp:featuredmedia":[{"embeddable":true,"href":"https:\/\/decepenlinea.uprm.edu\/index.php\/wp-json\/wp\/v2\/media\/3750"}],"wp:attachment":[{"href":"https:\/\/decepenlinea.uprm.edu\/index.php\/wp-json\/wp\/v2\/media?parent=2103"}],"wp:term":[{"taxonomy":"product_brand","embeddable":true,"href":"https:\/\/decepenlinea.uprm.edu\/index.php\/wp-json\/wp\/v2\/product_brand?post=2103"},{"taxonomy":"product_cat","embeddable":true,"href":"https:\/\/decepenlinea.uprm.edu\/index.php\/wp-json\/wp\/v2\/product_cat?post=2103"},{"taxonomy":"product_tag","embeddable":true,"href":"https:\/\/decepenlinea.uprm.edu\/index.php\/wp-json\/wp\/v2\/product_tag?post=2103"}],"curies":[{"name":"wp","href":"https:\/\/api.w.org\/{rel}","templated":true}]}}