{"id":2090,"date":"2019-09-27T09:34:49","date_gmt":"2019-09-27T13:34:49","guid":{"rendered":"https:\/\/decepenlinea.uprm.edu\/index.php\/product\/introduccion-al-desarrollo-de-software-con-pythons1-2019-2020\/"},"modified":"2022-01-25T18:26:52","modified_gmt":"2022-01-25T22:26:52","slug":"introduccion-al-desarrollo-de-software-con-pythons1s-2020-2021","status":"publish","type":"product","link":"https:\/\/decepenlinea.uprm.edu\/index.php\/product\/introduccion-al-desarrollo-de-software-con-pythons1s-2020-2021\/","title":{"rendered":"Introducci\u00f3n al Desarrollo de Software con Python"},"content":{"rendered":"<p>Este curso proporciona a los estudiantes una introducci\u00f3n a las herramientas de metodolog\u00edas<br \/>\nde desarrollo de software y procedimientos de prueba utilizando un lenguaje de programaci\u00f3n<br \/>\nde alto nivel. Los estudiantes aprender\u00e1n a escribir y probarsoftware de computadoras utilizando<br \/>\nel lenguaje de programaci\u00f3n Python y el entorno de desarrollo integrado PyCharm (IDE).<br \/>\nEl curso tiene una duraci\u00f3n de 6 semanas. Se espera que el estudiante dedique 2.5 horas por<br \/>\nsemana. El certificado que se le otorgar\u00e1 ser\u00e1 de acuerdo con su ejecuci\u00f3n en el curso.<\/p>\n","protected":false},"excerpt":{"rendered":"<p><strong>Profesor:<\/strong> Jos\u00e9 Navarro<\/p>\n<p><strong>Horario:<\/strong> Curso en l\u00ednea &#8211; MODERADO<\/p>\n<p><b>Matricula:<\/b> Hasta el 7 de septiembre de 2020.<\/p>\n<p><b>Comienzo:<\/b> 9 de septiembre al 20 de octubre de 2020.<\/p>\n<p><strong>Equivalencia de horas contacto:<\/strong> 15<\/p>\n<p><strong>Espacios:<\/strong> 15<\/p>\n","protected":false},"featured_media":3742,"comment_status":"closed","ping_status":"closed","template":"","meta":{"_links_to":"","_links_to_target":""},"product_brand":[],"product_cat":[17],"product_tag":[],"class_list":{"0":"post-2090","1":"product","2":"type-product","3":"status-publish","4":"has-post-thumbnail","6":"product_cat-uncategorized","8":"first","9":"outofstock","10":"sold-individually","11":"shipping-taxable","12":"purchasable","13":"product-type-simple"},"_links":{"self":[{"href":"https:\/\/decepenlinea.uprm.edu\/index.php\/wp-json\/wp\/v2\/product\/2090","targetHints":{"allow":["GET"]}}],"collection":[{"href":"https:\/\/decepenlinea.uprm.edu\/index.php\/wp-json\/wp\/v2\/product"}],"about":[{"href":"https:\/\/decepenlinea.uprm.edu\/index.php\/wp-json\/wp\/v2\/types\/product"}],"replies":[{"embeddable":true,"href":"https:\/\/decepenlinea.uprm.edu\/index.php\/wp-json\/wp\/v2\/comments?post=2090"}],"wp:featuredmedia":[{"embeddable":true,"href":"https:\/\/decepenlinea.uprm.edu\/index.php\/wp-json\/wp\/v2\/media\/3742"}],"wp:attachment":[{"href":"https:\/\/decepenlinea.uprm.edu\/index.php\/wp-json\/wp\/v2\/media?parent=2090"}],"wp:term":[{"taxonomy":"product_brand","embeddable":true,"href":"https:\/\/decepenlinea.uprm.edu\/index.php\/wp-json\/wp\/v2\/product_brand?post=2090"},{"taxonomy":"product_cat","embeddable":true,"href":"https:\/\/decepenlinea.uprm.edu\/index.php\/wp-json\/wp\/v2\/product_cat?post=2090"},{"taxonomy":"product_tag","embeddable":true,"href":"https:\/\/decepenlinea.uprm.edu\/index.php\/wp-json\/wp\/v2\/product_tag?post=2090"}],"curies":[{"name":"wp","href":"https:\/\/api.w.org\/{rel}","templated":true}]}}