{"id":20703,"date":"2021-02-23T10:10:34","date_gmt":"2021-02-23T14:10:34","guid":{"rendered":"https:\/\/decepenlinea.uprm.edu\/?post_type=product&#038;p=20703"},"modified":"2021-03-09T12:58:30","modified_gmt":"2021-03-09T16:58:30","slug":"factura-081-reservacion-de-estudio-de-grabacion-taller-juridico-educativo-inc-11-marzo-2021","status":"publish","type":"product","link":"https:\/\/decepenlinea.uprm.edu\/index.php\/product\/factura-081-reservacion-de-estudio-de-grabacion-taller-juridico-educativo-inc-11-marzo-2021\/","title":{"rendered":"Factura #081-Reservaci\u00f3n de Estudio de Grabaci\u00f3n (Taller Jur\u00eddico Educativo, Inc) (11.marzo.2021)"},"content":{"rendered":"<p>Pago por Factura #081: Segundo semestre 2020-2021. Factura con fecha 23.febrero.2021:<\/p>\n<p>Reservaci\u00f3n de Estudio de Grabaci\u00f3n por parte de Taller Jur\u00eddico Educativo, Inc<br \/>\n*Instalaciones, iluminaci\u00f3n, t\u00e9cnico, micr\u00f3fonos y pantalla verde<br \/>\n11 de marzo de 2021<br \/>\n4 horas de utilizaci\u00f3n<br \/>\n$40.00 por hora= $160.00<\/p>\n","protected":false},"excerpt":{"rendered":"<p>Pago por Factura #081: Segundo semestre 2020-2021. Factura con fecha 23.febrero.2021:<\/p>\n<p>Reservaci\u00f3n de Estudio de Grabaci\u00f3n por parte de Taller Jur\u00eddico Educativo, Inc<br \/>\n*Instalaciones, iluminaci\u00f3n, t\u00e9cnico, micr\u00f3fonos y pantalla verde<br \/>\n11 de marzo de 2021<br \/>\n4 horas de utilizaci\u00f3n<br \/>\n$40.00 por hora= $160.00<\/p>\n","protected":false},"featured_media":0,"comment_status":"closed","ping_status":"closed","template":"","meta":{"_links_to":"","_links_to_target":""},"product_brand":[],"product_cat":[17],"product_tag":[],"class_list":{"0":"post-20703","1":"product","2":"type-product","3":"status-publish","5":"product_cat-uncategorized","7":"first","8":"outofstock","9":"shipping-taxable","10":"purchasable","11":"product-type-simple"},"_links":{"self":[{"href":"https:\/\/decepenlinea.uprm.edu\/index.php\/wp-json\/wp\/v2\/product\/20703","targetHints":{"allow":["GET"]}}],"collection":[{"href":"https:\/\/decepenlinea.uprm.edu\/index.php\/wp-json\/wp\/v2\/product"}],"about":[{"href":"https:\/\/decepenlinea.uprm.edu\/index.php\/wp-json\/wp\/v2\/types\/product"}],"replies":[{"embeddable":true,"href":"https:\/\/decepenlinea.uprm.edu\/index.php\/wp-json\/wp\/v2\/comments?post=20703"}],"wp:attachment":[{"href":"https:\/\/decepenlinea.uprm.edu\/index.php\/wp-json\/wp\/v2\/media?parent=20703"}],"wp:term":[{"taxonomy":"product_brand","embeddable":true,"href":"https:\/\/decepenlinea.uprm.edu\/index.php\/wp-json\/wp\/v2\/product_brand?post=20703"},{"taxonomy":"product_cat","embeddable":true,"href":"https:\/\/decepenlinea.uprm.edu\/index.php\/wp-json\/wp\/v2\/product_cat?post=20703"},{"taxonomy":"product_tag","embeddable":true,"href":"https:\/\/decepenlinea.uprm.edu\/index.php\/wp-json\/wp\/v2\/product_tag?post=20703"}],"curies":[{"name":"wp","href":"https:\/\/api.w.org\/{rel}","templated":true}]}}