{"id":20447,"date":"2021-02-12T13:36:36","date_gmt":"2021-02-12T17:36:36","guid":{"rendered":"https:\/\/decepenlinea.uprm.edu\/?post_type=product&#038;p=20447"},"modified":"2021-04-26T08:56:55","modified_gmt":"2021-04-26T12:56:55","slug":"capacitacion-en-ensenanza-a-distancia-para-docentes-del-rum-pago-directo-por-segunda-participacion","status":"publish","type":"product","link":"https:\/\/decepenlinea.uprm.edu\/index.php\/product\/capacitacion-en-ensenanza-a-distancia-para-docentes-del-rum-pago-directo-por-segunda-participacion\/","title":{"rendered":"Capacitaci\u00f3n en Ense\u00f1anza a Distancia para Docentes del RUM (pago directo por segunda participaci\u00f3n)"},"content":{"rendered":"<p>Este es un curso autodirigido por estudio independiente que presenta los conocimientos y destrezas m\u00ednimas necesarias para crear y administrar un curso h\u00edbrido o a distancia en el Sistema de Gerencia de Aprendizaje (SGA) de la Universidad de Puerto Rico. Este curso se facilita para el cumplimiento con la Certificaci\u00f3n del Senado Acad\u00e9mico N\u00famero 19-85: Gu\u00edas para el ofrecimiento de cursos a distancia, del 26 de noviembre del 2019. Los temas cubren los aspectos de ense\u00f1anza, la creaci\u00f3n de materiales educativos y el uso del SGA.<\/p>\n<p>Este curso tiene tres \u00e1reas: Aspectos Educativos de la Ense\u00f1anza a Distancia (con base cient\u00edfica en el neuroaprendizaje), Creaci\u00f3n de Materiales Educativos para Cursos a Distancia y Pr\u00e1ctica en Moodle, que es nuestro Sistema de Gesti\u00f3n de Aprendizaje Institucional. Los aspectos de ense\u00f1anza han sido identificados como los m\u00e1s importantes dentro de la capacitaci\u00f3n debido a que un gran por ciento de la facultad tiene poca o ninguna preparaci\u00f3n formal en estos temas. El curso cuenta con 18 m\u00f3dulo para el que se espera inviertas 1 hora en cada uno. Para la tarea final se asignan un total de 7 horas. De esta manera se certifica una equivalencia a 25 horas de educaci\u00f3n continuada.<\/p>\n<p>Curso abre el 1 de marzo y cierra el 1 de junio de 2021.<\/p>\n<p><strong>*El certificado del curso se enviar\u00e1 digital por correo electr\u00f3nico.<\/strong><\/p>\n","protected":false},"excerpt":{"rendered":"<p><strong>Horas Contacto: <\/strong>25<\/p>\n","protected":false},"featured_media":0,"comment_status":"closed","ping_status":"closed","template":"","meta":{"_links_to":"","_links_to_target":""},"product_brand":[],"product_cat":[254],"product_tag":[],"class_list":{"0":"post-20447","1":"product","2":"type-product","3":"status-publish","5":"product_cat-upr-mayaguez","7":"first","8":"instock","9":"sold-individually","10":"shipping-taxable","11":"purchasable","12":"product-type-simple"},"_links":{"self":[{"href":"https:\/\/decepenlinea.uprm.edu\/index.php\/wp-json\/wp\/v2\/product\/20447","targetHints":{"allow":["GET"]}}],"collection":[{"href":"https:\/\/decepenlinea.uprm.edu\/index.php\/wp-json\/wp\/v2\/product"}],"about":[{"href":"https:\/\/decepenlinea.uprm.edu\/index.php\/wp-json\/wp\/v2\/types\/product"}],"replies":[{"embeddable":true,"href":"https:\/\/decepenlinea.uprm.edu\/index.php\/wp-json\/wp\/v2\/comments?post=20447"}],"wp:attachment":[{"href":"https:\/\/decepenlinea.uprm.edu\/index.php\/wp-json\/wp\/v2\/media?parent=20447"}],"wp:term":[{"taxonomy":"product_brand","embeddable":true,"href":"https:\/\/decepenlinea.uprm.edu\/index.php\/wp-json\/wp\/v2\/product_brand?post=20447"},{"taxonomy":"product_cat","embeddable":true,"href":"https:\/\/decepenlinea.uprm.edu\/index.php\/wp-json\/wp\/v2\/product_cat?post=20447"},{"taxonomy":"product_tag","embeddable":true,"href":"https:\/\/decepenlinea.uprm.edu\/index.php\/wp-json\/wp\/v2\/product_tag?post=20447"}],"curies":[{"name":"wp","href":"https:\/\/api.w.org\/{rel}","templated":true}]}}