{"id":20188,"date":"2021-02-01T17:02:53","date_gmt":"2021-02-01T21:02:53","guid":{"rendered":"https:\/\/decepenlinea.uprm.edu\/?post_type=product&#038;p=20188"},"modified":"2021-02-02T13:56:30","modified_gmt":"2021-02-02T17:56:30","slug":"factura-080-reservacion-de-estudio-de-grabacion-taller-juridico-educativo-inc-5-feb-2021","status":"publish","type":"product","link":"https:\/\/decepenlinea.uprm.edu\/index.php\/product\/factura-080-reservacion-de-estudio-de-grabacion-taller-juridico-educativo-inc-5-feb-2021\/","title":{"rendered":"Factura #080-Reservaci\u00f3n de Estudio de Grabaci\u00f3n (Taller Jur\u00eddico Educativo, Inc) (5.feb.2021)"},"content":{"rendered":"<p>Pago por Factura #080: Segundo semestre 2020-2021. Factura con fecha 1.febrero.2021:<\/p>\n<p>Reservaci\u00f3n de Estudio de Grabaci\u00f3n por parte de Taller Jur\u00eddico Educativo, Inc<br \/>\n*Instalaciones, iluminaci\u00f3n y pantalla verde<br \/>\n5 de febrero de 2021<br \/>\n2.5 horas de utilizaci\u00f3n<br \/>\n$40.00 por hora= $100.00<\/p>\n","protected":false},"excerpt":{"rendered":"<p>Pago por Factura #080: Segundo semestre 2020-2021. Factura con fecha 1.febrero.2021:<\/p>\n<p>Reservaci\u00f3n de Estudio de Grabaci\u00f3n por parte de Taller Jur\u00eddico Educativo, Inc<br \/>\n*Instalaciones, iluminaci\u00f3n y pantalla verde<br \/>\n5 de febrero de 2021<br \/>\n2.5 horas de utilizaci\u00f3n<br \/>\n$40.00 por hora= $100.00<\/p>\n","protected":false},"featured_media":0,"comment_status":"closed","ping_status":"closed","template":"","meta":{"_links_to":"","_links_to_target":""},"product_brand":[],"product_cat":[17],"product_tag":[],"class_list":{"0":"post-20188","1":"product","2":"type-product","3":"status-publish","5":"product_cat-uncategorized","7":"first","8":"outofstock","9":"shipping-taxable","10":"purchasable","11":"product-type-simple"},"_links":{"self":[{"href":"https:\/\/decepenlinea.uprm.edu\/index.php\/wp-json\/wp\/v2\/product\/20188","targetHints":{"allow":["GET"]}}],"collection":[{"href":"https:\/\/decepenlinea.uprm.edu\/index.php\/wp-json\/wp\/v2\/product"}],"about":[{"href":"https:\/\/decepenlinea.uprm.edu\/index.php\/wp-json\/wp\/v2\/types\/product"}],"replies":[{"embeddable":true,"href":"https:\/\/decepenlinea.uprm.edu\/index.php\/wp-json\/wp\/v2\/comments?post=20188"}],"wp:attachment":[{"href":"https:\/\/decepenlinea.uprm.edu\/index.php\/wp-json\/wp\/v2\/media?parent=20188"}],"wp:term":[{"taxonomy":"product_brand","embeddable":true,"href":"https:\/\/decepenlinea.uprm.edu\/index.php\/wp-json\/wp\/v2\/product_brand?post=20188"},{"taxonomy":"product_cat","embeddable":true,"href":"https:\/\/decepenlinea.uprm.edu\/index.php\/wp-json\/wp\/v2\/product_cat?post=20188"},{"taxonomy":"product_tag","embeddable":true,"href":"https:\/\/decepenlinea.uprm.edu\/index.php\/wp-json\/wp\/v2\/product_tag?post=20188"}],"curies":[{"name":"wp","href":"https:\/\/api.w.org\/{rel}","templated":true}]}}