{"id":19930,"date":"2021-01-21T15:46:06","date_gmt":"2021-01-21T19:46:06","guid":{"rendered":"https:\/\/decepenlinea.uprm.edu\/?post_type=product&#038;p=19930"},"modified":"2021-01-22T11:20:08","modified_gmt":"2021-01-22T15:20:08","slug":"seminario-1-construccion-de-examenes-2-alternativas-de-evaluacion-universidad-sagrado-corazon","status":"publish","type":"product","link":"https:\/\/decepenlinea.uprm.edu\/index.php\/product\/seminario-1-construccion-de-examenes-2-alternativas-de-evaluacion-universidad-sagrado-corazon\/","title":{"rendered":"Seminario 1. Construcci\u00f3n de ex\u00e1menes 2. Alternativas de evaluaci\u00f3n  (Universidad Sagrado Coraz\u00f3n)"},"content":{"rendered":"<p>Pago matr\u00edcula de seminarios para empleados de la Universidad del Sagrado Coraz\u00f3n<br \/>\nSegundo semestre 2020-2021. <\/p>\n<p>Tema 1:Construcci\u00f3n de \u00edtems (reactivos) de alto nivel para ex\u00e1menes con objetivos tradicionales (16 de abril de 2021)<br \/>\nTema 2:Alternativas de evaluaci\u00f3n: m\u00e1s all\u00e1 del examen objetivo tradicional (12 de marzo de 2021)<br \/>\n3 horas contacto cada uno. Total de 6 horas contacto<\/p>\n<p>Recursos: CREAD<\/p>\n<p>70 participantes @ $70.00 c\/u = $4,900.00<\/p>\n","protected":false},"excerpt":{"rendered":"<p>Pago matr\u00edcula de seminarios para empleados de la Universidad del Sagrado Coraz\u00f3n<br \/>\nSegundo semestre 2020-2021. <\/p>\n<p>Tema 1:Construcci\u00f3n de \u00edtems (reactivos) de alto nivel para ex\u00e1menes con objetivos tradicionales (16 de abril de 2021)<br \/>\nTema 2:Alternativas de evaluaci\u00f3n: m\u00e1s all\u00e1 del examen objetivo tradicional (12 de marzo de 2021)<br \/>\n3 horas contacto cada uno. Total de 6 horas contacto<\/p>\n<p>Recursos: CREAD<\/p>\n<p>70 participantes @ $70.00 c\/u = $4,900.00<\/p>\n","protected":false},"featured_media":0,"comment_status":"closed","ping_status":"closed","template":"","meta":{"_links_to":"","_links_to_target":""},"product_brand":[],"product_cat":[17],"product_tag":[],"class_list":{"0":"post-19930","1":"product","2":"type-product","3":"status-publish","5":"product_cat-uncategorized","7":"first","8":"outofstock","9":"shipping-taxable","10":"purchasable","11":"product-type-simple"},"_links":{"self":[{"href":"https:\/\/decepenlinea.uprm.edu\/index.php\/wp-json\/wp\/v2\/product\/19930","targetHints":{"allow":["GET"]}}],"collection":[{"href":"https:\/\/decepenlinea.uprm.edu\/index.php\/wp-json\/wp\/v2\/product"}],"about":[{"href":"https:\/\/decepenlinea.uprm.edu\/index.php\/wp-json\/wp\/v2\/types\/product"}],"replies":[{"embeddable":true,"href":"https:\/\/decepenlinea.uprm.edu\/index.php\/wp-json\/wp\/v2\/comments?post=19930"}],"wp:attachment":[{"href":"https:\/\/decepenlinea.uprm.edu\/index.php\/wp-json\/wp\/v2\/media?parent=19930"}],"wp:term":[{"taxonomy":"product_brand","embeddable":true,"href":"https:\/\/decepenlinea.uprm.edu\/index.php\/wp-json\/wp\/v2\/product_brand?post=19930"},{"taxonomy":"product_cat","embeddable":true,"href":"https:\/\/decepenlinea.uprm.edu\/index.php\/wp-json\/wp\/v2\/product_cat?post=19930"},{"taxonomy":"product_tag","embeddable":true,"href":"https:\/\/decepenlinea.uprm.edu\/index.php\/wp-json\/wp\/v2\/product_tag?post=19930"}],"curies":[{"name":"wp","href":"https:\/\/api.w.org\/{rel}","templated":true}]}}