{"id":19259,"date":"2020-12-08T12:11:08","date_gmt":"2020-12-08T16:11:08","guid":{"rendered":"https:\/\/decepenlinea.uprm.edu\/?post_type=product&#038;p=19259"},"modified":"2022-01-25T18:27:00","modified_gmt":"2022-01-25T22:27:00","slug":"tendencias-en-la-educacion-a-distancia-2","status":"publish","type":"product","link":"https:\/\/decepenlinea.uprm.edu\/index.php\/product\/tendencias-en-la-educacion-a-distancia-2\/","title":{"rendered":"Tendencias en la Educaci\u00f3n a Distancia"},"content":{"rendered":"<p dir=\"ltr\" style=\"text-align:left;\">En este curso se cubren las tendencias m\u00e1s utilizadas por las instituciones universitarias y otras instituciones educativas p\u00fablicas y privadas en la educaci\u00f3n a distancia. De esta manera se plantea una nueva definici\u00f3n de la educaci\u00f3n a distancia mediada a trav\u00e9s de la Internet. Se definen conceptos y presentan modelos educativos completamente a distancia, combinados entre la distancia y presencial, otros sincr\u00f3nicos o asincr\u00f3nicos y combinados entre estos dos \u00faltimos. Se discuten las implicaciones de estas modalidades para los cursos y programas acad\u00e9micos. Finalmente se discuten las estrategias para el cumplimientos de las reglamentaciones federales sobre la identificaci\u00f3n de los estudiantes.<\/p>\n","protected":false},"excerpt":{"rendered":"<p><strong>Profesor:<\/strong> Dr. Jos\u00e9 R. Ferrer L\u00f3pez<\/p>\n<p><strong>Horario:<\/strong> Curso en l\u00ednea &#8211; MODERADO<\/p>\n<p><b>Fecha del curso:<\/b> 16 de junio al 27 de julio de 2021<\/p>\n<p><b>Matricula:<\/b> Hasta el 14 de junio de 2021<\/p>\n<p><strong>Equivalencia de horas contacto:<\/strong> 21<\/p>\n<p><strong>Espacios:<\/strong> 15<\/p>\n","protected":false},"featured_media":3734,"comment_status":"closed","ping_status":"closed","template":"","meta":{"_links_to":"","_links_to_target":""},"product_brand":[],"product_cat":[17],"product_tag":[],"class_list":{"0":"post-19259","1":"product","2":"type-product","3":"status-publish","4":"has-post-thumbnail","6":"product_cat-uncategorized","8":"first","9":"outofstock","10":"shipping-taxable","11":"purchasable","12":"product-type-simple"},"_links":{"self":[{"href":"https:\/\/decepenlinea.uprm.edu\/index.php\/wp-json\/wp\/v2\/product\/19259","targetHints":{"allow":["GET"]}}],"collection":[{"href":"https:\/\/decepenlinea.uprm.edu\/index.php\/wp-json\/wp\/v2\/product"}],"about":[{"href":"https:\/\/decepenlinea.uprm.edu\/index.php\/wp-json\/wp\/v2\/types\/product"}],"replies":[{"embeddable":true,"href":"https:\/\/decepenlinea.uprm.edu\/index.php\/wp-json\/wp\/v2\/comments?post=19259"}],"wp:featuredmedia":[{"embeddable":true,"href":"https:\/\/decepenlinea.uprm.edu\/index.php\/wp-json\/wp\/v2\/media\/3734"}],"wp:attachment":[{"href":"https:\/\/decepenlinea.uprm.edu\/index.php\/wp-json\/wp\/v2\/media?parent=19259"}],"wp:term":[{"taxonomy":"product_brand","embeddable":true,"href":"https:\/\/decepenlinea.uprm.edu\/index.php\/wp-json\/wp\/v2\/product_brand?post=19259"},{"taxonomy":"product_cat","embeddable":true,"href":"https:\/\/decepenlinea.uprm.edu\/index.php\/wp-json\/wp\/v2\/product_cat?post=19259"},{"taxonomy":"product_tag","embeddable":true,"href":"https:\/\/decepenlinea.uprm.edu\/index.php\/wp-json\/wp\/v2\/product_tag?post=19259"}],"curies":[{"name":"wp","href":"https:\/\/api.w.org\/{rel}","templated":true}]}}