{"id":19187,"date":"2020-12-04T15:48:30","date_gmt":"2020-12-04T19:48:30","guid":{"rendered":"https:\/\/decepenlinea.uprm.edu\/?post_type=product&#038;p=19187"},"modified":"2022-01-25T18:26:58","modified_gmt":"2022-01-25T22:26:58","slug":"maestros-cooperadores-renovacion-2s-2020-2021","status":"publish","type":"product","link":"https:\/\/decepenlinea.uprm.edu\/index.php\/product\/maestros-cooperadores-renovacion-2s-2020-2021\/","title":{"rendered":"Maestros Cooperadores &#8211; RENOVACI\u00d3N"},"content":{"rendered":"<\/p>\n<p><span lang=\"en-us\" xml:lang=\"en-us\">Mediante este curso, se preparar\u00e1n educadores de excelencia en la sala<br \/>\nde clases para supervisar a los candidatos a maestros de las distintas<br \/>\ninstituciones universitarias. El mismo abarca desde el nivel preescolar hasta<br \/>\nel secundario. En el contenido del curso se fomenta el desarrollo de las<br \/>\ncompetencias necesarias para realizar una labor de excelencia en la supervisi\u00f3n<br \/>\nde los candidatos a maestros. Como parte de la experiencia educativa, se har\u00e1<br \/>\n\u00e9nfasis en el desarrollo de competencias relativas a las tareas de supervisi\u00f3n<br \/>\ncomo lo son planificaci\u00f3n, orientaci\u00f3n, comunicaci\u00f3n, retroalimentaci\u00f3n y<br \/>\nevaluaci\u00f3n. Uno de los componentes esenciales del curso, es el an\u00e1lisis de las<br \/>\npol\u00edticas y los procedimientos normativos que rigen el Programa de Pr\u00e1ctica<br \/>\nDocente del Departamento de Educaci\u00f3n de Puerto Rico y de las instituciones<br \/>\nuniversitarias con Programas de Preparaci\u00f3n de Maestros. Adem\u00e1s, se discute el<br \/>\nmodelo andrag\u00f3gico y los procesos de una pr\u00e1ctica docente facilitadora y<br \/>\npertinente para el desarrollo profesional del futuro maestro. La modalidad de<br \/>\nimpartir este curso puede ser presencial o una combinaci\u00f3n de presencial y en<br \/>\nl\u00ednea. Este curso contar\u00e1 como horas contacto de desarrollo profesional. (Esta<br \/>\ndescripci\u00f3n es la que aparece en el prontuario enviado por el DE de PR. El<br \/>\ncurso de renovaci\u00f3n no incluye todos los temas aqu\u00ed mencionados).<\/span><\/p>\n","protected":false},"excerpt":{"rendered":"<p><strong>Instructor:<\/strong> CREAD<\/p>\n<p><strong>Horario:<\/strong> Curso en l\u00ednea &#8211; AUTODIRIGIDO<\/p>\n<p><b>Matricula:<\/b> Hasta el 30 de abril de 2021<\/p>\n<p><b>Acceso al curso:<\/b> Hasta el 16 de mayo de 2021<\/p>\n<p><strong>Equivalencia de horas contacto:<\/strong> 15<\/p>\n<p><strong>Espacios:<\/strong> 15<\/p>\n","protected":false},"featured_media":0,"comment_status":"closed","ping_status":"closed","template":"","meta":{"_links_to":"","_links_to_target":""},"product_brand":[],"product_cat":[17],"product_tag":[],"class_list":{"0":"post-19187","1":"product","2":"type-product","3":"status-publish","5":"product_cat-uncategorized","7":"first","8":"outofstock","9":"downloadable","10":"virtual","11":"sold-individually","12":"purchasable","13":"product-type-simple"},"_links":{"self":[{"href":"https:\/\/decepenlinea.uprm.edu\/index.php\/wp-json\/wp\/v2\/product\/19187","targetHints":{"allow":["GET"]}}],"collection":[{"href":"https:\/\/decepenlinea.uprm.edu\/index.php\/wp-json\/wp\/v2\/product"}],"about":[{"href":"https:\/\/decepenlinea.uprm.edu\/index.php\/wp-json\/wp\/v2\/types\/product"}],"replies":[{"embeddable":true,"href":"https:\/\/decepenlinea.uprm.edu\/index.php\/wp-json\/wp\/v2\/comments?post=19187"}],"wp:attachment":[{"href":"https:\/\/decepenlinea.uprm.edu\/index.php\/wp-json\/wp\/v2\/media?parent=19187"}],"wp:term":[{"taxonomy":"product_brand","embeddable":true,"href":"https:\/\/decepenlinea.uprm.edu\/index.php\/wp-json\/wp\/v2\/product_brand?post=19187"},{"taxonomy":"product_cat","embeddable":true,"href":"https:\/\/decepenlinea.uprm.edu\/index.php\/wp-json\/wp\/v2\/product_cat?post=19187"},{"taxonomy":"product_tag","embeddable":true,"href":"https:\/\/decepenlinea.uprm.edu\/index.php\/wp-json\/wp\/v2\/product_tag?post=19187"}],"curies":[{"name":"wp","href":"https:\/\/api.w.org\/{rel}","templated":true}]}}