{"id":19185,"date":"2020-12-04T15:42:57","date_gmt":"2020-12-04T19:42:57","guid":{"rendered":"https:\/\/decepenlinea.uprm.edu\/?post_type=product&#038;p=19185"},"modified":"2022-01-25T18:26:58","modified_gmt":"2022-01-25T22:26:58","slug":"introduccion-a-photoshop-2s-2020-2021","status":"publish","type":"product","link":"https:\/\/decepenlinea.uprm.edu\/index.php\/product\/introduccion-a-photoshop-2s-2020-2021\/","title":{"rendered":"Introducci\u00f3n a Photoshop"},"content":{"rendered":"<\/p>\n<p><span lang=\"en-us\" xml:lang=\"en-us\">En este curso introductorio a Photoshop vas desde 0 conocimiento y<br \/>\ndestrezas hasta dominar todos los elementos b\u00e1sicos que te permitir\u00e1n luego<br \/>\nhacer trabajos incre\u00edbles. No importa si es por motivaci\u00f3n personal, por<br \/>\ntrabajo o si quieres ser un artista, este curso te brinda la herramientas<br \/>\nnecesarias para dominar este programado que es el \u201cstandard\u201d del mercado en<br \/>\ndise\u00f1o y arte gr\u00e1fico.<\/span><\/p>\n<p><span lang=\"en-us\" xml:lang=\"en-us\">\u00a0<\/span><\/p>\n<p><span lang=\"en-us\" xml:lang=\"en-us\">El curso de Introducci\u00f3n a Photoshop est\u00e1 dirigido a personas con un<br \/>\ninter\u00e9s en la edici\u00f3n y manipulaci\u00f3n de im\u00e1genes digitales. No requiere un<br \/>\nconocimiento previo del mismo ya que va desde lo m\u00e1s b\u00e1sico, preparando al<br \/>\nestudiante hasta un nivel m\u00e1s avanzado.\u00a0<br \/>\nEn cada m\u00f3dulo se discuten poco a poco las caracter\u00edsticas y propiedades<br \/>\ndel programa. Aunque Photoshop no est\u00e1 dise\u00f1ado primordialmente para dibujar,<br \/>\ntambi\u00e9n se discuten herramientas que nos permiten realizarlo.<\/span><\/p>\n<p><span lang=\"en-us\" xml:lang=\"en-us\">\u00a0<\/span><\/p>\n<p><span lang=\"en-us\" xml:lang=\"en-us\">El curso cuenta con m\u00e1s de 50 videos donde se discuten los objetivos de<br \/>\ncada pr\u00e1ctica.<\/span><\/p><\/p>\n","protected":false},"excerpt":{"rendered":"<p><strong>Instructor:<\/strong> CREAD<\/p>\n<p><strong>Horario:<\/strong> Curso en l\u00ednea &#8211; AUTODIRIGIDO<\/p>\n<p><b>Matricula:<\/b> Hasta el 30 de abril de 2021<\/p>\n<p><b>Acceso al curso:<\/b> Hasta el 16 de mayo de 2021<\/p>\n<p><strong>Equivalencia de horas contacto:<\/strong> 15<\/p>\n<p><strong>Espacios:<\/strong> 15<\/p>\n","protected":false},"featured_media":3729,"comment_status":"closed","ping_status":"closed","template":"","meta":{"_links_to":"","_links_to_target":""},"product_brand":[],"product_cat":[17],"product_tag":[],"class_list":{"0":"post-19185","1":"product","2":"type-product","3":"status-publish","4":"has-post-thumbnail","6":"product_cat-uncategorized","8":"first","9":"outofstock","10":"sale","11":"virtual","12":"purchasable","13":"product-type-simple"},"_links":{"self":[{"href":"https:\/\/decepenlinea.uprm.edu\/index.php\/wp-json\/wp\/v2\/product\/19185","targetHints":{"allow":["GET"]}}],"collection":[{"href":"https:\/\/decepenlinea.uprm.edu\/index.php\/wp-json\/wp\/v2\/product"}],"about":[{"href":"https:\/\/decepenlinea.uprm.edu\/index.php\/wp-json\/wp\/v2\/types\/product"}],"replies":[{"embeddable":true,"href":"https:\/\/decepenlinea.uprm.edu\/index.php\/wp-json\/wp\/v2\/comments?post=19185"}],"wp:featuredmedia":[{"embeddable":true,"href":"https:\/\/decepenlinea.uprm.edu\/index.php\/wp-json\/wp\/v2\/media\/3729"}],"wp:attachment":[{"href":"https:\/\/decepenlinea.uprm.edu\/index.php\/wp-json\/wp\/v2\/media?parent=19185"}],"wp:term":[{"taxonomy":"product_brand","embeddable":true,"href":"https:\/\/decepenlinea.uprm.edu\/index.php\/wp-json\/wp\/v2\/product_brand?post=19185"},{"taxonomy":"product_cat","embeddable":true,"href":"https:\/\/decepenlinea.uprm.edu\/index.php\/wp-json\/wp\/v2\/product_cat?post=19185"},{"taxonomy":"product_tag","embeddable":true,"href":"https:\/\/decepenlinea.uprm.edu\/index.php\/wp-json\/wp\/v2\/product_tag?post=19185"}],"curies":[{"name":"wp","href":"https:\/\/api.w.org\/{rel}","templated":true}]}}