{"id":19178,"date":"2020-12-04T14:48:42","date_gmt":"2020-12-04T18:48:42","guid":{"rendered":"https:\/\/decepenlinea.uprm.edu\/?post_type=product&#038;p=19178"},"modified":"2022-01-25T18:26:58","modified_gmt":"2022-01-25T22:26:58","slug":"creacion-de-paginas-de-internet-para-negocios-con-google-sites-2s-2020-2021","status":"publish","type":"product","link":"https:\/\/decepenlinea.uprm.edu\/index.php\/product\/creacion-de-paginas-de-internet-para-negocios-con-google-sites-2s-2020-2021\/","title":{"rendered":"Creaci\u00f3n de P\u00e1ginas de Internet para Negocios con Google Sites"},"content":{"rendered":"<\/p>\n<p><span lang=\"en-us\" xml:lang=\"en-us\">Las ventas a trav\u00e9s de la Internet ya est\u00e1n globalizadas. Antes solo<br \/>\ngrandes compa\u00f1\u00edas pod\u00edan tener comercio a trav\u00e9s de la Internet. Cada vez es<br \/>\nm\u00e1s f\u00e1cil tener presencial en la Internet incluso para personas individuales.<br \/>\nDe esta manera si est\u00e1s pensado tener un negocio o ya tienes uno y quieres presencia<br \/>\nen la Internet, lo puedes hacer de manera r\u00e1pida y gratuita. Incluso puedes<br \/>\ntener medios para recibir pagos en l\u00ednea. Con este curso crear\u00e1s tu p\u00e1gina de<br \/>\nnegocio completamente gratuita, si necesidad de saber programar. Tambi\u00e9n ver\u00e1s<br \/>\nuna forma simple de a\u00f1adirle ventas y pagos en l\u00ednea con el sistema m\u00e1s<br \/>\nconocido para hacer esto PayPal. Con las destrezas que vas a adquirir en este<br \/>\nmicro curso podr\u00e1s actualizar darle mantenimiento a tu p\u00e1gina si necesidad de<br \/>\ntener que pagarle a otra persona para hacerlo. <\/span><\/p>\n<p><span lang=\"en-us\" xml:lang=\"en-us\">\u00a0<\/span><\/p>\n<p><span lang=\"en-us\" xml:lang=\"en-us\">Este es un micro curso por m\u00f3dulo que te ofrece una micro credencial con<br \/>\ncertificado de 5 horas contacto. El aprendizaje se demuestra mediante pruebas<br \/>\nobjetivas y la tarea de aplicaci\u00f3n final. Este es un curso a tu propio paso y<br \/>\ncuenta con m\u00e1s de 30 videos instruccionales cortos. Una vez tengas acceso no<br \/>\nhay fechas con las cuales cumplir. Podr\u00e1s aprender a tu propio paso. Pero una<br \/>\nvez termines se te otorgar\u00e1 el certificado en formato digital.<\/span><\/p>\n","protected":false},"excerpt":{"rendered":"<p><strong>Instructor:<\/strong> CREAD<\/p>\n<p><strong>Horario:<\/strong> Curso en l\u00ednea &#8211; AUTODIRIGIDO<\/p>\n<p><b>Matricula:<\/b> Hasta el 30 de abril de 2021<\/p>\n<p><b>Acceso al curso:<\/b> Hasta el 16 de mayo de 2021<\/p>\n<p><strong>Equivalencia de horas contacto:<\/strong> 5<\/p>\n<p><strong>Espacios:<\/strong> 15<\/p>\n","protected":false},"featured_media":3745,"comment_status":"closed","ping_status":"closed","template":"","meta":{"_links_to":"","_links_to_target":""},"product_brand":[],"product_cat":[17],"product_tag":[],"class_list":{"0":"post-19178","1":"product","2":"type-product","3":"status-publish","4":"has-post-thumbnail","6":"product_cat-uncategorized","8":"first","9":"outofstock","10":"downloadable","11":"virtual","12":"purchasable","13":"product-type-simple"},"_links":{"self":[{"href":"https:\/\/decepenlinea.uprm.edu\/index.php\/wp-json\/wp\/v2\/product\/19178","targetHints":{"allow":["GET"]}}],"collection":[{"href":"https:\/\/decepenlinea.uprm.edu\/index.php\/wp-json\/wp\/v2\/product"}],"about":[{"href":"https:\/\/decepenlinea.uprm.edu\/index.php\/wp-json\/wp\/v2\/types\/product"}],"replies":[{"embeddable":true,"href":"https:\/\/decepenlinea.uprm.edu\/index.php\/wp-json\/wp\/v2\/comments?post=19178"}],"wp:featuredmedia":[{"embeddable":true,"href":"https:\/\/decepenlinea.uprm.edu\/index.php\/wp-json\/wp\/v2\/media\/3745"}],"wp:attachment":[{"href":"https:\/\/decepenlinea.uprm.edu\/index.php\/wp-json\/wp\/v2\/media?parent=19178"}],"wp:term":[{"taxonomy":"product_brand","embeddable":true,"href":"https:\/\/decepenlinea.uprm.edu\/index.php\/wp-json\/wp\/v2\/product_brand?post=19178"},{"taxonomy":"product_cat","embeddable":true,"href":"https:\/\/decepenlinea.uprm.edu\/index.php\/wp-json\/wp\/v2\/product_cat?post=19178"},{"taxonomy":"product_tag","embeddable":true,"href":"https:\/\/decepenlinea.uprm.edu\/index.php\/wp-json\/wp\/v2\/product_tag?post=19178"}],"curies":[{"name":"wp","href":"https:\/\/api.w.org\/{rel}","templated":true}]}}