{"id":19177,"date":"2020-12-04T14:26:49","date_gmt":"2020-12-04T18:26:49","guid":{"rendered":"https:\/\/decepenlinea.uprm.edu\/?post_type=product&#038;p=19177"},"modified":"2022-01-25T18:26:58","modified_gmt":"2022-01-25T22:26:58","slug":"crea-tu-portafolio-electronico-con-google-sites-2s-2020-2021","status":"publish","type":"product","link":"https:\/\/decepenlinea.uprm.edu\/index.php\/product\/crea-tu-portafolio-electronico-con-google-sites-2s-2020-2021\/","title":{"rendered":"Crea tu Portafolio Electr\u00f3nico con Google Sites"},"content":{"rendered":"<\/p>\n<p><span lang=\"en-us\" xml:lang=\"en-us\">Cada vez m\u00e1s se habla de marca personal. Las universidades lo solicitan<br \/>\npara las admisiones a estudios graduados y los empleadores prefieren tener tus<br \/>\nexperiencias y referencias en una sola direcci\u00f3n de de Internet (URL). Los<br \/>\nportafolios electr\u00f3nicos son mucho m\u00e1s que un resume o un curr\u00edculum vitae.<br \/>\nPuedes colocar en ellos evidencias de logros y credenciales en documentos,<br \/>\nim\u00e1genes y hasta v\u00eddeo. En este curso se describe la importancia de tener un<br \/>\nportafolio electr\u00f3nico, se establecen las caracter\u00edsticas que hacen a Google<br \/>\nSites la herramienta id\u00f3nea para hacer esto. Luego mediante videos tutoriales<br \/>\nse lleva paso a paso al participante a crear la estructura de su portafolio<br \/>\nelectr\u00f3nico mientras se le hacen recomendaciones de los componentes y elementos<br \/>\nque debe podr\u00eda o debe tener su portafolio. Este es un curso autodirigido. No<br \/>\ntiene fechas para completar las tareas. Una vez termines las tareas se emitir\u00e1<br \/>\nun certificado equivalente a 3 horas contacto.<\/span><\/p>\n","protected":false},"excerpt":{"rendered":"<p><strong>Instructor:<\/strong> CREAD<\/p>\n<p><strong>Horario:<\/strong> Curso en l\u00ednea &#8211; AUTODIRIGIDO<\/p>\n<p><b>Matricula:<\/b> Hasta el 30 de abril de 2021<\/p>\n<p><b>Acceso al curso:<\/b> Hasta el 16 de mayo de 2021<\/p>\n<p><strong>Equivalencia de horas contacto:<\/strong> 3<\/p>\n<p><strong>Espacios:<\/strong> 15<\/p>\n","protected":false},"featured_media":3745,"comment_status":"closed","ping_status":"closed","template":"","meta":{"_links_to":"","_links_to_target":""},"product_brand":[],"product_cat":[17],"product_tag":[],"class_list":{"0":"post-19177","1":"product","2":"type-product","3":"status-publish","4":"has-post-thumbnail","6":"product_cat-uncategorized","8":"first","9":"outofstock","10":"downloadable","11":"virtual","12":"purchasable","13":"product-type-simple"},"_links":{"self":[{"href":"https:\/\/decepenlinea.uprm.edu\/index.php\/wp-json\/wp\/v2\/product\/19177","targetHints":{"allow":["GET"]}}],"collection":[{"href":"https:\/\/decepenlinea.uprm.edu\/index.php\/wp-json\/wp\/v2\/product"}],"about":[{"href":"https:\/\/decepenlinea.uprm.edu\/index.php\/wp-json\/wp\/v2\/types\/product"}],"replies":[{"embeddable":true,"href":"https:\/\/decepenlinea.uprm.edu\/index.php\/wp-json\/wp\/v2\/comments?post=19177"}],"wp:featuredmedia":[{"embeddable":true,"href":"https:\/\/decepenlinea.uprm.edu\/index.php\/wp-json\/wp\/v2\/media\/3745"}],"wp:attachment":[{"href":"https:\/\/decepenlinea.uprm.edu\/index.php\/wp-json\/wp\/v2\/media?parent=19177"}],"wp:term":[{"taxonomy":"product_brand","embeddable":true,"href":"https:\/\/decepenlinea.uprm.edu\/index.php\/wp-json\/wp\/v2\/product_brand?post=19177"},{"taxonomy":"product_cat","embeddable":true,"href":"https:\/\/decepenlinea.uprm.edu\/index.php\/wp-json\/wp\/v2\/product_cat?post=19177"},{"taxonomy":"product_tag","embeddable":true,"href":"https:\/\/decepenlinea.uprm.edu\/index.php\/wp-json\/wp\/v2\/product_tag?post=19177"}],"curies":[{"name":"wp","href":"https:\/\/api.w.org\/{rel}","templated":true}]}}