{"id":17869,"date":"2020-10-19T16:15:05","date_gmt":"2020-10-19T20:15:05","guid":{"rendered":"https:\/\/decepenlinea.uprm.edu\/?post_type=product&#038;p=17869"},"modified":"2022-01-25T18:26:58","modified_gmt":"2022-01-25T22:26:58","slug":"y-tu-que-cuentas-introduccion-a-la-redaccion-creativa","status":"publish","type":"product","link":"https:\/\/decepenlinea.uprm.edu\/index.php\/product\/y-tu-que-cuentas-introduccion-a-la-redaccion-creativa\/","title":{"rendered":"Y t\u00fa, \u00bfqu\u00e9 cuentas?: Introducci\u00f3n a la redacci\u00f3n creativa"},"content":{"rendered":"","protected":false},"excerpt":{"rendered":"<p>Precio especial de lanzamiento del curso para los primeros 10 participantes en matricularse.<\/p>\n<p>Instructor: Vibeke Betances<\/p>\n<p>Horario: Curso en l\u00ednea \u2013 MODERADO<\/p>\n<p>Fecha del curso: 26 de abril al 7 de junio de 2021<\/p>\n<p>Equivalencia de horas contacto: 30<\/p>\n<p>Espacios: 15<\/p>\n<p>Matr\u00edcula: Hasta el 24 de abril de 2021<\/p>\n","protected":false},"featured_media":17871,"comment_status":"closed","ping_status":"closed","template":"","meta":{"_links_to":"","_links_to_target":""},"product_brand":[],"product_cat":[17],"product_tag":[],"class_list":{"0":"post-17869","1":"product","2":"type-product","3":"status-publish","4":"has-post-thumbnail","6":"product_cat-uncategorized","8":"first","9":"outofstock","10":"shipping-taxable","11":"purchasable","12":"product-type-simple"},"_links":{"self":[{"href":"https:\/\/decepenlinea.uprm.edu\/index.php\/wp-json\/wp\/v2\/product\/17869","targetHints":{"allow":["GET"]}}],"collection":[{"href":"https:\/\/decepenlinea.uprm.edu\/index.php\/wp-json\/wp\/v2\/product"}],"about":[{"href":"https:\/\/decepenlinea.uprm.edu\/index.php\/wp-json\/wp\/v2\/types\/product"}],"replies":[{"embeddable":true,"href":"https:\/\/decepenlinea.uprm.edu\/index.php\/wp-json\/wp\/v2\/comments?post=17869"}],"wp:featuredmedia":[{"embeddable":true,"href":"https:\/\/decepenlinea.uprm.edu\/index.php\/wp-json\/wp\/v2\/media\/17871"}],"wp:attachment":[{"href":"https:\/\/decepenlinea.uprm.edu\/index.php\/wp-json\/wp\/v2\/media?parent=17869"}],"wp:term":[{"taxonomy":"product_brand","embeddable":true,"href":"https:\/\/decepenlinea.uprm.edu\/index.php\/wp-json\/wp\/v2\/product_brand?post=17869"},{"taxonomy":"product_cat","embeddable":true,"href":"https:\/\/decepenlinea.uprm.edu\/index.php\/wp-json\/wp\/v2\/product_cat?post=17869"},{"taxonomy":"product_tag","embeddable":true,"href":"https:\/\/decepenlinea.uprm.edu\/index.php\/wp-json\/wp\/v2\/product_tag?post=17869"}],"curies":[{"name":"wp","href":"https:\/\/api.w.org\/{rel}","templated":true}]}}