{"id":16971,"date":"2020-09-07T22:11:12","date_gmt":"2020-09-08T02:11:12","guid":{"rendered":"https:\/\/decepenlinea.uprm.edu\/?post_type=product&#038;p=16971"},"modified":"2020-12-04T16:45:41","modified_gmt":"2020-12-04T20:45:41","slug":"introduccion-a-la-ciberseguridad-cybersecurity-descuento-de-empleado","status":"publish","type":"product","link":"https:\/\/decepenlinea.uprm.edu\/index.php\/product\/introduccion-a-la-ciberseguridad-cybersecurity-descuento-de-empleado\/","title":{"rendered":"Introducci\u00f3n a la Ciberseguridad \/ CyberSecurity (Descuento de empleado)"},"content":{"rendered":"<p>El enfoque del curso de Introducci\u00f3n a la Ciberseguridad, es explorar el campo de la ciberseguridad.<\/p>\n<p>Algunas capacidades obtenidas durante el curso, son las siguientes:<\/p>\n<ul>\n<li>Aprender\u00e1 los aspectos de estar seguro en l\u00ednea.<\/li>\n<li>Aprender\u00e1 sobre los diferentes tipos de malware y ataques, y c\u00f3mo las organizaciones se protegen contra ellos.<\/li>\n<li>Explorar\u00e1 las opciones profesionales en ciberseguridad.<\/li>\n<\/ul>\n<p>Al finalizar este curso, usted sabr\u00e1 m\u00e1s acerca de la importancia de estar seguro en l\u00ednea, de las consecuencias potenciales de los ciberataques y de las posibles opciones profesionales en ciberseguridad.<\/p>\n<p>Este es un curso moderado con una equivalencia de 15 horas contacto donde demuestras tus conocimientos y destrezas adquiridas mediante pruebas objetivas y tareas.<\/p>\n<p>Se espera que cada semana completes una lecci\u00f3n. El instructor te guiar\u00e1 en este proceso. Debes completar cada una de las tareas en o antes de las fechas estipuladas. Al completar el curso con la puntuaci\u00f3n m\u00ednima requerida obtendr\u00e1s el certificado que as\u00ed lo valida. Una vez pases por el proceso de pago tendr\u00e1s acceso al Sistema de Gerencia de Aprendizaje de la clase, pero no tendr\u00e1s acceso al contenido hasta la fecha de comienzo del curso.<\/p>\n<p><strong>Este curso fue dise\u00f1ado por Cisco Network Academy y se puede tomar en cualquiera de los siguientes idiomas: espa\u00f1ol, ingl\u00e9s y franc\u00e9s.<\/strong><\/p>\n<p><strong>*El certificado del curso se enviar\u00e1 digital por correo electr\u00f3nico.<\/strong><\/p>\n<p>&nbsp;<\/p>\n","protected":false},"excerpt":{"rendered":"<p><strong>Instructor:<\/strong> Luis Lugo<\/p>\n<p><strong>Horario:<\/strong> Curso en l\u00ednea &#8211; MODERADO<\/p>\n<p><b>Matricula:<\/b> Hasta el 15 de septiembre de 2020.<\/p>\n<p><b>Fecha del curso:<\/b>\u00a0 17 de septiembre al 4 de noviembre de 2020.<\/p>\n<p><strong>Equivalencia de horas contacto:<\/strong> 15<\/p>\n<p><strong>Espacios:<\/strong>\u00a015<\/p>\n","protected":false},"featured_media":3732,"comment_status":"closed","ping_status":"closed","template":"","meta":{"_links_to":"","_links_to_target":""},"product_brand":[],"product_cat":[254],"product_tag":[],"class_list":{"0":"post-16971","1":"product","2":"type-product","3":"status-publish","4":"has-post-thumbnail","6":"product_cat-upr-mayaguez","8":"first","9":"outofstock","10":"sold-individually","11":"shipping-taxable","12":"purchasable","13":"product-type-simple"},"_links":{"self":[{"href":"https:\/\/decepenlinea.uprm.edu\/index.php\/wp-json\/wp\/v2\/product\/16971","targetHints":{"allow":["GET"]}}],"collection":[{"href":"https:\/\/decepenlinea.uprm.edu\/index.php\/wp-json\/wp\/v2\/product"}],"about":[{"href":"https:\/\/decepenlinea.uprm.edu\/index.php\/wp-json\/wp\/v2\/types\/product"}],"replies":[{"embeddable":true,"href":"https:\/\/decepenlinea.uprm.edu\/index.php\/wp-json\/wp\/v2\/comments?post=16971"}],"wp:featuredmedia":[{"embeddable":true,"href":"https:\/\/decepenlinea.uprm.edu\/index.php\/wp-json\/wp\/v2\/media\/3732"}],"wp:attachment":[{"href":"https:\/\/decepenlinea.uprm.edu\/index.php\/wp-json\/wp\/v2\/media?parent=16971"}],"wp:term":[{"taxonomy":"product_brand","embeddable":true,"href":"https:\/\/decepenlinea.uprm.edu\/index.php\/wp-json\/wp\/v2\/product_brand?post=16971"},{"taxonomy":"product_cat","embeddable":true,"href":"https:\/\/decepenlinea.uprm.edu\/index.php\/wp-json\/wp\/v2\/product_cat?post=16971"},{"taxonomy":"product_tag","embeddable":true,"href":"https:\/\/decepenlinea.uprm.edu\/index.php\/wp-json\/wp\/v2\/product_tag?post=16971"}],"curies":[{"name":"wp","href":"https:\/\/api.w.org\/{rel}","templated":true}]}}