{"id":16874,"date":"2020-09-03T17:28:06","date_gmt":"2020-09-03T21:28:06","guid":{"rendered":"https:\/\/decepenlinea.uprm.edu\/?post_type=product&#038;p=16874"},"modified":"2020-09-15T11:50:30","modified_gmt":"2020-09-15T15:50:30","slug":"factura-066-curso-microsoft-teams-universidad-sagrado-corazon","status":"publish","type":"product","link":"https:\/\/decepenlinea.uprm.edu\/index.php\/product\/factura-066-curso-microsoft-teams-universidad-sagrado-corazon\/","title":{"rendered":"Factura #066-Curso Microsoft Teams (Universidad Sagrado Coraz\u00f3n)"},"content":{"rendered":"<p>Pago por Factura #066: Primer semestre 2020-2021. Factura con fecha 3.septiembre.2020:<\/p>\n<p>Curso: Microsoft Teams<br \/>\n5 horas contacto<br \/>\nPeriodo entre el 4 de septiembre al 7 de diciembre de 2020<br \/>\nRecursos: CREAD<\/p>\n<p>70 participantes @ $50.00 c\/u = $3,500.00<\/p>\n<p>Como parte de nuestra secuencia de capacitaciones de Teletrabajo, y a petici\u00f3n popular, llega a ustedes el curso de Microsoft Teams. Este es un programado de trabajo colaborativo en l\u00ednea centrado en las comunicaciones con el elemento de video llamada o videoconferencia como el m\u00e1s importante. Pero es mucho m\u00e1s. Permite crear equipos de trabajo, canales dentro de los equipos, compartir documentos, im\u00e1genes, gr\u00e1ficos, enlaces y otros. Tambi\u00e9n permite tener chats privados y p\u00fablicos. Microsoft Teams cuenta tambi\u00e9n con herramientas b\u00e1sicas para los procesos educativos como los son las tareas con r\u00fabricas y pruebas, con una libreta de calificaciones. Microsoft Teams cuenta con un calendario interactivo que permitir\u00e1 coordinar todos tus eventos de trabajo a distancia, entre otras herramientas de colaboraci\u00f3n sincr\u00f3nica y asincr\u00f3nica. Como es de esperarse, Microsoft Teams permite una integraci\u00f3n perfecta con todo el ambiente de productividad de Microsoft Office 365.<\/p>\n<p>Este es un curso autodirigido con una equivalencia de 5 horas de aprendizaje, que conlleva un certificado de aprobaci\u00f3n mediante examen con un 70% o m\u00e1s de ejecuci\u00f3n. Puedes aprender a tu propio paso e inmediatamente apruebes tendr\u00e1s la evidencia de tu capacitaci\u00f3n con un certificado seriado del Centro de Recursos para la Educaci\u00f3n a Distancia de la UPR-RUM.<\/p>\n<p>Podr\u00e1s estudiar a tu propio paso y una vez tengas acceso no hay fechas con las cuales cumplir para las tareas. Solo debes completar el curso antes de concluir el semestre. Tendr\u00e1s acceso al curso inmediatamente pases por el proceso de pago.<\/p>\n<p><strong>*El certificado del curso se enviar\u00e1 digital por correo electr\u00f3nico.<\/strong><\/p>\n","protected":false},"excerpt":{"rendered":"<p>Pago por Factura #066: Primer semestre 2020-2021. Factura con fecha 3.septiembre.2020:<\/p>\n<p>Curso: Microsoft Teams<br \/>\n5 horas contacto<br \/>\nPeriodo entre el 4 de septiembre al 7 de diciembre de 2020<br \/>\nRecursos: CREAD<\/p>\n<p>70 participantes @ $50.00 c\/u = $3,500.00<\/p>\n","protected":false},"featured_media":0,"comment_status":"closed","ping_status":"closed","template":"","meta":{"_links_to":"","_links_to_target":""},"product_brand":[],"product_cat":[17],"product_tag":[],"class_list":{"0":"post-16874","1":"product","2":"type-product","3":"status-publish","5":"product_cat-uncategorized","7":"first","8":"outofstock","9":"shipping-taxable","10":"purchasable","11":"product-type-simple"},"_links":{"self":[{"href":"https:\/\/decepenlinea.uprm.edu\/index.php\/wp-json\/wp\/v2\/product\/16874","targetHints":{"allow":["GET"]}}],"collection":[{"href":"https:\/\/decepenlinea.uprm.edu\/index.php\/wp-json\/wp\/v2\/product"}],"about":[{"href":"https:\/\/decepenlinea.uprm.edu\/index.php\/wp-json\/wp\/v2\/types\/product"}],"replies":[{"embeddable":true,"href":"https:\/\/decepenlinea.uprm.edu\/index.php\/wp-json\/wp\/v2\/comments?post=16874"}],"wp:attachment":[{"href":"https:\/\/decepenlinea.uprm.edu\/index.php\/wp-json\/wp\/v2\/media?parent=16874"}],"wp:term":[{"taxonomy":"product_brand","embeddable":true,"href":"https:\/\/decepenlinea.uprm.edu\/index.php\/wp-json\/wp\/v2\/product_brand?post=16874"},{"taxonomy":"product_cat","embeddable":true,"href":"https:\/\/decepenlinea.uprm.edu\/index.php\/wp-json\/wp\/v2\/product_cat?post=16874"},{"taxonomy":"product_tag","embeddable":true,"href":"https:\/\/decepenlinea.uprm.edu\/index.php\/wp-json\/wp\/v2\/product_tag?post=16874"}],"curies":[{"name":"wp","href":"https:\/\/api.w.org\/{rel}","templated":true}]}}