{"id":16869,"date":"2020-09-03T14:29:39","date_gmt":"2020-09-03T18:29:39","guid":{"rendered":"https:\/\/decepenlinea.uprm.edu\/?post_type=product&#038;p=16869"},"modified":"2020-09-04T17:42:39","modified_gmt":"2020-09-04T21:42:39","slug":"factura-065-curso-creacion-de-cursos-en-linea-con-un-modelo-orientado-al-cerebro-escuela-tecnica-de-electricidad","status":"publish","type":"product","link":"https:\/\/decepenlinea.uprm.edu\/index.php\/product\/factura-065-curso-creacion-de-cursos-en-linea-con-un-modelo-orientado-al-cerebro-escuela-tecnica-de-electricidad\/","title":{"rendered":"Factura #065-Curso Creaci\u00f3n de Cursos en L\u00ednea con un Modelo Orientado al Cerebro (Escuela T\u00e9cnica de Electricidad)"},"content":{"rendered":"<p>Pago por Factura #065: Primer semestre 2020-2021. Factura con fecha 3.septiembre.2020:<\/p>\n<p>Curso: Creaci\u00f3n de Cursos en L\u00ednea con un Modelo Orientado al Cerebro<br \/>\n22.5 horas contacto \/ 9 de septiembre al 27 de octubre de 2020<br \/>\nRecursos: Dr. Jos\u00e9 R. Ferrer<\/p>\n<p>29 participantes @ $195.00 c\/u = $5,655.00<\/p>\n<p>Creaci\u00f3n, desarrollo y administraci\u00f3n de un curso en l\u00ednea tomando en consideraci\u00f3n los m\u00e1s recientes hallazgos en neurociencias de c\u00f3mo aprende el cerebro. Se discute el efecto de las emociones, el dise\u00f1o del curso, la organizaci\u00f3n, la est\u00e9tica, la comunicaci\u00f3n y la evaluaci\u00f3n, entre otros en el aprendizaje. Se espera que los estudiantes planifiquen y defiendan varios elementos de un curso en l\u00ednea, haciendo uso de lo aprendido en la clase, incluyendo lecciones, pruebas y actividades de aprendizaje.<\/p>\n<p>Este es un curso moderado con una equivalencia de 22.5 horas contacto donde demuestras tus conocimientos y destrezas adquiridas mediante pruebas objetivas y tareas.<\/p>\n<p>Se espera que cada semana completes una lecci\u00f3n. El instructor te guiar\u00e1 en este proceso. Debes completar cada una de las tareas en o antes de las fechas estipuladas. Al completar el curso con la puntuaci\u00f3n m\u00ednima requerida obtendr\u00e1s el certificado que as\u00ed lo valida. Una vez pases por el proceso de pago tendr\u00e1s acceso al Sistema de Gerencia de Aprendizaje de la clase, pero no tendr\u00e1s acceso al contenido hasta la fecha de comienzo del curso.<\/p>\n<p><strong>*El certificado del curso se enviar\u00e1 digital por correo electr\u00f3nico.<\/strong><\/p>\n<p>Este es uno de los 3 cursos para certificarse como Educador Virtual. Los cursos de la certificaci\u00f3n son:<\/p>\n<ol>\n<li>Creaci\u00f3n de Cursos en L\u00ednea con un Modelo Orientado al Cerebro (22.5 horas)<\/li>\n<li>Dise\u00f1o y Creaci\u00f3n de Materiales Educativos para Cursos en L\u00ednea (22.5 horas)<\/li>\n<li>Pr\u00e1ctica en el Funcionamiento de Moodle 3.3 (15 horas)<\/li>\n<\/ol>\n<p>&nbsp;<\/p>\n","protected":false},"excerpt":{"rendered":"<p>Pago por Factura #065: Primer semestre 2020-2021. Factura con fecha 3.septiembre.2020:<\/p>\n<p>Curso: Creaci\u00f3n de Cursos en L\u00ednea con un Modelo Orientado al Cerebro<br \/>\n22.5 horas contacto \/ 9 de septiembre al 27 de octubre de 2020<br \/>\nRecursos: Dr. Jos\u00e9 R. Ferrer<\/p>\n<p>29 participantes @ $195.00 c\/u = $5,655.00<\/p>\n","protected":false},"featured_media":0,"comment_status":"closed","ping_status":"closed","template":"","meta":{"_links_to":"","_links_to_target":""},"product_brand":[],"product_cat":[17],"product_tag":[],"class_list":{"0":"post-16869","1":"product","2":"type-product","3":"status-publish","5":"product_cat-uncategorized","7":"first","8":"outofstock","9":"shipping-taxable","10":"purchasable","11":"product-type-simple"},"_links":{"self":[{"href":"https:\/\/decepenlinea.uprm.edu\/index.php\/wp-json\/wp\/v2\/product\/16869","targetHints":{"allow":["GET"]}}],"collection":[{"href":"https:\/\/decepenlinea.uprm.edu\/index.php\/wp-json\/wp\/v2\/product"}],"about":[{"href":"https:\/\/decepenlinea.uprm.edu\/index.php\/wp-json\/wp\/v2\/types\/product"}],"replies":[{"embeddable":true,"href":"https:\/\/decepenlinea.uprm.edu\/index.php\/wp-json\/wp\/v2\/comments?post=16869"}],"wp:attachment":[{"href":"https:\/\/decepenlinea.uprm.edu\/index.php\/wp-json\/wp\/v2\/media?parent=16869"}],"wp:term":[{"taxonomy":"product_brand","embeddable":true,"href":"https:\/\/decepenlinea.uprm.edu\/index.php\/wp-json\/wp\/v2\/product_brand?post=16869"},{"taxonomy":"product_cat","embeddable":true,"href":"https:\/\/decepenlinea.uprm.edu\/index.php\/wp-json\/wp\/v2\/product_cat?post=16869"},{"taxonomy":"product_tag","embeddable":true,"href":"https:\/\/decepenlinea.uprm.edu\/index.php\/wp-json\/wp\/v2\/product_tag?post=16869"}],"curies":[{"name":"wp","href":"https:\/\/api.w.org\/{rel}","templated":true}]}}