{"id":16807,"date":"2020-08-31T11:36:04","date_gmt":"2020-08-31T15:36:04","guid":{"rendered":"https:\/\/decepenlinea.uprm.edu\/?post_type=product&#038;p=16807"},"modified":"2020-08-31T14:06:50","modified_gmt":"2020-08-31T18:06:50","slug":"factura-064-grabacion-de-video-con-audio-en-estudio-de-grabacion-con-fondo-verde-colegio-de-quimicos-de-pr-23-julio-2020","status":"publish","type":"product","link":"https:\/\/decepenlinea.uprm.edu\/index.php\/product\/factura-064-grabacion-de-video-con-audio-en-estudio-de-grabacion-con-fondo-verde-colegio-de-quimicos-de-pr-23-julio-2020\/","title":{"rendered":"Factura #064-Grabaci\u00f3n de v\u00eddeo con audio en estudio de grabaci\u00f3n con fondo verde (Colegio de Qu\u00edmicos de PR) (23.julio.2020)"},"content":{"rendered":"<p>Pago por Factura #064: Primer semestre 2020-2021. Factura con fecha 31.agosto.2020:<\/p>\n<p>Grabaci\u00f3n de v\u00eddeo con audio en estudio de grabaci\u00f3n con fondo verde<br \/>\nT\u00e9cnico: Dr. Jos\u00e9 R. Ferrer<br \/>\n23 de julio de 2020<br \/>\n9:00 &#8211; 12:00 md<br \/>\n3 horas uso de estudio @ $25 por hora= $75.00<br \/>\n3 horas uso de t\u00e9cnico @ $25 por hora= $75.00<\/p>\n<p>Total del servicio= $150.00<\/p>\n","protected":false},"excerpt":{"rendered":"<p>Pago por Factura #064: Primer semestre 2020-2021. Factura con fecha 31.agosto.2020:<\/p>\n<p>Grabaci\u00f3n de v\u00eddeo con audio en estudio de grabaci\u00f3n con fondo verde<br \/>\nT\u00e9cnico: Dr. Jos\u00e9 R. Ferrer<br \/>\n23 de julio de 2020<br \/>\n9:00 &#8211; 12:00 md<br \/>\n3 horas uso de estudio @ $25 por hora= $75.00<br \/>\n3 horas uso de t\u00e9cnico @ $25 por hora= $75.00<\/p>\n<p>Total del servicio= $150.00<\/p>\n","protected":false},"featured_media":0,"comment_status":"closed","ping_status":"closed","template":"","meta":{"_links_to":"","_links_to_target":""},"product_brand":[],"product_cat":[17],"product_tag":[],"class_list":{"0":"post-16807","1":"product","2":"type-product","3":"status-publish","5":"product_cat-uncategorized","7":"first","8":"outofstock","9":"shipping-taxable","10":"purchasable","11":"product-type-simple"},"_links":{"self":[{"href":"https:\/\/decepenlinea.uprm.edu\/index.php\/wp-json\/wp\/v2\/product\/16807","targetHints":{"allow":["GET"]}}],"collection":[{"href":"https:\/\/decepenlinea.uprm.edu\/index.php\/wp-json\/wp\/v2\/product"}],"about":[{"href":"https:\/\/decepenlinea.uprm.edu\/index.php\/wp-json\/wp\/v2\/types\/product"}],"replies":[{"embeddable":true,"href":"https:\/\/decepenlinea.uprm.edu\/index.php\/wp-json\/wp\/v2\/comments?post=16807"}],"wp:attachment":[{"href":"https:\/\/decepenlinea.uprm.edu\/index.php\/wp-json\/wp\/v2\/media?parent=16807"}],"wp:term":[{"taxonomy":"product_brand","embeddable":true,"href":"https:\/\/decepenlinea.uprm.edu\/index.php\/wp-json\/wp\/v2\/product_brand?post=16807"},{"taxonomy":"product_cat","embeddable":true,"href":"https:\/\/decepenlinea.uprm.edu\/index.php\/wp-json\/wp\/v2\/product_cat?post=16807"},{"taxonomy":"product_tag","embeddable":true,"href":"https:\/\/decepenlinea.uprm.edu\/index.php\/wp-json\/wp\/v2\/product_tag?post=16807"}],"curies":[{"name":"wp","href":"https:\/\/api.w.org\/{rel}","templated":true}]}}