{"id":16343,"date":"2020-08-07T15:59:31","date_gmt":"2020-08-07T19:59:31","guid":{"rendered":"https:\/\/decepenlinea.uprm.edu\/?post_type=product&#038;p=16343"},"modified":"2020-08-15T08:05:51","modified_gmt":"2020-08-15T12:05:51","slug":"comision-de-matriculados-repaso-para-la-matematica-em","status":"publish","type":"product","link":"https:\/\/decepenlinea.uprm.edu\/index.php\/product\/comision-de-matriculados-repaso-para-la-matematica-em\/","title":{"rendered":"Comisi\u00f3n de matriculados Repaso para la Matem\u00e1tica (EM)"},"content":{"rendered":"<p>Enlace generado para el pago de la comisi\u00f3n establecida (25%) por participante matriculado en los Repasos de Matem\u00e1tica tomados a trav\u00e9s de Enriched Minds.<\/p>\n<p>Participantes matriculados desde el 3 de junio al 20 de julio de 2020. Total de<br \/>\n108 matriculados. <\/p>\n<p>$65.00 X 108 = $7,020.00 X 25% = $1,755.00<\/p>\n","protected":false},"excerpt":{"rendered":"<p>Cantidad de participantes- 108<\/p>\n<p>25% = $1,755.00<\/p>\n","protected":false},"featured_media":3745,"comment_status":"closed","ping_status":"closed","template":"","meta":{"_links_to":"","_links_to_target":""},"product_brand":[],"product_cat":[254],"product_tag":[],"class_list":{"0":"post-16343","1":"product","2":"type-product","3":"status-publish","4":"has-post-thumbnail","6":"product_cat-upr-mayaguez","8":"first","9":"outofstock","10":"shipping-taxable","11":"purchasable","12":"product-type-simple"},"_links":{"self":[{"href":"https:\/\/decepenlinea.uprm.edu\/index.php\/wp-json\/wp\/v2\/product\/16343","targetHints":{"allow":["GET"]}}],"collection":[{"href":"https:\/\/decepenlinea.uprm.edu\/index.php\/wp-json\/wp\/v2\/product"}],"about":[{"href":"https:\/\/decepenlinea.uprm.edu\/index.php\/wp-json\/wp\/v2\/types\/product"}],"replies":[{"embeddable":true,"href":"https:\/\/decepenlinea.uprm.edu\/index.php\/wp-json\/wp\/v2\/comments?post=16343"}],"wp:featuredmedia":[{"embeddable":true,"href":"https:\/\/decepenlinea.uprm.edu\/index.php\/wp-json\/wp\/v2\/media\/3745"}],"wp:attachment":[{"href":"https:\/\/decepenlinea.uprm.edu\/index.php\/wp-json\/wp\/v2\/media?parent=16343"}],"wp:term":[{"taxonomy":"product_brand","embeddable":true,"href":"https:\/\/decepenlinea.uprm.edu\/index.php\/wp-json\/wp\/v2\/product_brand?post=16343"},{"taxonomy":"product_cat","embeddable":true,"href":"https:\/\/decepenlinea.uprm.edu\/index.php\/wp-json\/wp\/v2\/product_cat?post=16343"},{"taxonomy":"product_tag","embeddable":true,"href":"https:\/\/decepenlinea.uprm.edu\/index.php\/wp-json\/wp\/v2\/product_tag?post=16343"}],"curies":[{"name":"wp","href":"https:\/\/api.w.org\/{rel}","templated":true}]}}