{"id":16335,"date":"2020-08-07T08:56:38","date_gmt":"2020-08-07T12:56:38","guid":{"rendered":"https:\/\/decepenlinea.uprm.edu\/?post_type=product&#038;p=16335"},"modified":"2022-01-25T18:26:57","modified_gmt":"2022-01-25T22:26:57","slug":"certificacion-de-educador-virtual-academia-santa-maria-reina","status":"publish","type":"product","link":"https:\/\/decepenlinea.uprm.edu\/index.php\/product\/certificacion-de-educador-virtual-academia-santa-maria-reina\/","title":{"rendered":"Certificaci\u00f3n de Educador Virtual (Academia Santa Mar\u00eda Reina)"},"content":{"rendered":"<\/p>\n<p>Google Classroom es Sistema de Gesti\u00f3n de Aprendizaje<br \/>\ncompletamente gratuito con versi\u00f3n de computadora y aplicaci\u00f3n m\u00f3vil. Este<br \/>\nsistema permite crear clases y compartir con los estudiantes informaci\u00f3n,<br \/>\ntemas, tareas, videos y documentos a dem\u00e1s de que fomenta el aprendizaje activo<br \/>\nya que integra las aplicaciones de colaboraci\u00f3n como procesador de palabras,<br \/>\npresentaciones electr\u00f3nicas, hoja de calculo entre otras completamente en la<br \/>\nnube. En Google Classroom podr\u00e1s administrar tu clase y calificar las tareas de<br \/>\ntus estudiantes. Este es un micro curso por m\u00f3dulos que te ofrece una micro<br \/>\ncredencial con certificado de 3 horas contacto. El aprendizaje se demostrar\u00e1<br \/>\nmediante pruebas objetivas y la tarea de aplicaci\u00f3n final. Este es un curso a<br \/>\ntu propio paso y cuenta con m\u00e1s de 20 videos instruccionales cortos. Una vez<br \/>\ntengas acceso no hay fechas con las cuales cumplir. Una vez cumplas con todas<br \/>\nlas tareas se te otorgar\u00e1 el certificado de participaci\u00f3n.<\/p>\n<p><\/p>\n","protected":false},"excerpt":{"rendered":"<p><strong>Horas Contacto: <\/strong>48<\/p>\n<p><strong>Cantidad de participantes: 25<\/strong><\/p>\n<p>&nbsp;<\/p>\n","protected":false},"featured_media":0,"comment_status":"closed","ping_status":"closed","template":"","meta":{"_links_to":"","_links_to_target":""},"product_brand":[],"product_cat":[17],"product_tag":[],"class_list":{"0":"post-16335","1":"product","2":"type-product","3":"status-publish","5":"product_cat-uncategorized","7":"first","8":"instock","9":"sold-individually","10":"shipping-taxable","11":"purchasable","12":"product-type-simple"},"_links":{"self":[{"href":"https:\/\/decepenlinea.uprm.edu\/index.php\/wp-json\/wp\/v2\/product\/16335","targetHints":{"allow":["GET"]}}],"collection":[{"href":"https:\/\/decepenlinea.uprm.edu\/index.php\/wp-json\/wp\/v2\/product"}],"about":[{"href":"https:\/\/decepenlinea.uprm.edu\/index.php\/wp-json\/wp\/v2\/types\/product"}],"replies":[{"embeddable":true,"href":"https:\/\/decepenlinea.uprm.edu\/index.php\/wp-json\/wp\/v2\/comments?post=16335"}],"wp:attachment":[{"href":"https:\/\/decepenlinea.uprm.edu\/index.php\/wp-json\/wp\/v2\/media?parent=16335"}],"wp:term":[{"taxonomy":"product_brand","embeddable":true,"href":"https:\/\/decepenlinea.uprm.edu\/index.php\/wp-json\/wp\/v2\/product_brand?post=16335"},{"taxonomy":"product_cat","embeddable":true,"href":"https:\/\/decepenlinea.uprm.edu\/index.php\/wp-json\/wp\/v2\/product_cat?post=16335"},{"taxonomy":"product_tag","embeddable":true,"href":"https:\/\/decepenlinea.uprm.edu\/index.php\/wp-json\/wp\/v2\/product_tag?post=16335"}],"curies":[{"name":"wp","href":"https:\/\/api.w.org\/{rel}","templated":true}]}}