{"id":15891,"date":"2020-07-12T21:11:41","date_gmt":"2020-07-13T01:11:41","guid":{"rendered":"https:\/\/decepenlinea.uprm.edu\/?post_type=product&#038;p=15891"},"modified":"2025-12-15T12:27:42","modified_gmt":"2025-12-15T16:27:42","slug":"certificado-el-arte-de-hablar-en-publico","status":"publish","type":"product","link":"https:\/\/decepenlinea.uprm.edu\/index.php\/product\/certificado-el-arte-de-hablar-en-publico\/","title":{"rendered":"Certificado: El Arte de Hablar en P\u00fablico"},"content":{"rendered":"<p>Luego de aprobar el curso, El Arte de Hablar en P\u00fablico, con 70% o m\u00e1s, puede pagar el certificado que ser\u00e1 enviado al correo electr\u00f3nico con el que se matricul\u00f3. Luego del cierre del curso el certificado podr\u00eda tardar hasta dos semanas laborables en ser emitido. Luego de pagar no se realizar\u00e1n devoluciones.<\/p>\n","protected":false},"excerpt":{"rendered":"<p>Luego de aprobar el curso, El Arte de Hablar en P\u00fablico, con 70% o m\u00e1s, puede pagar el certificado que ser\u00e1 enviado al correo electr\u00f3nico con el que se matricul\u00f3. Luego del cierre del curso el certificado podr\u00eda tardar hasta dos semanas laborables en ser emitido. Luego de pagar no se realizar\u00e1n devoluciones. Puede pagar hasta el 1 de noviembre de 2020.<\/p>\n<p>Curso culmina el 30 de octubre de 2020.<\/p>\n","protected":false},"featured_media":3753,"comment_status":"closed","ping_status":"closed","template":"","meta":{"_links_to":"","_links_to_target":""},"product_brand":[],"product_cat":[17],"product_tag":[],"class_list":{"0":"post-15891","1":"product","2":"type-product","3":"status-publish","4":"has-post-thumbnail","6":"product_cat-uncategorized","8":"first","9":"outofstock","10":"sale","11":"downloadable","12":"virtual","13":"purchasable","14":"product-type-simple"},"_links":{"self":[{"href":"https:\/\/decepenlinea.uprm.edu\/index.php\/wp-json\/wp\/v2\/product\/15891","targetHints":{"allow":["GET"]}}],"collection":[{"href":"https:\/\/decepenlinea.uprm.edu\/index.php\/wp-json\/wp\/v2\/product"}],"about":[{"href":"https:\/\/decepenlinea.uprm.edu\/index.php\/wp-json\/wp\/v2\/types\/product"}],"replies":[{"embeddable":true,"href":"https:\/\/decepenlinea.uprm.edu\/index.php\/wp-json\/wp\/v2\/comments?post=15891"}],"wp:featuredmedia":[{"embeddable":true,"href":"https:\/\/decepenlinea.uprm.edu\/index.php\/wp-json\/wp\/v2\/media\/3753"}],"wp:attachment":[{"href":"https:\/\/decepenlinea.uprm.edu\/index.php\/wp-json\/wp\/v2\/media?parent=15891"}],"wp:term":[{"taxonomy":"product_brand","embeddable":true,"href":"https:\/\/decepenlinea.uprm.edu\/index.php\/wp-json\/wp\/v2\/product_brand?post=15891"},{"taxonomy":"product_cat","embeddable":true,"href":"https:\/\/decepenlinea.uprm.edu\/index.php\/wp-json\/wp\/v2\/product_cat?post=15891"},{"taxonomy":"product_tag","embeddable":true,"href":"https:\/\/decepenlinea.uprm.edu\/index.php\/wp-json\/wp\/v2\/product_tag?post=15891"}],"curies":[{"name":"wp","href":"https:\/\/api.w.org\/{rel}","templated":true}]}}