{"id":15782,"date":"2020-07-10T12:32:51","date_gmt":"2020-07-10T16:32:51","guid":{"rendered":"https:\/\/decepenlinea.uprm.edu\/?post_type=product&#038;p=15782"},"modified":"2022-01-25T18:26:59","modified_gmt":"2022-01-25T22:26:59","slug":"excel-avanzado-para-empresas-2","status":"publish","type":"product","link":"https:\/\/decepenlinea.uprm.edu\/index.php\/product\/excel-avanzado-para-empresas-2\/","title":{"rendered":"Excel Avanzado para Empresas"},"content":{"rendered":"<\/p>\n<p>En este curso el estudiantes adquiere los<br \/>\nconceptos avanzados del uso del programa Microsoft Excel con prop\u00f3sitos<br \/>\nempresariales. Se incluyen temas desde la validaci\u00f3n de datos, formulas de<br \/>\nb\u00fasqueda, s\u00faper formulas, funciones de decisi\u00f3n, tablas pivote hasta formato<br \/>\ncondicional.<\/p>\n","protected":false},"excerpt":{"rendered":"<p><strong>Instructor:<\/strong> Rafael Su\u00e1rez<\/p>\n<p><strong>Horario:<\/strong> Curso en l\u00ednea &#8211; MODERADO<\/p>\n<p><b>Fecha del curso:<\/b> 24 de marzo al 4 de mayo de 2021<\/p>\n<p><strong>Equivalencia de horas contacto:<\/strong> 15<\/p>\n<p><strong>Espacios:<\/strong> 25<\/p>\n<p><b>Matricula:<\/b>\u00a0Hasta el 22 de marzo de 2021<\/p>\n<p>&nbsp;<\/p>\n","protected":false},"featured_media":3750,"comment_status":"closed","ping_status":"closed","template":"","meta":{"_links_to":"","_links_to_target":""},"product_brand":[],"product_cat":[17],"product_tag":[],"class_list":{"0":"post-15782","1":"product","2":"type-product","3":"status-publish","4":"has-post-thumbnail","6":"product_cat-uncategorized","8":"first","9":"outofstock","10":"sold-individually","11":"shipping-taxable","12":"purchasable","13":"product-type-simple"},"_links":{"self":[{"href":"https:\/\/decepenlinea.uprm.edu\/index.php\/wp-json\/wp\/v2\/product\/15782","targetHints":{"allow":["GET"]}}],"collection":[{"href":"https:\/\/decepenlinea.uprm.edu\/index.php\/wp-json\/wp\/v2\/product"}],"about":[{"href":"https:\/\/decepenlinea.uprm.edu\/index.php\/wp-json\/wp\/v2\/types\/product"}],"replies":[{"embeddable":true,"href":"https:\/\/decepenlinea.uprm.edu\/index.php\/wp-json\/wp\/v2\/comments?post=15782"}],"wp:featuredmedia":[{"embeddable":true,"href":"https:\/\/decepenlinea.uprm.edu\/index.php\/wp-json\/wp\/v2\/media\/3750"}],"wp:attachment":[{"href":"https:\/\/decepenlinea.uprm.edu\/index.php\/wp-json\/wp\/v2\/media?parent=15782"}],"wp:term":[{"taxonomy":"product_brand","embeddable":true,"href":"https:\/\/decepenlinea.uprm.edu\/index.php\/wp-json\/wp\/v2\/product_brand?post=15782"},{"taxonomy":"product_cat","embeddable":true,"href":"https:\/\/decepenlinea.uprm.edu\/index.php\/wp-json\/wp\/v2\/product_cat?post=15782"},{"taxonomy":"product_tag","embeddable":true,"href":"https:\/\/decepenlinea.uprm.edu\/index.php\/wp-json\/wp\/v2\/product_tag?post=15782"}],"curies":[{"name":"wp","href":"https:\/\/api.w.org\/{rel}","templated":true}]}}