{"id":15491,"date":"2020-07-02T13:09:58","date_gmt":"2020-07-02T17:09:58","guid":{"rendered":"https:\/\/decepenlinea.uprm.edu\/?post_type=product&#038;p=15491"},"modified":"2022-01-25T18:26:56","modified_gmt":"2022-01-25T22:26:56","slug":"maestros-cooperadores-renovacion-2","status":"publish","type":"product","link":"https:\/\/decepenlinea.uprm.edu\/index.php\/product\/maestros-cooperadores-renovacion-2\/","title":{"rendered":"Maestros Cooperadores &#8211; RENOVACI\u00d3N"},"content":{"rendered":"<\/p>\n<p><span lang=\"en-us\" xml:lang=\"en-us\">Mediante<br \/>\neste curso, se preparar\u00e1n educadores de excelencia en la sala de clases para<br \/>\nsupervisar a los candidatos a maestros de las distintas instituciones<br \/>\nuniversitarias. El mismo abarca desde el nivel preescolar hasta el secundario.<br \/>\nEn el contenido del curso se fomenta el desarrollo de las competencias<br \/>\nnecesarias para realizar una labor de excelencia en la supervisi\u00f3n de los<br \/>\ncandidatos a maestros. Como parte de la experiencia educativa, se har\u00e1 \u00e9nfasis<br \/>\nen el desarrollo de competencias relativas a las tareas de supervisi\u00f3n como lo<br \/>\nson planificaci\u00f3n, orientaci\u00f3n, comunicaci\u00f3n, retroalimentaci\u00f3n y evaluaci\u00f3n.<br \/>\nUno de los componentes esenciales del curso, es el an\u00e1lisis de las pol\u00edticas y<br \/>\nlos procedimientos normativos que rigen el Programa de Pr\u00e1ctica Docente del<br \/>\nDepartamento de Educaci\u00f3n de Puerto Rico y de las instituciones universitarias<br \/>\ncon Programas de Preparaci\u00f3n de Maestros. Adem\u00e1s, se discute el modelo<br \/>\nandrag\u00f3gico y los procesos de una pr\u00e1ctica docente facilitadora y pertinente<br \/>\npara el desarrollo profesional del futuro maestro. La modalidad de impartir<br \/>\neste curso puede ser presencial o una combinaci\u00f3n de presencial y en l\u00ednea.<br \/>\nEste curso contar\u00e1 como horas contacto de desarrollo profesional. (Esta<br \/>\ndescripci\u00f3n es la que aparece en el prontuario enviado por el DE de PR. El curso<br \/>\nde renovaci\u00f3n no incluye todos los temas aqu\u00ed mencionados)<\/span><\/p>\n<p><\/p>\n","protected":false},"excerpt":{"rendered":"<p><strong>Instructor:<\/strong> CREAD<\/p>\n<p><strong>Horario:<\/strong> Curso en l\u00ednea &#8211; AUTODIRIGIDO<\/p>\n<p><b>Matricula:<\/b> Hasta el 7 de noviembre de 2020<\/p>\n<p><b>Acceso al curso:<\/b> Hasta el 7 de diciembre de 2020<\/p>\n<p><strong>Equivalencia de horas contacto:<\/strong> 15<\/p>\n<p><strong>Espacios:<\/strong> 15<\/p>\n","protected":false},"featured_media":0,"comment_status":"closed","ping_status":"closed","template":"","meta":{"_links_to":"","_links_to_target":""},"product_brand":[],"product_cat":[17],"product_tag":[],"class_list":{"0":"post-15491","1":"product","2":"type-product","3":"status-publish","5":"product_cat-uncategorized","7":"first","8":"outofstock","9":"downloadable","10":"virtual","11":"sold-individually","12":"purchasable","13":"product-type-simple"},"_links":{"self":[{"href":"https:\/\/decepenlinea.uprm.edu\/index.php\/wp-json\/wp\/v2\/product\/15491","targetHints":{"allow":["GET"]}}],"collection":[{"href":"https:\/\/decepenlinea.uprm.edu\/index.php\/wp-json\/wp\/v2\/product"}],"about":[{"href":"https:\/\/decepenlinea.uprm.edu\/index.php\/wp-json\/wp\/v2\/types\/product"}],"replies":[{"embeddable":true,"href":"https:\/\/decepenlinea.uprm.edu\/index.php\/wp-json\/wp\/v2\/comments?post=15491"}],"wp:attachment":[{"href":"https:\/\/decepenlinea.uprm.edu\/index.php\/wp-json\/wp\/v2\/media?parent=15491"}],"wp:term":[{"taxonomy":"product_brand","embeddable":true,"href":"https:\/\/decepenlinea.uprm.edu\/index.php\/wp-json\/wp\/v2\/product_brand?post=15491"},{"taxonomy":"product_cat","embeddable":true,"href":"https:\/\/decepenlinea.uprm.edu\/index.php\/wp-json\/wp\/v2\/product_cat?post=15491"},{"taxonomy":"product_tag","embeddable":true,"href":"https:\/\/decepenlinea.uprm.edu\/index.php\/wp-json\/wp\/v2\/product_tag?post=15491"}],"curies":[{"name":"wp","href":"https:\/\/api.w.org\/{rel}","templated":true}]}}